{"id":7945,"date":"2024-01-13T15:28:23","date_gmt":"2024-01-13T15:28:23","guid":{"rendered":"https:\/\/thermhex.com\/bauwesen\/"},"modified":"2026-02-09T12:22:33","modified_gmt":"2026-02-09T12:22:33","slug":"bauwesen","status":"publish","type":"page","link":"https:\/\/thermhex.com\/de\/bauwesen\/","title":{"rendered":"Bauen und Konstruktion"},"content":{"rendered":"<!--themify_builder_content-->\n<div id=\"themify_builder_content-7945\" data-postid=\"7945\" class=\"themify_builder_content themify_builder_content-7945 themify_builder tf_clear\">\n                    <div  data-lazy=\"1\" class=\"module_row themify_builder_row tb_3yzb585 tb_first tf_w\">\n                        <div class=\"row_inner col_align_top tb_col_count_1 tf_box tf_rel\">\n                        <div  data-lazy=\"1\" class=\"module_column tb-column col-full tb_fw23586 first\">\n                    <!-- module text -->\n<div  class=\"module module-text tb_r622421   \" data-lazy=\"1\">\n        <div  class=\"tb_text_wrap\">\n        <div class=\"fusion-title title fusion-title-6 fusion-sep-none fusion-title-text fusion-title-size-two fusion-border-below-title\">\n<h2 class=\"fusion-responsive-typography-calculated\" data-fontsize=\"30\" data-lineheight=\"37.5px\">Bauen und Konstruktion<\/h2>\n<\/div>\n<div class=\"fusion-text fusion-text-1\">\n<p>Leichte Sandwichelemente aus ThermHex bieten eine au\u00dfergew\u00f6hnliche Steifigkeit und Festigkeit und sind daher in verschiedenen Komponenten f\u00fcr die Bauindustrie zu finden. Aufgrund ihrer hohen Stabilit\u00e4t sowie Sto\u00df- und Wasserfestigkeit k\u00f6nnen sie problemlos f\u00fcr Fassadenplatten, H\u00e4ngeb\u00fchnen, vorgefertigte modulare Konstruktionen und Container, technische T\u00fcren und vieles mehr verwendet werden. Au\u00dferdem sind ThermHex Wabenplatten oft ein direkter Ersatz f\u00fcr Sperrholz.  <\/p>\n<p><strong>Der Wabenkern aus ThermHex PP findet sich in einer wachsenden Anzahl von Produktanwendungen wieder:<\/strong><\/p>\n<ul>\n<li>Schwimmb\u00e4der,<\/li>\n<li>vorgefertigte B\u00e4der (PODS) und Toiletten,<\/li>\n<li>Fassadenelemente,<\/li>\n<li>Leichte W\u00e4nde und Wandverkleidungen,<\/li>\n<li>Bodenbel\u00e4ge und Doppelb\u00f6den,<\/li>\n<li>Unterlage f\u00fcr den Boden,<\/li>\n<li>Schalld\u00e4mmplatten,<\/li>\n<li>Ger\u00fcstb\u00f6den,<\/li>\n<li>Nass- und Reinraum-Elemente,<\/li>\n<li>Schalungsw\u00e4nde,<\/li>\n<li>Industrielle T\u00fcren\/Tore<\/li>\n<li>Vordert\u00fcren<\/li>\n<li>M\u00f6bel (insbesondere f\u00fcr K\u00fcche und Bad), Au\u00dfenm\u00f6bel<\/li>\n<li>Standbauelemente<\/li>\n<li>und vieles mehr\u2026<\/li>\n<\/ul>\n<\/div>    <\/div>\n<\/div>\n<!-- \/module text -->        <div  data-lazy=\"1\" class=\"module_subrow themify_builder_sub_row tf_w col_align_top gutter-narrow tb_col_count_2 tb_s16e873\">\n                <div  data-lazy=\"1\" class=\"module_column sub_column col4-2 tb_7gq0873 first\">\n                    <!-- module image -->\n<div  class=\"module module-image tb_1dbm21 image-top   tf_mw\" data-lazy=\"1\">\n        <div class=\"image-wrap tf_rel tf_mw\">\n            <img loading=\"lazy\" decoding=\"async\" src=\"https:\/\/10408.klecksquadrat.de\/wp-content\/uploads\/2024\/01\/ThermHex_application_building-400x258.jpg.webp\" width=\"400\" height=\"258\" title=\"Bauen und Konstruktion\" alt=\"Bauen und Konstruktion\">    \n        <\/div>\n    <!-- \/image-wrap -->\n    \n        <\/div>\n<!-- \/module image --><!-- module image -->\n<div  class=\"module module-image tb_5f9e348 image-top   tf_mw\" data-lazy=\"1\">\n        <div class=\"image-wrap tf_rel tf_mw\">\n            <img loading=\"lazy\" decoding=\"async\" src=\"https:\/\/10408.klecksquadrat.de\/wp-content\/uploads\/2024\/01\/ThermHex_application_swimmingpool-400x258.jpg.webp\" width=\"400\" height=\"258\" title=\"Bauen und Konstruktion\" alt=\"Bauen und Konstruktion\">    \n        <\/div>\n    <!-- \/image-wrap -->\n    \n        <\/div>\n<!-- \/module image -->        <\/div>\n                    <div  data-lazy=\"1\" class=\"module_column sub_column col4-2 tb_4rg8873 last\">\n                    <!-- module image -->\n<div  class=\"module module-image tb_0yb9115 image-top   tf_mw\" data-lazy=\"1\">\n        <div class=\"image-wrap tf_rel tf_mw\">\n            <img loading=\"lazy\" decoding=\"async\" src=\"https:\/\/10408.klecksquadrat.de\/wp-content\/uploads\/2024\/01\/ThermHex_application_furniture-400x258.jpg.webp\" width=\"400\" height=\"258\" title=\"Bauen und Konstruktion\" alt=\"Bauen und Konstruktion\">    \n        <\/div>\n    <!-- \/image-wrap -->\n    \n        <\/div>\n<!-- \/module image --><!-- module image -->\n<div  class=\"module module-image tb_c952683 image-top   tf_mw\" data-lazy=\"1\">\n        <div class=\"image-wrap tf_rel tf_mw\">\n            <img loading=\"lazy\" decoding=\"async\" src=\"https:\/\/10408.klecksquadrat.de\/wp-content\/uploads\/2024\/01\/ThermHex_application_interior-400x258.jpg.webp\" width=\"400\" height=\"258\" title=\"Bauen und Konstruktion\" alt=\"Bauen und Konstruktion\">    \n        <\/div>\n    <!-- \/image-wrap -->\n    \n        <\/div>\n<!-- \/module image -->        <\/div>\n                    <\/div>\n                <\/div>\n                        <\/div>\n        <\/div>\n        <\/div>\n<!--\/themify_builder_content-->","protected":false},"excerpt":{"rendered":"<p>Bauen und Konstruktion Leichte Sandwichelemente aus ThermHex bieten eine au\u00dfergew\u00f6hnliche Steifigkeit und Festigkeit und sind daher in verschiedenen Komponenten f\u00fcr die Bauindustrie zu finden. Aufgrund ihrer hohen Stabilit\u00e4t sowie Sto\u00df- und Wasserfestigkeit k\u00f6nnen sie problemlos f\u00fcr Fassadenplatten, H\u00e4ngeb\u00fchnen, vorgefertigte modulare Konstruktionen und Container, technische T\u00fcren und vieles mehr verwendet werden. Au\u00dferdem sind ThermHex Wabenplatten oft [&hellip;]<\/p>\n","protected":false},"author":1,"featured_media":0,"parent":0,"menu_order":0,"comment_status":"closed","ping_status":"closed","template":"","meta":{"footnotes":""},"class_list":["post-7945","page","type-page","status-publish","hentry","has-post-title","has-post-date","has-post-category","has-post-tag","has-post-comment","has-post-author",""],"builder_content":"<h2 data-fontsize=\"30\" data-lineheight=\"37.5px\">Bauen und Konstruktion<\/h2>\n<p>Leichte Sandwichelemente aus ThermHex bieten eine au\u00dfergew\u00f6hnliche Steifigkeit und Festigkeit und sind daher in verschiedenen Komponenten f\u00fcr die Bauindustrie zu finden. Aufgrund ihrer hohen Stabilit\u00e4t sowie Sto\u00df- und Wasserfestigkeit k\u00f6nnen sie problemlos f\u00fcr Fassadenplatten, H\u00e4ngeb\u00fchnen, vorgefertigte modulare Konstruktionen und Container, technische T\u00fcren und vieles mehr verwendet werden. Au\u00dferdem sind ThermHex Wabenplatten oft ein direkter Ersatz f\u00fcr Sperrholz. <\/p> <p><strong>Der Wabenkern aus ThermHex PP findet sich in einer wachsenden Anzahl von Produktanwendungen wieder:<\/strong><\/p> <ul> <li>Schwimmb\u00e4der,<\/li> <li>vorgefertigte B\u00e4der (PODS) und Toiletten,<\/li> <li>Fassadenelemente,<\/li> <li>Leichte W\u00e4nde und Wandverkleidungen,<\/li> <li>Bodenbel\u00e4ge und Doppelb\u00f6den,<\/li> <li>Unterlage f\u00fcr den Boden,<\/li> <li>Schalld\u00e4mmplatten,<\/li> <li>Ger\u00fcstb\u00f6den,<\/li> <li>Nass- und Reinraum-Elemente,<\/li> <li>Schalungsw\u00e4nde,<\/li> <li>Industrielle T\u00fcren\/Tore<\/li> <li>Vordert\u00fcren<\/li> <li>M\u00f6bel (insbesondere f\u00fcr K\u00fcche und Bad), Au\u00dfenm\u00f6bel<\/li> <li>Standbauelemente<\/li> <li>und vieles mehr\u2026<\/li> <\/ul>\n<img src=\"https:\/\/10408.klecksquadrat.de\/wp-content\/uploads\/2024\/01\/ThermHex_application_building-400x258.jpg.webp\" width=\"400\" height=\"258\" title=\"Bauen und Konstruktion\" alt=\"Bauen und Konstruktion\">\n<img src=\"https:\/\/10408.klecksquadrat.de\/wp-content\/uploads\/2024\/01\/ThermHex_application_swimmingpool-400x258.jpg.webp\" width=\"400\" height=\"258\" title=\"Bauen und Konstruktion\" alt=\"Bauen und Konstruktion\">\n<img src=\"https:\/\/10408.klecksquadrat.de\/wp-content\/uploads\/2024\/01\/ThermHex_application_furniture-400x258.jpg.webp\" width=\"400\" height=\"258\" title=\"Bauen und Konstruktion\" alt=\"Bauen und Konstruktion\">\n<img src=\"https:\/\/10408.klecksquadrat.de\/wp-content\/uploads\/2024\/01\/ThermHex_application_interior-400x258.jpg.webp\" width=\"400\" height=\"258\" title=\"Bauen und Konstruktion\" alt=\"Bauen und Konstruktion\">","_links":{"self":[{"href":"https:\/\/thermhex.com\/de\/wp-json\/wp\/v2\/pages\/7945","targetHints":{"allow":["GET"]}}],"collection":[{"href":"https:\/\/thermhex.com\/de\/wp-json\/wp\/v2\/pages"}],"about":[{"href":"https:\/\/thermhex.com\/de\/wp-json\/wp\/v2\/types\/page"}],"author":[{"embeddable":true,"href":"https:\/\/thermhex.com\/de\/wp-json\/wp\/v2\/users\/1"}],"replies":[{"embeddable":true,"href":"https:\/\/thermhex.com\/de\/wp-json\/wp\/v2\/comments?post=7945"}],"version-history":[{"count":2,"href":"https:\/\/thermhex.com\/de\/wp-json\/wp\/v2\/pages\/7945\/revisions"}],"predecessor-version":[{"id":9712,"href":"https:\/\/thermhex.com\/de\/wp-json\/wp\/v2\/pages\/7945\/revisions\/9712"}],"wp:attachment":[{"href":"https:\/\/thermhex.com\/de\/wp-json\/wp\/v2\/media?parent=7945"}],"curies":[{"name":"wp","href":"https:\/\/api.w.org\/{rel}","templated":true}]}}