{"id":7949,"date":"2024-01-13T15:22:43","date_gmt":"2024-01-13T15:22:43","guid":{"rendered":"https:\/\/thermhex.com\/boots-yacht-und-schiffsbau\/"},"modified":"2026-02-09T11:59:50","modified_gmt":"2026-02-09T11:59:50","slug":"boots-yacht-und-schiffsbau","status":"publish","type":"page","link":"https:\/\/thermhex.com\/de\/boots-yacht-und-schiffsbau\/","title":{"rendered":"Boote, Yachten und Schiffe"},"content":{"rendered":"<!--themify_builder_content-->\n<div id=\"themify_builder_content-7949\" data-postid=\"7949\" class=\"themify_builder_content themify_builder_content-7949 themify_builder tf_clear\">\n                    <div  data-lazy=\"1\" class=\"module_row themify_builder_row tb_82nj289 tb_first tf_w\">\n                        <div class=\"row_inner col_align_top tb_col_count_1 tf_box tf_rel\">\n                        <div  data-lazy=\"1\" class=\"module_column tb-column col-full tb_52wl289 first\">\n                    <!-- module text -->\n<div  class=\"module module-text tb_6otr271   \" data-lazy=\"1\">\n        <div  class=\"tb_text_wrap\">\n        <div class=\"fusion-title title fusion-title-6 fusion-sep-none fusion-title-text fusion-title-size-two fusion-border-below-title\">\n<h2 class=\"fusion-responsive-typography-calculated\" data-fontsize=\"30\" data-lineheight=\"37.5px\">Boote, Yachten und Schiffe<\/h2>\n<\/div>\n<div class=\"fusion-text fusion-text-1\">\n<p>Wabenf\u00f6rmige Verbundwerkstoffelemente als Teil eines Schiffes k\u00f6nnen das Gewicht um Tonnen reduzieren, was dazu beitr\u00e4gt, den Treibstoffverbrauch zu senken und das Schiff gleichzeitig sicherer zu machen. Nicht nur in hochmodernen Superyachten werden zunehmend Wabenkernplatten verwendet, um die erwarteten hohen Leistungsniveaus zu erf\u00fcllen.<br>Bootskomponenten aus Verbundplatten mit ThermHex PP-Waben bieten neben einer erheblichen Gewichtseinsparung auch St\u00e4rke und Haltbarkeit. <\/p>\n<p><strong>Aktuelle Anwendungen in der Schifffahrt sind z.B.: <\/strong><br>\u2013 T\u00fcren<br>\u2013 Cockpitb\u00f6den<br>\u2013 Innenausbau, M\u00f6bel und M\u00f6belkomponenten<br>\u2013 Schalld\u00e4mmung<br>\u2013 Verst\u00e4rkung von Decks und Deckspaneelen<br>und sogar strukturelle oder dekorative Schotts.<\/p>\n<\/div>    <\/div>\n<\/div>\n<!-- \/module text -->        <div  data-lazy=\"1\" class=\"module_subrow themify_builder_sub_row tf_w col_align_top gutter-narrow tb_col_count_2 tb_tvli578\">\n                <div  data-lazy=\"1\" class=\"module_column sub_column col4-2 tb_k6q3578 first\">\n                    <!-- module image -->\n<div  class=\"module module-image tb_0367294 image-top   tf_mw\" data-lazy=\"1\">\n        <div class=\"image-wrap tf_rel tf_mw\">\n            <img loading=\"lazy\" decoding=\"async\" src=\"https:\/\/10408.klecksquadrat.de\/wp-content\/uploads\/2024\/01\/ThermHex_application_marine-400x258.jpg.webp\" width=\"400\" height=\"258\" title=\"Boote, Yachten und Schiffe\" alt=\"Boote, Yachten und Schiffe\">    \n        <\/div>\n    <!-- \/image-wrap -->\n    \n        <\/div>\n<!-- \/module image -->        <\/div>\n                    <div  data-lazy=\"1\" class=\"module_column sub_column col4-2 tb_r2ik579 last\">\n                    <!-- module image -->\n<div  class=\"module module-image tb_zek979 image-top   tf_mw\" data-lazy=\"1\">\n        <div class=\"image-wrap tf_rel tf_mw\">\n            <img loading=\"lazy\" decoding=\"async\" src=\"https:\/\/10408.klecksquadrat.de\/wp-content\/uploads\/2024\/01\/ThermHex_application_yachting-400x258.jpg.webp\" width=\"400\" height=\"258\" title=\"Boote, Yachten und Schiffe\" alt=\"Boote, Yachten und Schiffe\">    \n        <\/div>\n    <!-- \/image-wrap -->\n    \n        <\/div>\n<!-- \/module image -->        <\/div>\n                    <\/div>\n                <\/div>\n                        <\/div>\n        <\/div>\n        <\/div>\n<!--\/themify_builder_content-->","protected":false},"excerpt":{"rendered":"<p>Boote, Yachten und Schiffe Wabenf\u00f6rmige Verbundwerkstoffelemente als Teil eines Schiffes k\u00f6nnen das Gewicht um Tonnen reduzieren, was dazu beitr\u00e4gt, den Treibstoffverbrauch zu senken und das Schiff gleichzeitig sicherer zu machen. Nicht nur in hochmodernen Superyachten werden zunehmend Wabenkernplatten verwendet, um die erwarteten hohen Leistungsniveaus zu erf\u00fcllen.Bootskomponenten aus Verbundplatten mit ThermHex PP-Waben bieten neben einer erheblichen [&hellip;]<\/p>\n","protected":false},"author":1,"featured_media":0,"parent":0,"menu_order":0,"comment_status":"closed","ping_status":"closed","template":"","meta":{"footnotes":""},"class_list":["post-7949","page","type-page","status-publish","hentry","has-post-title","has-post-date","has-post-category","has-post-tag","has-post-comment","has-post-author",""],"builder_content":"<h2 data-fontsize=\"30\" data-lineheight=\"37.5px\">Boote, Yachten und Schiffe<\/h2>\n<p>Wabenf\u00f6rmige Verbundwerkstoffelemente als Teil eines Schiffes k\u00f6nnen das Gewicht um Tonnen reduzieren, was dazu beitr\u00e4gt, den Treibstoffverbrauch zu senken und das Schiff gleichzeitig sicherer zu machen. Nicht nur in hochmodernen Superyachten werden zunehmend Wabenkernplatten verwendet, um die erwarteten hohen Leistungsniveaus zu erf\u00fcllen.<br>Bootskomponenten aus Verbundplatten mit ThermHex PP-Waben bieten neben einer erheblichen Gewichtseinsparung auch St\u00e4rke und Haltbarkeit. <\/p> <p><strong>Aktuelle Anwendungen in der Schifffahrt sind z.B.: <\/strong><br>\u2013 T\u00fcren<br>\u2013 Cockpitb\u00f6den<br>\u2013 Innenausbau, M\u00f6bel und M\u00f6belkomponenten<br>\u2013 Schalld\u00e4mmung<br>\u2013 Verst\u00e4rkung von Decks und Deckspaneelen<br>und sogar strukturelle oder dekorative Schotts.<\/p>\n<img src=\"https:\/\/10408.klecksquadrat.de\/wp-content\/uploads\/2024\/01\/ThermHex_application_marine-400x258.jpg.webp\" width=\"400\" height=\"258\" title=\"Boote, Yachten und Schiffe\" alt=\"Boote, Yachten und Schiffe\">\n<img src=\"https:\/\/10408.klecksquadrat.de\/wp-content\/uploads\/2024\/01\/ThermHex_application_yachting-400x258.jpg.webp\" width=\"400\" height=\"258\" title=\"Boote, Yachten und Schiffe\" alt=\"Boote, Yachten und Schiffe\">","_links":{"self":[{"href":"https:\/\/thermhex.com\/de\/wp-json\/wp\/v2\/pages\/7949","targetHints":{"allow":["GET"]}}],"collection":[{"href":"https:\/\/thermhex.com\/de\/wp-json\/wp\/v2\/pages"}],"about":[{"href":"https:\/\/thermhex.com\/de\/wp-json\/wp\/v2\/types\/page"}],"author":[{"embeddable":true,"href":"https:\/\/thermhex.com\/de\/wp-json\/wp\/v2\/users\/1"}],"replies":[{"embeddable":true,"href":"https:\/\/thermhex.com\/de\/wp-json\/wp\/v2\/comments?post=7949"}],"version-history":[{"count":3,"href":"https:\/\/thermhex.com\/de\/wp-json\/wp\/v2\/pages\/7949\/revisions"}],"predecessor-version":[{"id":9703,"href":"https:\/\/thermhex.com\/de\/wp-json\/wp\/v2\/pages\/7949\/revisions\/9703"}],"wp:attachment":[{"href":"https:\/\/thermhex.com\/de\/wp-json\/wp\/v2\/media?parent=7949"}],"curies":[{"name":"wp","href":"https:\/\/api.w.org\/{rel}","templated":true}]}}