{"id":7951,"date":"2024-01-13T14:34:49","date_gmt":"2024-01-13T14:34:49","guid":{"rendered":"https:\/\/thermhex.com\/broschueren-und-informationsblaetter\/"},"modified":"2026-04-24T13:23:06","modified_gmt":"2026-04-24T13:23:06","slug":"broschueren-und-informationsblaetter","status":"publish","type":"page","link":"https:\/\/thermhex.com\/de\/broschueren-und-informationsblaetter\/","title":{"rendered":"Brosch\u00fcren und Informationsflyer"},"content":{"rendered":"<!--themify_builder_content-->\n<div id=\"themify_builder_content-7951\" data-postid=\"7951\" class=\"themify_builder_content themify_builder_content-7951 themify_builder tf_clear\">\n                    <div  data-lazy=\"1\" class=\"module_row themify_builder_row tb_l2gk710 tb_first tf_w\">\n                        <div class=\"row_inner col_align_top tb_col_count_1 tf_box tf_rel\">\n                        <div  data-lazy=\"1\" class=\"module_column tb-column col-full tb_f4o6711 first\">\n                    <!-- module text -->\n<div  class=\"module module-text tb_4cv4789   \" data-lazy=\"1\">\n        <div  class=\"tb_text_wrap\">\n        <h1 class=\"fusion-responsive-typography-calculated\" data-fontsize=\"32\" data-lineheight=\"48px\"><strong>Brosch\u00fcren und Informationsflyer<\/strong><\/h1>\n<h2 class=\"fusion-responsive-typography-calculated\" data-fontsize=\"30\" data-lineheight=\"37.5px\">\u00fcber die Produkte von ThermHex Waben<\/h2>\n<p>ThermHex Wabenkernmaterialien sind in verschiedenen Ausf\u00fchrungen erh\u00e4ltlich. Bitte kontaktieren Sie uns f\u00fcr ein auf Ihre Anforderungen zugeschnittenes Angebot. <strong><a title=\"Kontakt\" href=\"https:\/\/thermhex.com\/de\/kontakt\/\">Klicken Sie hier f\u00fcr eine Anfrage\/Angebot.<\/a><\/strong><\/p>\n<p>Erfahren Sie mehr \u00fcber unsere Leichtgewichtsprodukte in den untenstehenden Brosch\u00fcren.<\/p>    <\/div>\n<\/div>\n<!-- \/module text -->        <div  data-lazy=\"1\" class=\"module_subrow themify_builder_sub_row tf_w col_align_top gutter-narrow tb_col_count_2 tb_ulh677\">\n                <div  data-lazy=\"1\" class=\"module_column sub_column col4-2 tb_nonx77 first\">\n                    <!-- module image -->\n<div  class=\"module module-image tb_jb7v946 image-center   tf_mw\" data-lazy=\"1\">\n        <div class=\"image-wrap tf_rel tf_mw\">\n            <a href=\"https:\/\/thermhex.com\/wp-content\/uploads\/2025\/02\/ThermHex-HC-02-2025-EN-WEB.pdf\" class=\"lightbox-builder themify_lightbox\">\n                                   <span class=\"zoom\">\n                <svg  aria-label=\"Open\" class=\"tf_fa tf-ti-search\" xmlns:xlink=\"http:\/\/www.w3.org\/1999\/xlink\" role=\"img\"><use href=\"#tf-ti-search\" xlink:href=\"#tf-ti-search\"><\/use><\/svg>            <\/span>\n                    <img loading=\"lazy\" decoding=\"async\" width=\"667\" height=\"940\" src=\"https:\/\/thermhex.com\/wp-content\/uploads\/2025\/02\/TH-PP-and-RPP-Cores.png\" class=\"wp-post-image wp-image-7894\" title=\"Datenblatt \/ Brosch\u00fcre ThermHex PP und RPP Wabenkern\" alt=\"Datenblatt \/ Brosch\u00fcre ThermHex PP und RPP Wabenkern\" srcset=\"https:\/\/thermhex.com\/wp-content\/uploads\/2025\/02\/TH-PP-and-RPP-Cores.png 667w, https:\/\/thermhex.com\/wp-content\/uploads\/2025\/02\/TH-PP-and-RPP-Cores-213x300.png 213w\" sizes=\"auto, (max-width: 667px) 100vw, 667px\" \/>        <\/a>\n    \n        <\/div>\n    <!-- \/image-wrap -->\n    \n        <div class=\"image-content\">\n                    <h3 class=\"image-title\">\n                                    <a href=\"https:\/\/thermhex.com\/wp-content\/uploads\/2025\/02\/ThermHex-HC-02-2025-EN-WEB.pdf\" class=\"lightbox-builder themify_lightbox\">\n                        Datenblatt \/ Brosch\u00fcre ThermHex PP und RPP Wabenkern                    <\/a>\n                            <\/h3>\n                    <\/div>\n    <!-- \/image-content -->\n        <\/div>\n<!-- \/module image -->        <\/div>\n                    <div  data-lazy=\"1\" class=\"module_column sub_column col4-2 tb_hrnt893 last\">\n                    <!-- module image -->\n<div  class=\"module module-image tb_xjxb893 image-center   tf_mw\" data-lazy=\"1\">\n        <div class=\"image-wrap tf_rel tf_mw\">\n            <a href=\"https:\/\/thermhex.com\/wp-content\/uploads\/2025\/02\/ThermHex-SP-02-2025-EN-WEB.pdf\" class=\"lightbox-builder themify_lightbox\">\n                                   <span class=\"zoom\">\n                <svg  aria-label=\"Open\" class=\"tf_fa tf-ti-search\" xmlns:xlink=\"http:\/\/www.w3.org\/1999\/xlink\" role=\"img\"><use href=\"#tf-ti-search\" xlink:href=\"#tf-ti-search\"><\/use><\/svg>            <\/span>\n                    <img loading=\"lazy\" decoding=\"async\" width=\"668\" height=\"932\" src=\"https:\/\/thermhex.com\/wp-content\/uploads\/2025\/02\/TH-PP-Panels.png\" class=\"wp-post-image wp-image-7892\" title=\"Datenblatt \/ Brosch\u00fcre PP-Sandwichplatten\" alt=\"Datenblatt \/ Brosch\u00fcre PP-Sandwichplatten\" srcset=\"https:\/\/thermhex.com\/wp-content\/uploads\/2025\/02\/TH-PP-Panels.png 668w, https:\/\/thermhex.com\/wp-content\/uploads\/2025\/02\/TH-PP-Panels-215x300.png 215w\" sizes=\"auto, (max-width: 668px) 100vw, 668px\" \/>        <\/a>\n    \n        <\/div>\n    <!-- \/image-wrap -->\n    \n        <div class=\"image-content\">\n                    <h3 class=\"image-title\">\n                                    <a href=\"https:\/\/thermhex.com\/wp-content\/uploads\/2025\/02\/ThermHex-SP-02-2025-EN-WEB.pdf\" class=\"lightbox-builder themify_lightbox\">\n                        Datenblatt \/ Brosch\u00fcre PP-Sandwichplatten                    <\/a>\n                            <\/h3>\n                    <\/div>\n    <!-- \/image-content -->\n        <\/div>\n<!-- \/module image -->        <\/div>\n                    <\/div>\n                <div  data-lazy=\"1\" class=\"module_subrow themify_builder_sub_row tf_w col_align_top gutter-narrow tb_col_count_2 tb_ca9z914\">\n                <div  data-lazy=\"1\" class=\"module_column sub_column col4-2 tb_x9ag142 first\">\n                    <!-- module image -->\n<div  class=\"module module-image tb_118z857 image-center   tf_mw\" data-lazy=\"1\">\n        <div class=\"image-wrap tf_rel tf_mw\">\n            <a href=\"https:\/\/thermhex.com\/wp-content\/uploads\/2026\/04\/neu_ThermHex-WH-04-2026-EN-WEB.pdf\" rel=\"noopener\" target=\"_blank\">\n                                   <span class=\"zoom\">\n                <svg  aria-label=\"Open\" class=\"tf_fa tf-ti-new-window\" xmlns:xlink=\"http:\/\/www.w3.org\/1999\/xlink\" role=\"img\"><use href=\"#tf-ti-new-window\" xlink:href=\"#tf-ti-new-window\"><\/use><\/svg>            <\/span>\n                    <img loading=\"lazy\" decoding=\"async\" width=\"671\" height=\"941\" src=\"https:\/\/thermhex.com\/wp-content\/uploads\/2025\/02\/PEI-Core.png\" class=\"wp-post-image wp-image-7896\" title=\"ThermHex PEI Wabenkerne\" alt=\"ThermHex PEI Wabenkerne\" srcset=\"https:\/\/thermhex.com\/wp-content\/uploads\/2025\/02\/PEI-Core.png 671w, https:\/\/thermhex.com\/wp-content\/uploads\/2025\/02\/PEI-Core-214x300.png 214w\" sizes=\"auto, (max-width: 671px) 100vw, 671px\" \/>        <\/a>\n    \n        <\/div>\n    <!-- \/image-wrap -->\n    \n        <div class=\"image-content\">\n                    <h3 class=\"image-title\">\n                                    <a href=\"https:\/\/thermhex.com\/wp-content\/uploads\/2026\/04\/neu_ThermHex-WH-04-2026-EN-WEB.pdf\" rel=\"noopener\" target=\"_blank\">\n                        ThermHex PEI Wabenkerne                    <\/a>\n                            <\/h3>\n                    <\/div>\n    <!-- \/image-content -->\n        <\/div>\n<!-- \/module image -->        <\/div>\n                    <div  data-lazy=\"1\" class=\"module_column sub_column col4-2 tb_q0z1134 last\">\n                    <!-- module image -->\n<div  class=\"module module-image tb_agw1142 image-center   tf_mw\" data-lazy=\"1\">\n        <div class=\"image-wrap tf_rel tf_mw\">\n            <a href=\"https:\/\/thermhex.com\/wp-content\/uploads\/2026\/02\/ThermHex-Handling-Verarbeitung-EN.png\" class=\"lightbox-builder themify_lightbox\">\n                                   <span class=\"zoom\">\n                <svg  aria-label=\"Open\" class=\"tf_fa tf-ti-search\" xmlns:xlink=\"http:\/\/www.w3.org\/1999\/xlink\" role=\"img\"><use href=\"#tf-ti-search\" xlink:href=\"#tf-ti-search\"><\/use><\/svg>            <\/span>\n                    <img loading=\"lazy\" decoding=\"async\" width=\"1326\" height=\"1922\" src=\"https:\/\/thermhex.com\/wp-content\/uploads\/2026\/02\/ThermHex-Handling-Verarbeitung-EN.png\" class=\"wp-post-image wp-image-9901\" title=\"Handhabung von Wabenkernen\" alt=\"Handhabung von Wabenkernen\" srcset=\"https:\/\/thermhex.com\/wp-content\/uploads\/2026\/02\/ThermHex-Handling-Verarbeitung-EN.png 1326w, https:\/\/thermhex.com\/wp-content\/uploads\/2026\/02\/ThermHex-Handling-Verarbeitung-EN-207x300.png 207w, https:\/\/thermhex.com\/wp-content\/uploads\/2026\/02\/ThermHex-Handling-Verarbeitung-EN-706x1024.png 706w, https:\/\/thermhex.com\/wp-content\/uploads\/2026\/02\/ThermHex-Handling-Verarbeitung-EN-768x1113.png 768w, https:\/\/thermhex.com\/wp-content\/uploads\/2026\/02\/ThermHex-Handling-Verarbeitung-EN-1060x1536.png 1060w\" sizes=\"auto, (max-width: 1326px) 100vw, 1326px\" \/>        <\/a>\n    \n        <\/div>\n    <!-- \/image-wrap -->\n    \n        <div class=\"image-content\">\n                    <h3 class=\"image-title\">\n                                    <a href=\"https:\/\/thermhex.com\/wp-content\/uploads\/2026\/02\/ThermHex-Handling-Verarbeitung-EN.png\" class=\"lightbox-builder themify_lightbox\">\n                        Handhabung von Wabenkernen                    <\/a>\n                            <\/h3>\n                    <\/div>\n    <!-- \/image-content -->\n        <\/div>\n<!-- \/module image -->        <\/div>\n                    <\/div>\n                <div  data-lazy=\"1\" class=\"module_subrow themify_builder_sub_row tf_w col_align_top gutter-narrow tb_col_count_2 tb_tint328\">\n                <div  data-lazy=\"1\" class=\"module_column sub_column col4-2 tb_86lz328 first\">\n                    <!-- module image -->\n<div  class=\"module module-image tb_t9ur328 image-center   tf_mw\" data-lazy=\"1\">\n        <div class=\"image-wrap tf_rel tf_mw\">\n            <a href=\"https:\/\/thermhex.com\/wp-content\/uploads\/2025\/02\/Cost-comparison-ThermHex-vs-Conventional-cores.jpg\" class=\"lightbox-builder themify_lightbox\">\n                                   <span class=\"zoom\">\n                <svg  aria-label=\"Open\" class=\"tf_fa tf-ti-search\" xmlns:xlink=\"http:\/\/www.w3.org\/1999\/xlink\" role=\"img\"><use href=\"#tf-ti-search\" xlink:href=\"#tf-ti-search\"><\/use><\/svg>            <\/span>\n                    <img loading=\"lazy\" decoding=\"async\" width=\"1440\" height=\"1080\" src=\"https:\/\/thermhex.com\/wp-content\/uploads\/2025\/02\/Cost-comparison-ThermHex-vs-Conventional-cores.jpg\" class=\"wp-post-image wp-image-7860\" title=\"Preisinformation\" alt=\"Preisinformation\" srcset=\"https:\/\/thermhex.com\/wp-content\/uploads\/2025\/02\/Cost-comparison-ThermHex-vs-Conventional-cores.jpg 1440w, https:\/\/thermhex.com\/wp-content\/uploads\/2025\/02\/Cost-comparison-ThermHex-vs-Conventional-cores-300x225.jpg 300w, https:\/\/thermhex.com\/wp-content\/uploads\/2025\/02\/Cost-comparison-ThermHex-vs-Conventional-cores-1024x768.jpg 1024w, https:\/\/thermhex.com\/wp-content\/uploads\/2025\/02\/Cost-comparison-ThermHex-vs-Conventional-cores-768x576.jpg 768w\" sizes=\"auto, (max-width: 1440px) 100vw, 1440px\" \/>        <\/a>\n    \n        <\/div>\n    <!-- \/image-wrap -->\n    \n        <div class=\"image-content\">\n                    <h3 class=\"image-title\">\n                                    <a href=\"https:\/\/thermhex.com\/wp-content\/uploads\/2025\/02\/Cost-comparison-ThermHex-vs-Conventional-cores.jpg\" class=\"lightbox-builder themify_lightbox\">\n                        Preisinformation                    <\/a>\n                            <\/h3>\n                    <\/div>\n    <!-- \/image-content -->\n        <\/div>\n<!-- \/module image -->        <\/div>\n                    <div  data-lazy=\"1\" class=\"module_column sub_column col4-2 tb_wjav328 last\">\n                            <\/div>\n                    <\/div>\n                <\/div>\n                        <\/div>\n        <\/div>\n        <\/div>\n<!--\/themify_builder_content-->","protected":false},"excerpt":{"rendered":"<p>Brosch\u00fcren und Informationsflyer \u00fcber die Produkte von ThermHex Waben ThermHex Wabenkernmaterialien sind in verschiedenen Ausf\u00fchrungen erh\u00e4ltlich. Bitte kontaktieren Sie uns f\u00fcr ein auf Ihre Anforderungen zugeschnittenes Angebot. Klicken Sie hier f\u00fcr eine Anfrage\/Angebot. Erfahren Sie mehr \u00fcber unsere Leichtgewichtsprodukte in den untenstehenden Brosch\u00fcren. Datenblatt \/ Brosch\u00fcre ThermHex PP und RPP Wabenkern Datenblatt \/ Brosch\u00fcre PP-Sandwichplatten [&hellip;]<\/p>\n","protected":false},"author":1,"featured_media":0,"parent":0,"menu_order":0,"comment_status":"closed","ping_status":"closed","template":"","meta":{"footnotes":""},"class_list":["post-7951","page","type-page","status-publish","hentry","has-post-title","has-post-date","has-post-category","has-post-tag","has-post-comment","has-post-author",""],"builder_content":"<h1 data-fontsize=\"32\" data-lineheight=\"48px\"><strong>Brosch\u00fcren und Informationsflyer<\/strong><\/h1> <h2 data-fontsize=\"30\" data-lineheight=\"37.5px\">\u00fcber die Produkte von ThermHex Waben<\/h2> <p>ThermHex Wabenkernmaterialien sind in verschiedenen Ausf\u00fchrungen erh\u00e4ltlich. Bitte kontaktieren Sie uns f\u00fcr ein auf Ihre Anforderungen zugeschnittenes Angebot. <strong><a title=\"Kontakt\" href=\"https:\/\/thermhex.com\/de\/kontakt\/\">Klicken Sie hier f\u00fcr eine Anfrage\/Angebot.<\/a><\/strong><\/p> <p>Erfahren Sie mehr \u00fcber unsere Leichtgewichtsprodukte in den untenstehenden Brosch\u00fcren.<\/p>\n<a href=\"https:\/\/thermhex.com\/wp-content\/uploads\/2025\/02\/ThermHex-HC-02-2025-EN-WEB.pdf\"> <svg aria-label=\"Open\" xmlns:xlink=\"http:\/\/www.w3.org\/1999\/xlink\" role=\"img\"><use href=\"#tf-ti-search\" xlink:href=\"#tf-ti-search\"><\/use><\/svg> <img src=\"https:\/\/thermhex.com\/wp-content\/uploads\/2025\/02\/TH-PP-and-RPP-Cores.png\" title=\"Datenblatt \/ Brosch\u00fcre ThermHex PP und RPP Wabenkern\" alt=\"Datenblatt \/ Brosch\u00fcre ThermHex PP und RPP Wabenkern\" srcset=\"https:\/\/thermhex.com\/wp-content\/uploads\/2025\/02\/TH-PP-and-RPP-Cores.png 667w, https:\/\/thermhex.com\/wp-content\/uploads\/2025\/02\/TH-PP-and-RPP-Cores-213x300.png 213w\" sizes=\"(max-width: 667px) 100vw, 667px\" \/> <\/a> <h3> <a href=\"https:\/\/thermhex.com\/wp-content\/uploads\/2025\/02\/ThermHex-HC-02-2025-EN-WEB.pdf\"> Datenblatt \/ Brosch\u00fcre ThermHex PP und RPP Wabenkern <\/a> <\/h3>\n<a href=\"https:\/\/thermhex.com\/wp-content\/uploads\/2025\/02\/ThermHex-SP-02-2025-EN-WEB.pdf\"> <svg aria-label=\"Open\" xmlns:xlink=\"http:\/\/www.w3.org\/1999\/xlink\" role=\"img\"><use href=\"#tf-ti-search\" xlink:href=\"#tf-ti-search\"><\/use><\/svg> <img src=\"https:\/\/thermhex.com\/wp-content\/uploads\/2025\/02\/TH-PP-Panels.png\" title=\"Datenblatt \/ Brosch\u00fcre PP-Sandwichplatten\" alt=\"Datenblatt \/ Brosch\u00fcre PP-Sandwichplatten\" srcset=\"https:\/\/thermhex.com\/wp-content\/uploads\/2025\/02\/TH-PP-Panels.png 668w, https:\/\/thermhex.com\/wp-content\/uploads\/2025\/02\/TH-PP-Panels-215x300.png 215w\" sizes=\"(max-width: 668px) 100vw, 668px\" \/> <\/a> <h3> <a href=\"https:\/\/thermhex.com\/wp-content\/uploads\/2025\/02\/ThermHex-SP-02-2025-EN-WEB.pdf\"> Datenblatt \/ Brosch\u00fcre PP-Sandwichplatten <\/a> <\/h3>\n<a href=\"https:\/\/thermhex.com\/wp-content\/uploads\/2026\/04\/neu_ThermHex-WH-04-2026-EN-WEB.pdf\" rel=\"noopener\" target=\"_blank\"> <svg aria-label=\"Open\" xmlns:xlink=\"http:\/\/www.w3.org\/1999\/xlink\" role=\"img\"><use href=\"#tf-ti-new-window\" xlink:href=\"#tf-ti-new-window\"><\/use><\/svg> <img src=\"https:\/\/thermhex.com\/wp-content\/uploads\/2025\/02\/PEI-Core.png\" title=\"ThermHex PEI Wabenkerne\" alt=\"ThermHex PEI Wabenkerne\" srcset=\"https:\/\/thermhex.com\/wp-content\/uploads\/2025\/02\/PEI-Core.png 671w, https:\/\/thermhex.com\/wp-content\/uploads\/2025\/02\/PEI-Core-214x300.png 214w\" sizes=\"(max-width: 671px) 100vw, 671px\" \/> <\/a> <h3> <a href=\"https:\/\/thermhex.com\/wp-content\/uploads\/2026\/04\/neu_ThermHex-WH-04-2026-EN-WEB.pdf\" rel=\"noopener\" target=\"_blank\"> ThermHex PEI Wabenkerne <\/a> <\/h3>\n<a href=\"https:\/\/thermhex.com\/wp-content\/uploads\/2026\/02\/ThermHex-Handling-Verarbeitung-EN.png\"> <svg aria-label=\"Open\" xmlns:xlink=\"http:\/\/www.w3.org\/1999\/xlink\" role=\"img\"><use href=\"#tf-ti-search\" xlink:href=\"#tf-ti-search\"><\/use><\/svg> <img src=\"https:\/\/thermhex.com\/wp-content\/uploads\/2026\/02\/ThermHex-Handling-Verarbeitung-EN.png\" title=\"Handhabung von Wabenkernen\" alt=\"Handhabung von Wabenkernen\" srcset=\"https:\/\/thermhex.com\/wp-content\/uploads\/2026\/02\/ThermHex-Handling-Verarbeitung-EN.png 1326w, https:\/\/thermhex.com\/wp-content\/uploads\/2026\/02\/ThermHex-Handling-Verarbeitung-EN-207x300.png 207w, https:\/\/thermhex.com\/wp-content\/uploads\/2026\/02\/ThermHex-Handling-Verarbeitung-EN-706x1024.png 706w, https:\/\/thermhex.com\/wp-content\/uploads\/2026\/02\/ThermHex-Handling-Verarbeitung-EN-768x1113.png 768w, https:\/\/thermhex.com\/wp-content\/uploads\/2026\/02\/ThermHex-Handling-Verarbeitung-EN-1060x1536.png 1060w\" sizes=\"(max-width: 1326px) 100vw, 1326px\" \/> <\/a> <h3> <a href=\"https:\/\/thermhex.com\/wp-content\/uploads\/2026\/02\/ThermHex-Handling-Verarbeitung-EN.png\"> Handhabung von Wabenkernen <\/a> <\/h3>\n<a href=\"https:\/\/thermhex.com\/wp-content\/uploads\/2025\/02\/Cost-comparison-ThermHex-vs-Conventional-cores.jpg\"> <svg aria-label=\"Open\" xmlns:xlink=\"http:\/\/www.w3.org\/1999\/xlink\" role=\"img\"><use href=\"#tf-ti-search\" xlink:href=\"#tf-ti-search\"><\/use><\/svg> <img src=\"https:\/\/thermhex.com\/wp-content\/uploads\/2025\/02\/Cost-comparison-ThermHex-vs-Conventional-cores.jpg\" title=\"Preisinformation\" alt=\"Preisinformation\" srcset=\"https:\/\/thermhex.com\/wp-content\/uploads\/2025\/02\/Cost-comparison-ThermHex-vs-Conventional-cores.jpg 1440w, https:\/\/thermhex.com\/wp-content\/uploads\/2025\/02\/Cost-comparison-ThermHex-vs-Conventional-cores-300x225.jpg 300w, https:\/\/thermhex.com\/wp-content\/uploads\/2025\/02\/Cost-comparison-ThermHex-vs-Conventional-cores-1024x768.jpg 1024w, https:\/\/thermhex.com\/wp-content\/uploads\/2025\/02\/Cost-comparison-ThermHex-vs-Conventional-cores-768x576.jpg 768w\" sizes=\"(max-width: 1440px) 100vw, 1440px\" \/> <\/a> <h3> <a href=\"https:\/\/thermhex.com\/wp-content\/uploads\/2025\/02\/Cost-comparison-ThermHex-vs-Conventional-cores.jpg\"> Preisinformation <\/a> <\/h3>","_links":{"self":[{"href":"https:\/\/thermhex.com\/de\/wp-json\/wp\/v2\/pages\/7951","targetHints":{"allow":["GET"]}}],"collection":[{"href":"https:\/\/thermhex.com\/de\/wp-json\/wp\/v2\/pages"}],"about":[{"href":"https:\/\/thermhex.com\/de\/wp-json\/wp\/v2\/types\/page"}],"author":[{"embeddable":true,"href":"https:\/\/thermhex.com\/de\/wp-json\/wp\/v2\/users\/1"}],"replies":[{"embeddable":true,"href":"https:\/\/thermhex.com\/de\/wp-json\/wp\/v2\/comments?post=7951"}],"version-history":[{"count":17,"href":"https:\/\/thermhex.com\/de\/wp-json\/wp\/v2\/pages\/7951\/revisions"}],"predecessor-version":[{"id":10034,"href":"https:\/\/thermhex.com\/de\/wp-json\/wp\/v2\/pages\/7951\/revisions\/10034"}],"wp:attachment":[{"href":"https:\/\/thermhex.com\/de\/wp-json\/wp\/v2\/media?parent=7951"}],"curies":[{"name":"wp","href":"https:\/\/api.w.org\/{rel}","templated":true}]}}