{"id":7955,"date":"2025-02-26T15:11:32","date_gmt":"2025-02-26T15:11:32","guid":{"rendered":"https:\/\/thermhex.com\/kontakt\/"},"modified":"2026-02-19T15:17:38","modified_gmt":"2026-02-19T15:17:38","slug":"kontakt","status":"publish","type":"page","link":"https:\/\/thermhex.com\/de\/kontakt\/","title":{"rendered":"Kontakt"},"content":{"rendered":"<!--themify_builder_content-->\n<div id=\"themify_builder_content-7955\" data-postid=\"7955\" class=\"themify_builder_content themify_builder_content-7955 themify_builder tf_clear\">\n                    <div  data-lazy=\"1\" class=\"module_row themify_builder_row tb_9hos822 tb_first tf_w\">\n                        <div class=\"row_inner col_align_top tb_col_count_1 tf_box tf_rel\">\n                        <div  data-lazy=\"1\" class=\"module_column tb-column col-full tb_2zpw822 first\">\n                    <!-- module text -->\n<div  class=\"module module-text tb_h7jk822   \" data-lazy=\"1\">\n        <div  class=\"tb_text_wrap\">\n        <h2>Kontakt \/ Ihre Anfrage<\/h2>\n<p>Wir freuen uns \u00fcber Ihr Interesse an unseren Wabenkernen. Bitte f\u00fcllen Sie die unten stehenden Felder aus, und wir werden uns so schnell wie m\u00f6glich bei Ihnen melden.<\/p>    <\/div>\n<\/div>\n<!-- \/module text --><!-- module plain text -->\n<div  class=\"module module-plain-text tb_5hmd822 \" data-lazy=\"1\">\n        <div class=\"tb_text_wrap\">\n    \n<div class=\"wpcf7 no-js\" id=\"wpcf7-f8699-o1\" lang=\"de-DE\" dir=\"ltr\" data-wpcf7-id=\"8699\">\n<div class=\"screen-reader-response\"><p role=\"status\" aria-live=\"polite\" aria-atomic=\"true\"><\/p> <ul><\/ul><\/div>\n<form action=\"\/de\/wp-json\/wp\/v2\/pages\/7955#wpcf7-f8699-o1\" method=\"post\" class=\"wpcf7-form init\" aria-label=\"Kontaktformular\" novalidate=\"novalidate\" data-status=\"init\">\n<fieldset class=\"hidden-fields-container\"><input type=\"hidden\" name=\"_wpcf7\" value=\"8699\" \/><input type=\"hidden\" name=\"_wpcf7_version\" value=\"6.1.5\" \/><input type=\"hidden\" name=\"_wpcf7_locale\" value=\"de_DE\" \/><input type=\"hidden\" name=\"_wpcf7_unit_tag\" value=\"wpcf7-f8699-o1\" \/><input type=\"hidden\" name=\"_wpcf7_container_post\" value=\"0\" \/><input type=\"hidden\" name=\"_wpcf7_posted_data_hash\" value=\"\" \/>\n<\/fieldset>\n<style>\n input, textarea, input:read-write {\n border-radius: 0;\n border: 1px solid #ccc;\n padding: 7px;\n outline: none;\n width:100%;\n }\n input:focus, textarea:focus {\n background-color: #efefef;\n }\n input[type= \"checkbox\"] {\n border-radius: 0;\n margin-left:50px; \n }\n\n p {\n margin:0;\n }\n input[type= \"submit\"] {\n background-color: #c42232;\n border-radius:0;\n margin-top:20px;\n }\n .wpcf7-not-valid-tip {\n background-color: #c52132;\n color: #ffffff;\n padding: 7px;\n }\n .wpcf7 form.invalid .wpcf7-response-output {\n background-color: #ffb900;\n }\n .wpcf7 form.sent .wpcf7-response-output {\n background-color: #46b450;\n color:#ffffff;\n}\n .hidden {\n display: none;\n }\n<\/style>\n<div style=\"display: flex; gap: 20px;\">\n\t<div style=\"width: 50%;\">\n\t\t<p><span class=\"wpcf7-form-control-wrap\" data-name=\"nachname\"><input size=\"40\" maxlength=\"400\" class=\"wpcf7-form-control wpcf7-text wpcf7-validates-as-required\" aria-required=\"true\" aria-invalid=\"false\" placeholder=\"Ihr Name*\" value=\"\" type=\"text\" name=\"nachname\" \/><\/span><br \/>\n<span class=\"wpcf7-form-control-wrap\" data-name=\"vorname\"><input size=\"40\" maxlength=\"400\" class=\"wpcf7-form-control wpcf7-text\" aria-invalid=\"false\" placeholder=\"Ihr Vorname\" value=\"\" type=\"text\" name=\"vorname\" \/><\/span><br \/>\n<span class=\"wpcf7-form-control-wrap\" data-name=\"email\"><input size=\"40\" maxlength=\"400\" class=\"wpcf7-form-control wpcf7-text wpcf7-validates-as-required\" aria-required=\"true\" aria-invalid=\"false\" placeholder=\"E-Mail Adresse*\" value=\"\" type=\"text\" name=\"email\" \/><\/span>\n\t\t<\/p>\n\t<\/div>\n\t<div style=\"width: 50%;\">\n\t\t<p><span class=\"wpcf7-form-control-wrap\" data-name=\"firma\"><input size=\"40\" maxlength=\"400\" class=\"wpcf7-form-control wpcf7-text wpcf7-validates-as-required\" aria-required=\"true\" aria-invalid=\"false\" placeholder=\"Firma\/Organisation*\" value=\"\" type=\"text\" name=\"firma\" \/><\/span><br \/>\n<span class=\"wpcf7-form-control-wrap\" data-name=\"tel\"><input size=\"40\" maxlength=\"400\" class=\"wpcf7-form-control wpcf7-text wpcf7-validates-as-required\" aria-required=\"true\" aria-invalid=\"false\" placeholder=\"Telefon*\" value=\"\" type=\"text\" name=\"tel\" \/><\/span><br \/>\n<span class=\"wpcf7-form-control-wrap\" data-name=\"kennen\"><input size=\"40\" maxlength=\"400\" class=\"wpcf7-form-control wpcf7-text wpcf7-validates-as-required\" aria-required=\"true\" aria-invalid=\"false\" placeholder=\"Wie sind Sie auf uns aufmerksam geworden?*\" value=\"\" type=\"text\" name=\"kennen\" \/><\/span>\n\t\t<\/p>\n\t<\/div>\n<\/div>\n<div style=\"margin-top: 20px;\">\n\t<p><span class=\"wpcf7-form-control-wrap\" data-name=\"nachricht\"><textarea cols=\"40\" rows=\"10\" maxlength=\"2000\" class=\"wpcf7-form-control wpcf7-textarea\" aria-invalid=\"false\" placeholder=\"Bitte geben Sie weitere Details an, z.\u202fB. Kerndicke, Zellgr\u00f6\u00dfe, vorgesehene Anwendung, Art der Verarbeitung \u2026\" name=\"nachricht\"><\/textarea><\/span>\n\t<\/p>\n<\/div>\n<div style=\"margin-top: 20px\">\n\t<p>Bitte senden Sie mir Muster zu.\n\t<\/p>\n\t<div style=\"display: flex; gap: 20px; align-items: center; margin-top:10px;\">\n\t\t<p><span class=\"wpcf7-form-control-wrap\" data-name=\"radio-790\"><span class=\"wpcf7-form-control wpcf7-radio\"><span class=\"wpcf7-list-item first\"><label><input type=\"radio\" name=\"radio-790\" value=\"Ja, bitte.\" \/><span class=\"wpcf7-list-item-label\">Ja, bitte.<\/span><\/label><\/span><span class=\"wpcf7-list-item last\"><label><input type=\"radio\" name=\"radio-790\" value=\"Nein, danke.\" \/><span class=\"wpcf7-list-item-label\">Nein, danke.<\/span><\/label><\/span><\/span><\/span>\n\t\t<\/p>\n\t<\/div>\n<\/div>\n<div style=\"display: flex; gap: 20px; margin-top: 20px;\">\n\t<div style=\"width: 50%; padding: 15px; border: 2px solid lightgray;\">\n\t\t<p>Weitere Informationen \u00fcber unsere Wabenkernmaterialien finden Sie in unseren <a href=\"https:\/\/thermhex.com\/broschueren-und-informationsblaetter\/\" style=\"text-decoration: underline;\">Brosch\u00fcren.<\/a>\n\t\t<\/p>\n\t<\/div>\n<\/div>\n<div style=\"margin-top: 20px;\">\n\t<p>Mit dem Absenden des Kontaktformulars best\u00e4tigen Sie, dass Sie unsere Datenschutzerkl\u00e4rung gelesen haben und mit der Verarbeitung Ihrer Daten einverstanden sind.\n\t<\/p>\n\t<p><input class=\"wpcf7-form-control wpcf7-submit has-spinner\" type=\"submit\" value=\"Senden\" \/>\n\t<\/p>\n<\/div><div class=\"wpcf7-response-output\" aria-hidden=\"true\"><\/div>\n<\/form>\n<\/div>\n    <\/div>\n<\/div>\n<!-- \/module plain text -->        <\/div>\n                        <\/div>\n        <\/div>\n        <\/div>\n<!--\/themify_builder_content-->","protected":false},"excerpt":{"rendered":"<p>Kontakt \/ Ihre Anfrage Wir freuen uns \u00fcber Ihr Interesse an unseren Wabenkernen. Bitte f\u00fcllen Sie die unten stehenden Felder aus, und wir werden uns so schnell wie m\u00f6glich bei Ihnen melden.<\/p>\n","protected":false},"author":1,"featured_media":0,"parent":0,"menu_order":0,"comment_status":"closed","ping_status":"closed","template":"","meta":{"footnotes":""},"class_list":["post-7955","page","type-page","status-publish","hentry","has-post-title","has-post-date","has-post-category","has-post-tag","has-post-comment","has-post-author",""],"builder_content":"<h2>Kontakt \/ Ihre Anfrage<\/h2> <p>Wir freuen uns \u00fcber Ihr Interesse an unseren Wabenkernen. Bitte f\u00fcllen Sie die unten stehenden Felder aus, und wir werden uns so schnell wie m\u00f6glich bei Ihnen melden.<\/p>\n[contact-form-7 id=\"58db2bf\" title=\"Kontakt \/ Ihre Anfrage\"]","_links":{"self":[{"href":"https:\/\/thermhex.com\/de\/wp-json\/wp\/v2\/pages\/7955","targetHints":{"allow":["GET"]}}],"collection":[{"href":"https:\/\/thermhex.com\/de\/wp-json\/wp\/v2\/pages"}],"about":[{"href":"https:\/\/thermhex.com\/de\/wp-json\/wp\/v2\/types\/page"}],"author":[{"embeddable":true,"href":"https:\/\/thermhex.com\/de\/wp-json\/wp\/v2\/users\/1"}],"replies":[{"embeddable":true,"href":"https:\/\/thermhex.com\/de\/wp-json\/wp\/v2\/comments?post=7955"}],"version-history":[{"count":10,"href":"https:\/\/thermhex.com\/de\/wp-json\/wp\/v2\/pages\/7955\/revisions"}],"predecessor-version":[{"id":9948,"href":"https:\/\/thermhex.com\/de\/wp-json\/wp\/v2\/pages\/7955\/revisions\/9948"}],"wp:attachment":[{"href":"https:\/\/thermhex.com\/de\/wp-json\/wp\/v2\/media?parent=7955"}],"curies":[{"name":"wp","href":"https:\/\/api.w.org\/{rel}","templated":true}]}}