{"id":7961,"date":"2025-02-26T15:42:27","date_gmt":"2025-02-26T15:42:27","guid":{"rendered":"https:\/\/thermhex.com\/dankesseite\/"},"modified":"2026-02-09T13:20:55","modified_gmt":"2026-02-09T13:20:55","slug":"dankesseite","status":"publish","type":"page","link":"https:\/\/thermhex.com\/de\/dankesseite\/","title":{"rendered":"Dankeseite"},"content":{"rendered":"<!--themify_builder_content-->\n<div id=\"themify_builder_content-7961\" data-postid=\"7961\" class=\"themify_builder_content themify_builder_content-7961 themify_builder tf_clear\">\n                    <div  data-lazy=\"1\" class=\"module_row themify_builder_row tb_gb2n100 tb_first tf_w\">\n                        <div class=\"row_inner col_align_top tb_col_count_1 tf_box tf_rel\">\n                        <div  data-lazy=\"1\" class=\"module_column tb-column col-full tb_9sjd100 first\">\n                    <!-- module text -->\n<div  class=\"module module-text tb_g2el100   \" data-lazy=\"1\">\n        <div  class=\"tb_text_wrap\">\n        <h1>Vielen Dank f\u00fcr Ihre Nachricht!<\/h1>\n<p>Wir haben Ihre Anfrage erhalten und werden uns so schnell wie m\u00f6glich bei Ihnen melden.<\/p>\n<h3>Wie geht es weiter?<\/h3>\n<ul>\n<li>Unser Team wird Ihre Nachricht sorgf\u00e4ltig pr\u00fcfen.<\/li>\n<li>Sie werden in K\u00fcrze eine Antwort per E-Mail oder Telefon erhalten.<\/li>\n<li>Sollten Sie in der Zwischenzeit Fragen haben, k\u00f6nnen Sie uns jederzeit kontaktieren.<\/li>\n<\/ul>\n<h2>Haben Sie einen weiteren Wunsch?<\/h2>\n<p>Besuchen Sie unsere <a href=\"https:\/\/thermhex.com\/en\">Website<\/a> f\u00fcr weitere Informationen oder rufen Sie uns direkt an.<\/p>\n<p>Wir freuen uns darauf, von Ihnen zu h\u00f6ren!<\/p>\n    <\/div>\n<\/div>\n<!-- \/module text -->        <\/div>\n                        <\/div>\n        <\/div>\n        <\/div>\n<!--\/themify_builder_content-->","protected":false},"excerpt":{"rendered":"<p>Vielen Dank f\u00fcr Ihre Nachricht! Wir haben Ihre Anfrage erhalten und werden uns so schnell wie m\u00f6glich bei Ihnen melden. Wie geht es weiter? Unser Team wird Ihre Nachricht sorgf\u00e4ltig pr\u00fcfen. Sie werden in K\u00fcrze eine Antwort per E-Mail oder Telefon erhalten. Sollten Sie in der Zwischenzeit Fragen haben, k\u00f6nnen Sie uns jederzeit kontaktieren. Haben [&hellip;]<\/p>\n","protected":false},"author":1,"featured_media":0,"parent":0,"menu_order":0,"comment_status":"closed","ping_status":"closed","template":"","meta":{"footnotes":""},"class_list":["post-7961","page","type-page","status-publish","hentry","has-post-title","has-post-date","has-post-category","has-post-tag","has-post-comment","has-post-author",""],"builder_content":"<h1>Vielen Dank f\u00fcr Ihre Nachricht!<\/h1> <p>Wir haben Ihre Anfrage erhalten und werden uns so schnell wie m\u00f6glich bei Ihnen melden.<\/p> <h3>Wie geht es weiter?<\/h3> <ul> <li>Unser Team wird Ihre Nachricht sorgf\u00e4ltig pr\u00fcfen.<\/li> <li>Sie werden in K\u00fcrze eine Antwort per E-Mail oder Telefon erhalten.<\/li> <li>Sollten Sie in der Zwischenzeit Fragen haben, k\u00f6nnen Sie uns jederzeit kontaktieren.<\/li> <\/ul> <h2>Haben Sie einen weiteren Wunsch?<\/h2> <p>Besuchen Sie unsere <a href=\"https:\/\/thermhex.com\/en\">Website<\/a> f\u00fcr weitere Informationen oder rufen Sie uns direkt an.<\/p> <p>Wir freuen uns darauf, von Ihnen zu h\u00f6ren!<\/p>","_links":{"self":[{"href":"https:\/\/thermhex.com\/de\/wp-json\/wp\/v2\/pages\/7961","targetHints":{"allow":["GET"]}}],"collection":[{"href":"https:\/\/thermhex.com\/de\/wp-json\/wp\/v2\/pages"}],"about":[{"href":"https:\/\/thermhex.com\/de\/wp-json\/wp\/v2\/types\/page"}],"author":[{"embeddable":true,"href":"https:\/\/thermhex.com\/de\/wp-json\/wp\/v2\/users\/1"}],"replies":[{"embeddable":true,"href":"https:\/\/thermhex.com\/de\/wp-json\/wp\/v2\/comments?post=7961"}],"version-history":[{"count":6,"href":"https:\/\/thermhex.com\/de\/wp-json\/wp\/v2\/pages\/7961\/revisions"}],"predecessor-version":[{"id":9758,"href":"https:\/\/thermhex.com\/de\/wp-json\/wp\/v2\/pages\/7961\/revisions\/9758"}],"wp:attachment":[{"href":"https:\/\/thermhex.com\/de\/wp-json\/wp\/v2\/media?parent=7961"}],"curies":[{"name":"wp","href":"https:\/\/api.w.org\/{rel}","templated":true}]}}