{"id":7991,"date":"2025-02-07T15:48:52","date_gmt":"2025-02-07T15:48:52","guid":{"rendered":"https:\/\/thermhex.com\/organosandwich\/"},"modified":"2026-02-09T13:44:04","modified_gmt":"2026-02-09T13:44:04","slug":"pp-sandwichplatten","status":"publish","type":"page","link":"https:\/\/thermhex.com\/de\/pp-sandwichplatten\/","title":{"rendered":"PP Sandwichplatten"},"content":{"rendered":"<!--themify_builder_content-->\n<div id=\"themify_builder_content-7991\" data-postid=\"7991\" class=\"themify_builder_content themify_builder_content-7991 themify_builder tf_clear\">\n                    <div  data-lazy=\"1\" class=\"module_row themify_builder_row tb_2gz6536 tb_first tf_w\">\n                        <div class=\"row_inner col_align_top tb_col_count_1 tf_box tf_rel\">\n                        <div  data-lazy=\"1\" class=\"module_column tb-column col-full tb_ipnr536 first\">\n                    <!-- module image -->\n<div  class=\"module module-image tb_jz0h536 image-top   tf_mw\" data-lazy=\"1\">\n        <div class=\"image-wrap tf_rel tf_mw\">\n            <img loading=\"lazy\" decoding=\"async\" width=\"1200\" height=\"364\" src=\"https:\/\/thermhex.com\/wp-content\/uploads\/2025\/07\/source_FraunhoferIMWS_Sven-Doering-1200x364.jpg.webp\" class=\"wp-post-image wp-image-8451\" title=\"source_FraunhoferIMWS_Sven-Doering-1200x364.jpg\" alt=\"source_FraunhoferIMWS_Sven-Doering-1200x364.jpg\" srcset=\"https:\/\/thermhex.com\/wp-content\/uploads\/2025\/07\/source_FraunhoferIMWS_Sven-Doering-1200x364.jpg.webp 1200w, https:\/\/thermhex.com\/wp-content\/uploads\/2025\/07\/source_FraunhoferIMWS_Sven-Doering-1200x364.jpg-300x91.webp 300w, https:\/\/thermhex.com\/wp-content\/uploads\/2025\/07\/source_FraunhoferIMWS_Sven-Doering-1200x364.jpg-1024x311.webp 1024w, https:\/\/thermhex.com\/wp-content\/uploads\/2025\/07\/source_FraunhoferIMWS_Sven-Doering-1200x364.jpg-768x233.webp 768w\" sizes=\"auto, (max-width: 1200px) 100vw, 1200px\" \/>    \n        <\/div>\n    <!-- \/image-wrap -->\n    \n        <\/div>\n<!-- \/module image -->        <\/div>\n                        <\/div>\n        <\/div>\n                        <div  data-lazy=\"1\" class=\"module_row themify_builder_row tb_rjbe172 tf_w\">\n                        <div class=\"row_inner col_align_top tb_col_count_1 tf_box tf_rel\">\n                        <div  data-lazy=\"1\" class=\"module_column tb-column col-full tb_nomr172 first\">\n                    <!-- module text -->\n<div  class=\"module module-text tb_lby0172   \" data-lazy=\"1\">\n        <div  class=\"tb_text_wrap\">\n        <div class=\"fusion-text fusion-text-1\">\n<h2 class=\"fusion-responsive-typography-calculated\" data-fontsize=\"30\" data-lineheight=\"37.5px\">Thermoplastische Sandwichplatte mit PP-Wabenkern und Glasfaser\/PP-H\u00e4uten<\/h2>\n<p>Vorteile:<\/p>\n<ul>\n<li>Gewichtseinsparungen von bis zu 80% im Vergleich zu monolithischem Material m\u00f6glich<\/li>\n<li>Deutliche Kostensenkung<\/li>\n<li>Hohe Biegesteifigkeit<\/li>\n<li>Hohe Druck- und Scherfestigkeit<\/li>\n<li>Energieabsorbierend \/ sto\u00dffest<\/li>\n<li>Best\u00e4ndig gegen Feuchtigkeit, S\u00e4uren und Basen<\/li>\n<li>Einfache und ressourcenschonende Konvertierung<\/li>\n<li>Gr\u00fcne und leicht recycelbare L\u00f6sung<\/li>\n<\/ul>\n<p>Die PP-Waben-Sandwichplatte ist eine halbfertige Platte, die aus zwei d\u00fcnnen Au\u00dfenschichten aus faserverst\u00e4rkten thermoplastischen Verbundwerkstoffen (Organoblech) besteht, die von einem <strong>thermoplastischen Wabenkern<\/strong> um eine hohe Steifigkeit bei minimalem Gewicht zu erreichen, ohne dass zus\u00e4tzliche Versteifungsrippen eingearbeitet werden m\u00fcssen, wie es bei Teilen auf der Basis von monolithischem Organoblech oft erforderlich ist.<\/p>\n<p>Die PP-Wabenplatte ist besonders <strong>kosteneffizient<\/strong>, da sie in einem kontinuierlichen Prozess hergestellt wird: Die Deckschichten werden inline aufgebracht und mit dem Wabenkern verschwei\u00dft, w\u00e4hrend dieser produziert wird.<\/p>\n<p>In weiteren Produktionsschritten, vor allem im Hinblick auf die Automobilindustrie, wird dieses <strong><a href=\"https:\/\/organosandwich.de\/en\/\" target=\"_blank\" rel=\"noopener\">Organosandwich<\/a> <\/strong>in<strong> sehr kurzen Zykluszeiten<\/strong> zu fertigen Teilen weiterverarbeitet und funktionalisiert werden. Eine typische Verarbeitungsmethode ist das Formpressen, w\u00e4hrend die Funktionalisierung durch integriertes <strong>Spritzgie\u00dfen<\/strong> realisiert werden kann.<\/p>\n<p>Die PP-Wabenplatte ist ideal f\u00fcr die Gro\u00dfserienproduktion von Komponenten f\u00fcr die Automobilindustrie und viele andere Anwendungen, bei denen Leistung, geringes Gewicht und Kosteneffizienz zusammenkommen m\u00fcssen.<\/p>\n<p>Zu diesen Anwendungen geh\u00f6ren: Kofferraumb\u00f6den und Unterbodenverkleidungen f\u00fcr Autos, B\u00f6den f\u00fcr Minivans und Minibusse, Verkleidungen und Regale, Verkleidungen in Lastwagen und Anh\u00e4ngern, Frachtboxen in Lieferfahrzeugen f\u00fcr die letzte Meile, einschlie\u00dflich Cargo-Bikes und Elektrotransportern, Verkleidungen in Wohnmobilen, Industrieregale und vieles mehr. Die Platten werden oft als Ersatz f\u00fcr Sperrholz und viele andere herk\u00f6mmliche monolithische und Sandwichplatten verwendet.<\/p>\n<p><a href=\"https:\/\/thermhex.com\/wp-content\/uploads\/2022\/09\/ThermHex-composite-panel.png\"><img loading=\"lazy\" decoding=\"async\" class=\"alignnone size-full wp-image-5584 lazyautosizes ls-is-cached lazyloaded\" src=\"https:\/\/thermhex.com\/wp-content\/uploads\/2022\/09\/ThermHex-composite-panel.png\" sizes=\"auto, 936px\" srcset=\"https:\/\/thermhex.com\/wp-content\/uploads\/2022\/09\/ThermHex-composite-panel-50x23.png 50w, https:\/\/thermhex.com\/wp-content\/uploads\/2022\/09\/ThermHex-composite-panel-200x92.png 200w, https:\/\/thermhex.com\/wp-content\/uploads\/2022\/09\/ThermHex-composite-panel-300x138.png 300w, https:\/\/thermhex.com\/wp-content\/uploads\/2022\/09\/ThermHex-composite-panel-400x184.png 400w, https:\/\/thermhex.com\/wp-content\/uploads\/2022\/09\/ThermHex-composite-panel-600x276.png 600w, https:\/\/thermhex.com\/wp-content\/uploads\/2022\/09\/ThermHex-composite-panel-768x354.png 768w, https:\/\/thermhex.com\/wp-content\/uploads\/2022\/09\/ThermHex-composite-panel-800x369.png 800w, https:\/\/thermhex.com\/wp-content\/uploads\/2022\/09\/ThermHex-composite-panel-1024x472.png 1024w, https:\/\/thermhex.com\/wp-content\/uploads\/2022\/09\/ThermHex-composite-panel-1200x553.png 1200w, https:\/\/thermhex.com\/wp-content\/uploads\/2022\/09\/ThermHex-composite-panel-1536x708.png 1536w, https:\/\/thermhex.com\/wp-content\/uploads\/2022\/09\/ThermHex-composite-panel.png 4029w\" alt=\"\" width=\"4029\" height=\"1856\" data-orig-src=\"https:\/\/thermhex.com\/wp-content\/uploads\/2022\/09\/ThermHex-composite-panel.png\" data-srcset=\"https:\/\/thermhex.com\/wp-content\/uploads\/2022\/09\/ThermHex-composite-panel-50x23.png 50w, https:\/\/thermhex.com\/wp-content\/uploads\/2022\/09\/ThermHex-composite-panel-200x92.png 200w, https:\/\/thermhex.com\/wp-content\/uploads\/2022\/09\/ThermHex-composite-panel-300x138.png 300w, https:\/\/thermhex.com\/wp-content\/uploads\/2022\/09\/ThermHex-composite-panel-400x184.png 400w, https:\/\/thermhex.com\/wp-content\/uploads\/2022\/09\/ThermHex-composite-panel-600x276.png 600w, https:\/\/thermhex.com\/wp-content\/uploads\/2022\/09\/ThermHex-composite-panel-768x354.png 768w, https:\/\/thermhex.com\/wp-content\/uploads\/2022\/09\/ThermHex-composite-panel-800x369.png 800w, https:\/\/thermhex.com\/wp-content\/uploads\/2022\/09\/ThermHex-composite-panel-1024x472.png 1024w, https:\/\/thermhex.com\/wp-content\/uploads\/2022\/09\/ThermHex-composite-panel-1200x553.png 1200w, https:\/\/thermhex.com\/wp-content\/uploads\/2022\/09\/ThermHex-composite-panel-1536x708.png 1536w, https:\/\/thermhex.com\/wp-content\/uploads\/2022\/09\/ThermHex-composite-panel.png 4029w\" data-sizes=\"auto\" data-orig-sizes=\"(max-width: 4029px) 100vw, 4029px\" \/><\/a><\/p>\n<p><strong><a href=\"https:\/\/organosandwich.de\/en\/\" target=\"_blank\" rel=\"noopener\">Klicken Sie hier, um mehr \u00fcber das EU-finanzierte gemeinsame Forschungsprojekt Organosandwich zu erfahren.<\/a><\/strong><\/p>\n<\/div>    <\/div>\n<\/div>\n<!-- \/module text -->        <\/div>\n                        <\/div>\n        <\/div>\n                        <div  data-lazy=\"1\" class=\"module_row themify_builder_row tb_eoml554 tf_w\">\n                        <div class=\"row_inner col_align_top gutter-narrow tb_col_count_2 tf_box tf_rel\">\n                        <div  data-lazy=\"1\" class=\"module_column tb-column col4-2 tb_0d07554 first\">\n                    <!-- module image -->\n<div  class=\"module module-image tb_ktn6554 image-top   auto_fullwidth tf_mw\" data-lazy=\"1\">\n        <div class=\"image-wrap tf_rel tf_mw\">\n            <a href=\"https:\/\/10408.klecksquadrat.de\/wp-content\/uploads\/2024\/01\/TH_Brosch_Organosandwich_2023-version.pdf\" class=\"lightbox-builder themify_lightbox\">\n                                   <span class=\"zoom\">\n                <svg  aria-label=\"Open\" class=\"tf_fa tf-ti-search\" xmlns:xlink=\"http:\/\/www.w3.org\/1999\/xlink\" role=\"img\"><use href=\"#tf-ti-search\" xlink:href=\"#tf-ti-search\"><\/use><\/svg>            <\/span>\n                    <img loading=\"lazy\" decoding=\"async\" width=\"556\" height=\"786\" src=\"https:\/\/thermhex.com\/wp-content\/uploads\/2024\/07\/11-59-32-TH_Brosch_Organosandw.png\" class=\"wp-post-image wp-image-7794\" title=\"Brosch\u00fcre\/Datenblatt ThermHex Organosandwich\" alt=\"Brosch\u00fcre\/Datenblatt ThermHex Organosandwich\" srcset=\"https:\/\/thermhex.com\/wp-content\/uploads\/2024\/07\/11-59-32-TH_Brosch_Organosandw.png 556w, https:\/\/thermhex.com\/wp-content\/uploads\/2024\/07\/11-59-32-TH_Brosch_Organosandw-212x300.png 212w\" sizes=\"auto, (max-width: 556px) 100vw, 556px\" \/>        <\/a>\n    \n        <\/div>\n    <!-- \/image-wrap -->\n    \n        <div class=\"image-content\">\n                    <h3 class=\"image-title\">\n                                    <a href=\"https:\/\/10408.klecksquadrat.de\/wp-content\/uploads\/2024\/01\/TH_Brosch_Organosandwich_2023-version.pdf\" class=\"lightbox-builder themify_lightbox\">\n                        Brosch\u00fcre\/Datenblatt ThermHex Organosandwich                    <\/a>\n                            <\/h3>\n                    <\/div>\n    <!-- \/image-content -->\n        <\/div>\n<!-- \/module image -->        <\/div>\n                    <div  data-lazy=\"1\" class=\"module_column tb-column col4-2 tb_j501554 last\">\n                    <!-- module image -->\n<div  class=\"module module-image tb_1gkn554 image-top   tf_mw\" data-lazy=\"1\">\n        <div class=\"image-wrap tf_rel tf_mw\">\n            <img decoding=\"async\" src=\"https:\/\/thermhex.com\/wp-content\/uploads\/2025\/02\/organosandwich-automotive-applications-mini-600x450.jpg.webp\" title=\"Vielf\u00e4ltige Anwendungsm\u00f6glichkeiten in der Automobilindustrie.\" alt=\"Vielf\u00e4ltige Anwendungsm\u00f6glichkeiten in der Automobilindustrie.\">    \n        <\/div>\n    <!-- \/image-wrap -->\n    \n        <div class=\"image-content\">\n                    <h3 class=\"image-title\">\n                                    Vielf\u00e4ltige Anwendungsm\u00f6glichkeiten in der Automobilindustrie.                            <\/h3>\n                    <\/div>\n    <!-- \/image-content -->\n        <\/div>\n<!-- \/module image -->        <\/div>\n                        <\/div>\n        <\/div>\n                        <div  data-lazy=\"1\" class=\"module_row themify_builder_row tb_74vd554 tf_w\">\n                        <div class=\"row_inner col_align_top tb_col_count_1 tf_box tf_rel\">\n                        <div  data-lazy=\"1\" class=\"module_column tb-column col-full tb_e32l554 first\">\n                    <!-- module text -->\n<div  class=\"module module-text tb_f1np914   \" data-lazy=\"1\">\n        <div  class=\"tb_text_wrap\">\n        <p><iframe loading=\"lazy\" width=\"824\" height=\"463\" src=\"https:\/\/www.youtube.com\/embed\/0kd30wfcDS4\" title=\"ThermHex_Organosandwich_OSW-3D-Shell_Gl\u00e4sser_IMWS\" frameborder=\"0\" allow=\"accelerometer; autoplay; clipboard-write; encrypted-media; gyroscope; picture-in-picture; web-share\" referrerpolicy=\"strict-origin-when-cross-origin\" allowfullscreen><\/iframe><\/p>\n    <\/div>\n<\/div>\n<!-- \/module text -->        <\/div>\n                        <\/div>\n        <\/div>\n        <\/div>\n<!--\/themify_builder_content-->","protected":false},"excerpt":{"rendered":"<p>Thermoplastische Sandwichplatte mit PP-Wabenkern und Glasfaser\/PP-H\u00e4uten Vorteile: Gewichtseinsparungen von bis zu 80% im Vergleich zu monolithischem Material m\u00f6glich Deutliche Kostensenkung Hohe Biegesteifigkeit Hohe Druck- und Scherfestigkeit Energieabsorbierend \/ sto\u00dffest Best\u00e4ndig gegen Feuchtigkeit, S\u00e4uren und Basen Einfache und ressourcenschonende Konvertierung Gr\u00fcne und leicht recycelbare L\u00f6sung Die PP-Waben-Sandwichplatte ist eine halbfertige Platte, die aus zwei d\u00fcnnen Au\u00dfenschichten [&hellip;]<\/p>\n","protected":false},"author":1,"featured_media":0,"parent":0,"menu_order":0,"comment_status":"closed","ping_status":"closed","template":"","meta":{"footnotes":""},"class_list":["post-7991","page","type-page","status-publish","hentry","has-post-title","has-post-date","has-post-category","has-post-tag","has-post-comment","has-post-author",""],"builder_content":"<img src=\"https:\/\/thermhex.com\/wp-content\/uploads\/2025\/07\/source_FraunhoferIMWS_Sven-Doering-1200x364.jpg.webp\" title=\"source_FraunhoferIMWS_Sven-Doering-1200x364.jpg\" alt=\"source_FraunhoferIMWS_Sven-Doering-1200x364.jpg\" srcset=\"https:\/\/thermhex.com\/wp-content\/uploads\/2025\/07\/source_FraunhoferIMWS_Sven-Doering-1200x364.jpg.webp 1200w, https:\/\/thermhex.com\/wp-content\/uploads\/2025\/07\/source_FraunhoferIMWS_Sven-Doering-1200x364.jpg-300x91.webp 300w, https:\/\/thermhex.com\/wp-content\/uploads\/2025\/07\/source_FraunhoferIMWS_Sven-Doering-1200x364.jpg-1024x311.webp 1024w, https:\/\/thermhex.com\/wp-content\/uploads\/2025\/07\/source_FraunhoferIMWS_Sven-Doering-1200x364.jpg-768x233.webp 768w\" sizes=\"(max-width: 1200px) 100vw, 1200px\" \/>\n<h2 data-fontsize=\"30\" data-lineheight=\"37.5px\">Thermoplastische Sandwichplatte mit PP-Wabenkern und Glasfaser\/PP-H\u00e4uten<\/h2> <p>Vorteile:<\/p> <ul> <li>Gewichtseinsparungen von bis zu 80% im Vergleich zu monolithischem Material m\u00f6glich<\/li> <li>Deutliche Kostensenkung<\/li> <li>Hohe Biegesteifigkeit<\/li> <li>Hohe Druck- und Scherfestigkeit<\/li> <li>Energieabsorbierend \/ sto\u00dffest<\/li> <li>Best\u00e4ndig gegen Feuchtigkeit, S\u00e4uren und Basen<\/li> <li>Einfache und ressourcenschonende Konvertierung<\/li> <li>Gr\u00fcne und leicht recycelbare L\u00f6sung<\/li> <\/ul> <p>Die PP-Waben-Sandwichplatte ist eine halbfertige Platte, die aus zwei d\u00fcnnen Au\u00dfenschichten aus faserverst\u00e4rkten thermoplastischen Verbundwerkstoffen (Organoblech) besteht, die von einem <strong>thermoplastischen Wabenkern<\/strong> um eine hohe Steifigkeit bei minimalem Gewicht zu erreichen, ohne dass zus\u00e4tzliche Versteifungsrippen eingearbeitet werden m\u00fcssen, wie es bei Teilen auf der Basis von monolithischem Organoblech oft erforderlich ist.<\/p> <p>Die PP-Wabenplatte ist besonders <strong>kosteneffizient<\/strong>, da sie in einem kontinuierlichen Prozess hergestellt wird: Die Deckschichten werden inline aufgebracht und mit dem Wabenkern verschwei\u00dft, w\u00e4hrend dieser produziert wird.<\/p> <p>In weiteren Produktionsschritten, vor allem im Hinblick auf die Automobilindustrie, wird dieses <strong><a href=\"https:\/\/organosandwich.de\/en\/\" target=\"_blank\" rel=\"noopener\">Organosandwich<\/a> <\/strong>in<strong> sehr kurzen Zykluszeiten<\/strong> zu fertigen Teilen weiterverarbeitet und funktionalisiert werden. Eine typische Verarbeitungsmethode ist das Formpressen, w\u00e4hrend die Funktionalisierung durch integriertes <strong>Spritzgie\u00dfen<\/strong> realisiert werden kann.<\/p> <p>Die PP-Wabenplatte ist ideal f\u00fcr die Gro\u00dfserienproduktion von Komponenten f\u00fcr die Automobilindustrie und viele andere Anwendungen, bei denen Leistung, geringes Gewicht und Kosteneffizienz zusammenkommen m\u00fcssen.<\/p> <p>Zu diesen Anwendungen geh\u00f6ren: Kofferraumb\u00f6den und Unterbodenverkleidungen f\u00fcr Autos, B\u00f6den f\u00fcr Minivans und Minibusse, Verkleidungen und Regale, Verkleidungen in Lastwagen und Anh\u00e4ngern, Frachtboxen in Lieferfahrzeugen f\u00fcr die letzte Meile, einschlie\u00dflich Cargo-Bikes und Elektrotransportern, Verkleidungen in Wohnmobilen, Industrieregale und vieles mehr. Die Platten werden oft als Ersatz f\u00fcr Sperrholz und viele andere herk\u00f6mmliche monolithische und Sandwichplatten verwendet.<\/p> <p><a href=\"https:\/\/thermhex.com\/wp-content\/uploads\/2022\/09\/ThermHex-composite-panel.png\"><img loading=\"lazy\" decoding=\"async\" src=\"https:\/\/thermhex.com\/wp-content\/uploads\/2022\/09\/ThermHex-composite-panel.png\" sizes=\"auto, 936px\" srcset=\"https:\/\/thermhex.com\/wp-content\/uploads\/2022\/09\/ThermHex-composite-panel-50x23.png 50w, https:\/\/thermhex.com\/wp-content\/uploads\/2022\/09\/ThermHex-composite-panel-200x92.png 200w, https:\/\/thermhex.com\/wp-content\/uploads\/2022\/09\/ThermHex-composite-panel-300x138.png 300w, https:\/\/thermhex.com\/wp-content\/uploads\/2022\/09\/ThermHex-composite-panel-400x184.png 400w, https:\/\/thermhex.com\/wp-content\/uploads\/2022\/09\/ThermHex-composite-panel-600x276.png 600w, https:\/\/thermhex.com\/wp-content\/uploads\/2022\/09\/ThermHex-composite-panel-768x354.png 768w, https:\/\/thermhex.com\/wp-content\/uploads\/2022\/09\/ThermHex-composite-panel-800x369.png 800w, https:\/\/thermhex.com\/wp-content\/uploads\/2022\/09\/ThermHex-composite-panel-1024x472.png 1024w, https:\/\/thermhex.com\/wp-content\/uploads\/2022\/09\/ThermHex-composite-panel-1200x553.png 1200w, https:\/\/thermhex.com\/wp-content\/uploads\/2022\/09\/ThermHex-composite-panel-1536x708.png 1536w, https:\/\/thermhex.com\/wp-content\/uploads\/2022\/09\/ThermHex-composite-panel.png 4029w\" alt=\"\" width=\"4029\" height=\"1856\" data-orig-src=\"https:\/\/thermhex.com\/wp-content\/uploads\/2022\/09\/ThermHex-composite-panel.png\" data-srcset=\"https:\/\/thermhex.com\/wp-content\/uploads\/2022\/09\/ThermHex-composite-panel-50x23.png 50w, https:\/\/thermhex.com\/wp-content\/uploads\/2022\/09\/ThermHex-composite-panel-200x92.png 200w, https:\/\/thermhex.com\/wp-content\/uploads\/2022\/09\/ThermHex-composite-panel-300x138.png 300w, https:\/\/thermhex.com\/wp-content\/uploads\/2022\/09\/ThermHex-composite-panel-400x184.png 400w, https:\/\/thermhex.com\/wp-content\/uploads\/2022\/09\/ThermHex-composite-panel-600x276.png 600w, https:\/\/thermhex.com\/wp-content\/uploads\/2022\/09\/ThermHex-composite-panel-768x354.png 768w, https:\/\/thermhex.com\/wp-content\/uploads\/2022\/09\/ThermHex-composite-panel-800x369.png 800w, https:\/\/thermhex.com\/wp-content\/uploads\/2022\/09\/ThermHex-composite-panel-1024x472.png 1024w, https:\/\/thermhex.com\/wp-content\/uploads\/2022\/09\/ThermHex-composite-panel-1200x553.png 1200w, https:\/\/thermhex.com\/wp-content\/uploads\/2022\/09\/ThermHex-composite-panel-1536x708.png 1536w, https:\/\/thermhex.com\/wp-content\/uploads\/2022\/09\/ThermHex-composite-panel.png 4029w\" data-sizes=\"auto\" data-orig-sizes=\"(max-width: 4029px) 100vw, 4029px\" \/><\/a><\/p> <p><strong><a href=\"https:\/\/organosandwich.de\/en\/\" target=\"_blank\" rel=\"noopener\">Klicken Sie hier, um mehr \u00fcber das EU-finanzierte gemeinsame Forschungsprojekt Organosandwich zu erfahren.<\/a><\/strong><\/p>\n<a href=\"https:\/\/10408.klecksquadrat.de\/wp-content\/uploads\/2024\/01\/TH_Brosch_Organosandwich_2023-version.pdf\"> <svg aria-label=\"Open\" xmlns:xlink=\"http:\/\/www.w3.org\/1999\/xlink\" role=\"img\"><use href=\"#tf-ti-search\" xlink:href=\"#tf-ti-search\"><\/use><\/svg> <img src=\"https:\/\/thermhex.com\/wp-content\/uploads\/2024\/07\/11-59-32-TH_Brosch_Organosandw.png\" title=\"Brosch\u00fcre\/Datenblatt ThermHex Organosandwich\" alt=\"Brosch\u00fcre\/Datenblatt ThermHex Organosandwich\" srcset=\"https:\/\/thermhex.com\/wp-content\/uploads\/2024\/07\/11-59-32-TH_Brosch_Organosandw.png 556w, https:\/\/thermhex.com\/wp-content\/uploads\/2024\/07\/11-59-32-TH_Brosch_Organosandw-212x300.png 212w\" sizes=\"(max-width: 556px) 100vw, 556px\" \/> <\/a> <h3> <a href=\"https:\/\/10408.klecksquadrat.de\/wp-content\/uploads\/2024\/01\/TH_Brosch_Organosandwich_2023-version.pdf\"> Brosch\u00fcre\/Datenblatt ThermHex Organosandwich <\/a> <\/h3>\n<img src=\"https:\/\/thermhex.com\/wp-content\/uploads\/2025\/02\/organosandwich-automotive-applications-mini-600x450.jpg.webp\" title=\"Vielf\u00e4ltige Anwendungsm\u00f6glichkeiten in der Automobilindustrie.\" alt=\"Vielf\u00e4ltige Anwendungsm\u00f6glichkeiten in der Automobilindustrie.\"> <h3> Vielf\u00e4ltige Anwendungsm\u00f6glichkeiten in der Automobilindustrie. <\/h3>\n<p><iframe loading=\"lazy\" width=\"824\" height=\"463\" src=\"https:\/\/www.youtube.com\/embed\/0kd30wfcDS4\" title=\"ThermHex_Organosandwich_OSW-3D-Shell_Gl\u00e4sser_IMWS\" frameborder=\"0\" allow=\"accelerometer; autoplay; clipboard-write; encrypted-media; gyroscope; picture-in-picture; web-share\" referrerpolicy=\"strict-origin-when-cross-origin\" allowfullscreen><\/iframe><\/p>","_links":{"self":[{"href":"https:\/\/thermhex.com\/de\/wp-json\/wp\/v2\/pages\/7991","targetHints":{"allow":["GET"]}}],"collection":[{"href":"https:\/\/thermhex.com\/de\/wp-json\/wp\/v2\/pages"}],"about":[{"href":"https:\/\/thermhex.com\/de\/wp-json\/wp\/v2\/types\/page"}],"author":[{"embeddable":true,"href":"https:\/\/thermhex.com\/de\/wp-json\/wp\/v2\/users\/1"}],"replies":[{"embeddable":true,"href":"https:\/\/thermhex.com\/de\/wp-json\/wp\/v2\/comments?post=7991"}],"version-history":[{"count":14,"href":"https:\/\/thermhex.com\/de\/wp-json\/wp\/v2\/pages\/7991\/revisions"}],"predecessor-version":[{"id":9772,"href":"https:\/\/thermhex.com\/de\/wp-json\/wp\/v2\/pages\/7991\/revisions\/9772"}],"wp:attachment":[{"href":"https:\/\/thermhex.com\/de\/wp-json\/wp\/v2\/media?parent=7991"}],"curies":[{"name":"wp","href":"https:\/\/api.w.org\/{rel}","templated":true}]}}