{"id":8001,"date":"2024-01-13T15:41:47","date_gmt":"2024-01-13T15:41:47","guid":{"rendered":"https:\/\/thermhex.com\/ueber-uns\/"},"modified":"2026-02-09T11:53:53","modified_gmt":"2026-02-09T11:53:53","slug":"ueber-uns","status":"publish","type":"page","link":"https:\/\/thermhex.com\/de\/ueber-uns\/","title":{"rendered":"\u00dcber uns"},"content":{"rendered":"<!--themify_builder_content-->\n<div id=\"themify_builder_content-8001\" data-postid=\"8001\" class=\"themify_builder_content themify_builder_content-8001 themify_builder tf_clear\">\n                    <div  data-lazy=\"1\" class=\"module_row themify_builder_row tb_n130395 tb_first tf_w\">\n                        <div class=\"row_inner col_align_top tb_col_count_1 tf_box tf_rel\">\n                        <div  data-lazy=\"1\" class=\"module_column tb-column col-full tb_qikz395 first\">\n                    <!-- module text -->\n<div  class=\"module module-text tb_awtl55   \" data-lazy=\"1\">\n        <div  class=\"tb_text_wrap\">\n        <div class=\"fusion-title title fusion-title-1 fusion-sep-none fusion-title-text fusion-title-size-one fusion-border-below-title\">\n<h1 class=\"fusion-responsive-typography-calculated\" data-fontsize=\"32\" data-lineheight=\"48px\">ThermHex Waben Leitbild<\/h1>\n<\/div>\n<div class=\"fusion-text fusion-text-1\">\n<p>Unser Unternehmen stellt PP-Wabenkerne und Platten f\u00fcr <strong>wirtschaftliche<\/strong> Sandwichbauteile her.<\/p>\n<h2 class=\"fusion-responsive-typography-calculated\" data-fontsize=\"30\" data-lineheight=\"37.5px\"><strong>Unser Leitbild<\/strong><\/h2>\n<p>ThermHex Waben GmbH hat es sich zum Ziel gesetzt, <strong>hochwertige<\/strong> Polypropylen-Wabenkerne und -Platten zu liefern, die unseren Kunden helfen, bessere und gleichzeitig wirtschaftlichere <strong>leichte<\/strong> Sandwichbauteile f\u00fcr verschiedene Anwendungen herzustellen.<\/p>\n<p>Wir haben unser Unternehmen gegr\u00fcndet, um unsere Kunden aktiv dabei zu unterst\u00fctzen, die Anforderungen der <strong>Gewichtsreduzierung<\/strong> und der effizienteren Nutzung nat\u00fcrlicher Ressourcen immer besser zu erf\u00fcllen. Wir sind der festen \u00dcberzeugung, dass wir durch die Gewichtsreduzierung bei strukturellen Teilen vieler Produkte dazu beitragen k\u00f6nnen, die Umweltbelastung zu verringern und zur <strong>Nachhaltigkeit<\/strong> beizutragen, w\u00e4hrend wir gleichzeitig einen hohen Lebensstandard beibehalten. <\/p>\n<p>Basierend auf dem effizientesten ThermHex-Produktionsprozess f\u00f6rdern wir aktiv die Verwendung von Polypropylen-Wabenkernen und -Platten in neuen Anwendungen, bei denen Waben, meist aus Kostengr\u00fcnden, bisher nicht in Frage kamen.<\/p>\n<p><strong>Gesch\u00e4ftsf\u00fchrung und Mitarbeiter der ThermHex Waben GmbH<\/strong><\/p>\n<\/div>    <\/div>\n<\/div>\n<!-- \/module text -->        <\/div>\n                        <\/div>\n        <\/div>\n        <\/div>\n<!--\/themify_builder_content-->","protected":false},"excerpt":{"rendered":"<p>ThermHex Waben Leitbild Unser Unternehmen stellt PP-Wabenkerne und Platten f\u00fcr wirtschaftliche Sandwichbauteile her. Unser Leitbild ThermHex Waben GmbH hat es sich zum Ziel gesetzt, hochwertige Polypropylen-Wabenkerne und -Platten zu liefern, die unseren Kunden helfen, bessere und gleichzeitig wirtschaftlichere leichte Sandwichbauteile f\u00fcr verschiedene Anwendungen herzustellen. Wir haben unser Unternehmen gegr\u00fcndet, um unsere Kunden aktiv dabei zu [&hellip;]<\/p>\n","protected":false},"author":1,"featured_media":0,"parent":0,"menu_order":0,"comment_status":"closed","ping_status":"closed","template":"","meta":{"footnotes":""},"class_list":["post-8001","page","type-page","status-publish","hentry","has-post-title","has-post-date","has-post-category","has-post-tag","has-post-comment","has-post-author",""],"builder_content":"<h1 data-fontsize=\"32\" data-lineheight=\"48px\">ThermHex Waben Leitbild<\/h1>\n<p>Unser Unternehmen stellt PP-Wabenkerne und Platten f\u00fcr <strong>wirtschaftliche<\/strong> Sandwichbauteile her.<\/p> <h2 data-fontsize=\"30\" data-lineheight=\"37.5px\"><strong>Unser Leitbild<\/strong><\/h2> <p>ThermHex Waben GmbH hat es sich zum Ziel gesetzt, <strong>hochwertige<\/strong> Polypropylen-Wabenkerne und -Platten zu liefern, die unseren Kunden helfen, bessere und gleichzeitig wirtschaftlichere <strong>leichte<\/strong> Sandwichbauteile f\u00fcr verschiedene Anwendungen herzustellen.<\/p> <p>Wir haben unser Unternehmen gegr\u00fcndet, um unsere Kunden aktiv dabei zu unterst\u00fctzen, die Anforderungen der <strong>Gewichtsreduzierung<\/strong> und der effizienteren Nutzung nat\u00fcrlicher Ressourcen immer besser zu erf\u00fcllen. Wir sind der festen \u00dcberzeugung, dass wir durch die Gewichtsreduzierung bei strukturellen Teilen vieler Produkte dazu beitragen k\u00f6nnen, die Umweltbelastung zu verringern und zur <strong>Nachhaltigkeit<\/strong> beizutragen, w\u00e4hrend wir gleichzeitig einen hohen Lebensstandard beibehalten. <\/p> <p>Basierend auf dem effizientesten ThermHex-Produktionsprozess f\u00f6rdern wir aktiv die Verwendung von Polypropylen-Wabenkernen und -Platten in neuen Anwendungen, bei denen Waben, meist aus Kostengr\u00fcnden, bisher nicht in Frage kamen.<\/p> <p><strong>Gesch\u00e4ftsf\u00fchrung und Mitarbeiter der ThermHex Waben GmbH<\/strong><\/p>","_links":{"self":[{"href":"https:\/\/thermhex.com\/de\/wp-json\/wp\/v2\/pages\/8001","targetHints":{"allow":["GET"]}}],"collection":[{"href":"https:\/\/thermhex.com\/de\/wp-json\/wp\/v2\/pages"}],"about":[{"href":"https:\/\/thermhex.com\/de\/wp-json\/wp\/v2\/types\/page"}],"author":[{"embeddable":true,"href":"https:\/\/thermhex.com\/de\/wp-json\/wp\/v2\/users\/1"}],"replies":[{"embeddable":true,"href":"https:\/\/thermhex.com\/de\/wp-json\/wp\/v2\/comments?post=8001"}],"version-history":[{"count":1,"href":"https:\/\/thermhex.com\/de\/wp-json\/wp\/v2\/pages\/8001\/revisions"}],"predecessor-version":[{"id":9697,"href":"https:\/\/thermhex.com\/de\/wp-json\/wp\/v2\/pages\/8001\/revisions\/9697"}],"wp:attachment":[{"href":"https:\/\/thermhex.com\/de\/wp-json\/wp\/v2\/media?parent=8001"}],"curies":[{"name":"wp","href":"https:\/\/api.w.org\/{rel}","templated":true}]}}