{"id":8025,"date":"2024-01-13T10:39:26","date_gmt":"2024-01-13T10:39:26","guid":{"rendered":"https:\/\/thermhex.com\/verarbeitung\/"},"modified":"2026-02-09T17:28:54","modified_gmt":"2026-02-09T17:28:54","slug":"verarbeitung","status":"publish","type":"page","link":"https:\/\/thermhex.com\/de\/verarbeitung\/","title":{"rendered":"Handhabung und Verarbeitung"},"content":{"rendered":"<!--themify_builder_content-->\n<div id=\"themify_builder_content-8025\" data-postid=\"8025\" class=\"themify_builder_content themify_builder_content-8025 themify_builder tf_clear\">\n                    <div  data-lazy=\"1\" class=\"module_row themify_builder_row tb_o7wk870 tb_first tf_w\">\n                        <div class=\"row_inner col_align_top tb_col_count_1 tf_box tf_rel\">\n                        <div  data-lazy=\"1\" class=\"module_column tb-column col-full tb_afj6870 first\">\n                    <!-- module text -->\n<div  class=\"module module-text tb_5w5n512   \" data-lazy=\"1\">\n        <div  class=\"tb_text_wrap\">\n        <h1 class=\"fusion-responsive-typography-calculated\" data-fontsize=\"30\" data-lineheight=\"37.5px\">Handhabung von Kernmaterial: ThermHex Wabenkerne<\/h1>\n<h3 class=\"fusion-responsive-typography-calculated\" data-fontsize=\"19\" data-lineheight=\"19px\"><img loading=\"lazy\" decoding=\"async\" class=\"size-full wp-image-6027 alignleft tb_selected_img\" src=\"https:\/\/thermhex.com\/wp-content\/uploads\/2024\/01\/thermhex-verarbeitung-verkleben-200x226.jpg.webp\" alt=\"\" width=\"100\" height=\"113\"><\/h3>\n<h2><span style=\"letter-spacing: -0.03em;\">Verklebung von Hautschicht und Wabenkern<\/span><\/h2>\n<p>Bei der Verklebung des ThermHex Wabenkerns ist es wichtig, den richtigen Klebstoff zu verwenden. Der Klebstoff wird ma\u00dfgeblich von den Anforderungen der Sandwichverbindungen bestimmt.<\/p>\n<p>\u00a0<\/p>\n<div><img loading=\"lazy\" decoding=\"async\" class=\"size-full wp-image-6033 alignleft\" style=\"letter-spacing: -0.02em;\" src=\"https:\/\/thermhex.com\/wp-content\/uploads\/2024\/01\/thermhex-verarbeitung-laminieren-200x226.jpg.webp\" alt=\"\" width=\"100\" height=\"113\"><\/div>\n<h2>Laminieren der Au\u00dfenschicht auf den Wabenkern<\/h2>\n<p>ThermHex Wabenkerne k\u00f6nnen mit verschiedenen Methoden laminiert werden, z.B. Handlaminat mit Vakuumformung, Faserharzspritzen, Vakuum oder Licht-RTM. M\u00f6gliche Harztypen sind Polyurethan, Polyester, Epoxid oder Phenol.<\/p>\n<p>\u00a0<\/p>\n<h3 class=\"fusion-responsive-typography-calculated\" data-fontsize=\"19\" data-lineheight=\"19px\"><img loading=\"lazy\" decoding=\"async\" class=\"size-full wp-image-6034 alignleft tb_selected_img\" src=\"https:\/\/thermhex.com\/wp-content\/uploads\/2024\/01\/thermhex-verarbeitung-faserspritzen-200x221.jpg.webp\" alt=\"\" width=\"100\" height=\"110\"><\/h3>\n<h2>Aufspr\u00fchen<\/h2>\n<p>F\u00fcr gro\u00dfe Bauteile oder die Laminierung von ThermHex-Wabenkernen eignet sich das Faser-Harz-Spr\u00fchverfahren gut. Bei diesem Verfahren erfolgt die Zusammenf\u00fchrung der Komponenten (Harz, Reaktant und Verst\u00e4rkungsfaser) sowie die Abscheidung mit einem Faser-Harz-Diffusor.<\/p>\n<p>\u00a0<\/p>\n<p><img loading=\"lazy\" decoding=\"async\" class=\"size-full wp-image-6035 alignleft tb_selected_img\" style=\"letter-spacing: -0.02em;\" src=\"https:\/\/thermhex.com\/wp-content\/uploads\/2024\/01\/thermhex-verarbeitung-formen-200x226.jpg.webp\" alt=\"\" width=\"100\" height=\"113\"><\/p>\n<h2>Formung von Wabenkernen<\/h2>\n<p>Neben der Verformung durch W\u00e4rme ist es auch m\u00f6glich, Wabenkerne mit geringer Dicke (z.B. 3,5 &#8211; 10 mm) bei Raumtemperatur w\u00e4hrend der Aush\u00e4rtung der Hautschichten mit Hilfe von Druck oder Vakuum zu formen.<\/p>\n<p>\u00a0<\/p>\n<h2><img loading=\"lazy\" decoding=\"async\" class=\"size-full wp-image-6036 alignleft tb_selected_img\" src=\"https:\/\/thermhex.com\/wp-content\/uploads\/2024\/01\/thermhex-verarbeitung-schneiden-200x223.jpg.webp\" alt=\"\" width=\"100\" height=\"111\">Schneiden von Wabenkernen<\/h2>\n<p>Das Schneiden von ThermHex Wabenkernen erfolgt mit herk\u00f6mmlichen Werkzeugen und Methoden wie z. B. Kreiss\u00e4ge, Kreismesser, Wasserstrahlschneiden, Laserschneiden, Stanzen usw.<\/p>\n<p>\u00a0<\/p>\n<p>\u00a0<\/p>\n<h3 class=\"fusion-responsive-typography-calculated\" data-fontsize=\"30\" data-lineheight=\"37.5px\"><img loading=\"lazy\" decoding=\"async\" class=\"size-full wp-image-6037 alignleft tb_selected_img\" src=\"https:\/\/thermhex.com\/wp-content\/uploads\/2024\/01\/thermhex-verarbeitung-plattenkanten-200x226.jpg.webp\" alt=\"\" width=\"100\" height=\"112\"><\/h3>\n<h2>Kantenverschluss und Lastaufbringung<\/h2>\n<p>Je nach Art des Verfahrens, der Verwendung und des Drucks auf das fertige Blatt sind verschiedene Kantenverschl\u00fcsse m\u00f6glich. F\u00fcr Lasteinleitungspunkte empfiehlt es sich, mit Einlagen zu arbeiten, die die beiden Hautschichten verbinden, um eine h\u00f6here Lasteinleitung zu erreichen.<\/p>    <\/div>\n<\/div>\n<!-- \/module text -->        <\/div>\n                        <\/div>\n        <\/div>\n        <\/div>\n<!--\/themify_builder_content-->","protected":false},"excerpt":{"rendered":"<p>Handhabung von Kernmaterial: ThermHex Wabenkerne Verklebung von Hautschicht und Wabenkern Bei der Verklebung des ThermHex Wabenkerns ist es wichtig, den richtigen Klebstoff zu verwenden. Der Klebstoff wird ma\u00dfgeblich von den Anforderungen der Sandwichverbindungen bestimmt. \u00a0 Laminieren der Au\u00dfenschicht auf den Wabenkern ThermHex Wabenkerne k\u00f6nnen mit verschiedenen Methoden laminiert werden, z.B. Handlaminat mit Vakuumformung, Faserharzspritzen, Vakuum [&hellip;]<\/p>\n","protected":false},"author":1,"featured_media":0,"parent":0,"menu_order":0,"comment_status":"closed","ping_status":"closed","template":"","meta":{"footnotes":""},"class_list":["post-8025","page","type-page","status-publish","hentry","has-post-title","has-post-date","has-post-category","has-post-tag","has-post-comment","has-post-author",""],"builder_content":"<h1 data-fontsize=\"30\" data-lineheight=\"37.5px\">Handhabung von Kernmaterial: ThermHex Wabenkerne<\/h1> <h3 data-fontsize=\"19\" data-lineheight=\"19px\"><img loading=\"lazy\" decoding=\"async\" src=\"https:\/\/thermhex.com\/wp-content\/uploads\/2024\/01\/thermhex-verarbeitung-verkleben-200x226.jpg.webp\" alt=\"\" width=\"100\" height=\"113\"><\/h3> <h2>Verklebung von Hautschicht und Wabenkern<\/h2> <p>Bei der Verklebung des ThermHex Wabenkerns ist es wichtig, den richtigen Klebstoff zu verwenden. Der Klebstoff wird ma\u00dfgeblich von den Anforderungen der Sandwichverbindungen bestimmt.<\/p> <p>\u00a0<\/p> <img loading=\"lazy\" decoding=\"async\" style=\"letter-spacing: -0.02em;\" src=\"https:\/\/thermhex.com\/wp-content\/uploads\/2024\/01\/thermhex-verarbeitung-laminieren-200x226.jpg.webp\" alt=\"\" width=\"100\" height=\"113\"> <h2>Laminieren der Au\u00dfenschicht auf den Wabenkern<\/h2> <p>ThermHex Wabenkerne k\u00f6nnen mit verschiedenen Methoden laminiert werden, z.B. Handlaminat mit Vakuumformung, Faserharzspritzen, Vakuum oder Licht-RTM. M\u00f6gliche Harztypen sind Polyurethan, Polyester, Epoxid oder Phenol.<\/p> <p>\u00a0<\/p> <h3 data-fontsize=\"19\" data-lineheight=\"19px\"><img loading=\"lazy\" decoding=\"async\" src=\"https:\/\/thermhex.com\/wp-content\/uploads\/2024\/01\/thermhex-verarbeitung-faserspritzen-200x221.jpg.webp\" alt=\"\" width=\"100\" height=\"110\"><\/h3> <h2>Aufspr\u00fchen<\/h2> <p>F\u00fcr gro\u00dfe Bauteile oder die Laminierung von ThermHex-Wabenkernen eignet sich das Faser-Harz-Spr\u00fchverfahren gut. Bei diesem Verfahren erfolgt die Zusammenf\u00fchrung der Komponenten (Harz, Reaktant und Verst\u00e4rkungsfaser) sowie die Abscheidung mit einem Faser-Harz-Diffusor.<\/p> <p>\u00a0<\/p> <p><img loading=\"lazy\" decoding=\"async\" style=\"letter-spacing: -0.02em;\" src=\"https:\/\/thermhex.com\/wp-content\/uploads\/2024\/01\/thermhex-verarbeitung-formen-200x226.jpg.webp\" alt=\"\" width=\"100\" height=\"113\"><\/p> <h2>Formung von Wabenkernen<\/h2> <p>Neben der Verformung durch W\u00e4rme ist es auch m\u00f6glich, Wabenkerne mit geringer Dicke (z.B. 3,5 - 10 mm) bei Raumtemperatur w\u00e4hrend der Aush\u00e4rtung der Hautschichten mit Hilfe von Druck oder Vakuum zu formen.<\/p> <p>\u00a0<\/p> <h2><img loading=\"lazy\" decoding=\"async\" src=\"https:\/\/thermhex.com\/wp-content\/uploads\/2024\/01\/thermhex-verarbeitung-schneiden-200x223.jpg.webp\" alt=\"\" width=\"100\" height=\"111\">Schneiden von Wabenkernen<\/h2> <p>Das Schneiden von ThermHex Wabenkernen erfolgt mit herk\u00f6mmlichen Werkzeugen und Methoden wie z. B. Kreiss\u00e4ge, Kreismesser, Wasserstrahlschneiden, Laserschneiden, Stanzen usw.<\/p> <p>\u00a0<\/p> <p>\u00a0<\/p> <h3 data-fontsize=\"30\" data-lineheight=\"37.5px\"><img loading=\"lazy\" decoding=\"async\" src=\"https:\/\/thermhex.com\/wp-content\/uploads\/2024\/01\/thermhex-verarbeitung-plattenkanten-200x226.jpg.webp\" alt=\"\" width=\"100\" height=\"112\"><\/h3> <h2>Kantenverschluss und Lastaufbringung<\/h2> <p>Je nach Art des Verfahrens, der Verwendung und des Drucks auf das fertige Blatt sind verschiedene Kantenverschl\u00fcsse m\u00f6glich. F\u00fcr Lasteinleitungspunkte empfiehlt es sich, mit Einlagen zu arbeiten, die die beiden Hautschichten verbinden, um eine h\u00f6here Lasteinleitung zu erreichen.<\/p>","_links":{"self":[{"href":"https:\/\/thermhex.com\/de\/wp-json\/wp\/v2\/pages\/8025","targetHints":{"allow":["GET"]}}],"collection":[{"href":"https:\/\/thermhex.com\/de\/wp-json\/wp\/v2\/pages"}],"about":[{"href":"https:\/\/thermhex.com\/de\/wp-json\/wp\/v2\/types\/page"}],"author":[{"embeddable":true,"href":"https:\/\/thermhex.com\/de\/wp-json\/wp\/v2\/users\/1"}],"replies":[{"embeddable":true,"href":"https:\/\/thermhex.com\/de\/wp-json\/wp\/v2\/comments?post=8025"}],"version-history":[{"count":8,"href":"https:\/\/thermhex.com\/de\/wp-json\/wp\/v2\/pages\/8025\/revisions"}],"predecessor-version":[{"id":9912,"href":"https:\/\/thermhex.com\/de\/wp-json\/wp\/v2\/pages\/8025\/revisions\/9912"}],"wp:attachment":[{"href":"https:\/\/thermhex.com\/de\/wp-json\/wp\/v2\/media?parent=8025"}],"curies":[{"name":"wp","href":"https:\/\/api.w.org\/{rel}","templated":true}]}}