{"id":8027,"date":"2024-01-13T09:45:07","date_gmt":"2024-01-13T09:45:07","guid":{"rendered":"https:\/\/thermhex.com\/eigenschaften\/"},"modified":"2026-02-09T13:32:25","modified_gmt":"2026-02-09T13:32:25","slug":"eigenschaften","status":"publish","type":"page","link":"https:\/\/thermhex.com\/de\/eigenschaften\/","title":{"rendered":"Produkteigenschaften PP"},"content":{"rendered":"<!--themify_builder_content-->\n<div id=\"themify_builder_content-8027\" data-postid=\"8027\" class=\"themify_builder_content themify_builder_content-8027 themify_builder tf_clear\">\n                    <div  data-lazy=\"1\" class=\"module_row themify_builder_row tb_xsu1940 tb_first tf_w\">\n                        <div class=\"row_inner col_align_middle gutter-narrow tb_col_count_2 tf_box tf_rel\">\n                        <div  data-lazy=\"1\" class=\"module_column tb-column col4-2 tb_a203940 first\">\n                    <!-- module text -->\n<div  class=\"module module-text tb_j1jl520   \" data-lazy=\"1\">\n        <div  class=\"tb_text_wrap\">\n        <div class=\"fusion-fullwidth fullwidth-box fusion-builder-row-1 nonhundred-percent-fullwidth non-hundred-percent-height-scrolling\">\n<div class=\"fusion-builder-row fusion-row\">\n<div class=\"fusion-layout-column fusion_builder_column fusion-builder-column-0 fusion_builder_column_1_1 1_1 fusion-one-full fusion-column-first fusion-column-last\">\n<div class=\"fusion-column-wrapper fusion-flex-column-wrapper-legacy\">\n<div class=\"fusion-title title fusion-title-6 fusion-sep-none fusion-title-text fusion-title-size-two fusion-border-below-title\">\n<h1 class=\"fusion-responsive-typography-calculated\" data-fontsize=\"30\" data-lineheight=\"37.5px\">Produkteigenschaften und Nomenklatur<\/h1>\n<p>Die physikalischen Eigenschaften von ThermHex Wabenkernen werden haupts\u00e4chlich durch die folgenden Merkmale definiert:<\/p>\n<\/div>\n<\/div>\n<\/div>\n<\/div>\n<\/div>\n<div class=\"fusion-fullwidth fullwidth-box fusion-builder-row-2 nonhundred-percent-fullwidth non-hundred-percent-height-scrolling\">\n<div class=\"fusion-builder-row fusion-row\">\n<div class=\"fusion-layout-column fusion_builder_column fusion-builder-column-1 fusion_builder_column_2_3 2_3 fusion-two-third fusion-column-first\">\n<div class=\"fusion-column-wrapper fusion-flex-column-wrapper-legacy\">\n<div class=\"fusion-text fusion-text-2\">\n<h2 class=\"fusion-responsive-typography-calculated\" data-fontsize=\"19\" data-lineheight=\"19px\">Kerndicke und Zellgr\u00f6\u00dfe<\/h2>\n<p>ThermHex Wabenkerne werden in verschiedenen Kerndicken und Zellgr\u00f6\u00dfen hergestellt.<\/p>\n<h3><strong>Kerndicke (mm) Zellengr\u00f6\u00dfe (mm)<\/strong><\/h3>\n<h3>3,5 3<br>5 \/ 6 4<br>8 \/10 8<br>12 \/ 15 \/ 20 5<br>23 9,6<br>28 9,6<\/h3>\n<\/div>\n<\/div>\n<\/div>\n<\/div>\n<\/div>    <\/div>\n<\/div>\n<!-- \/module text -->        <\/div>\n                    <div  data-lazy=\"1\" class=\"module_column tb-column col4-2 tb_ulug395 last\">\n                    <!-- module image -->\n<div  class=\"module module-image tb_g0fe363 image-right   tf_mw\" data-lazy=\"1\">\n        <div class=\"image-wrap tf_rel tf_mw\">\n            <img loading=\"lazy\" decoding=\"async\" src=\"https:\/\/thermhex.com\/wp-content\/uploads\/2024\/07\/ThermHex-Materialstruktur-in-Wabe-400x433.jpg-250x271.webp\" width=\"250\" height=\"271\" class=\"wp-post-image wp-image-7784\" title=\"ThermHex-Materialstruktur-in-Wabe-400x433.jpg\" alt=\"ThermHex-Materialstruktur-in-Wabe-400x433.jpg\" srcset=\"https:\/\/thermhex.com\/wp-content\/uploads\/2024\/07\/ThermHex-Materialstruktur-in-Wabe-400x433.jpg-250x271.webp 250w, https:\/\/thermhex.com\/wp-content\/uploads\/2024\/07\/ThermHex-Materialstruktur-in-Wabe-400x433.jpg-277x300.webp 277w, https:\/\/thermhex.com\/wp-content\/uploads\/2024\/07\/ThermHex-Materialstruktur-in-Wabe-400x433.jpg.webp 400w\" sizes=\"auto, (max-width: 250px) 100vw, 250px\" \/>    \n        <\/div>\n    <!-- \/image-wrap -->\n    \n        <\/div>\n<!-- \/module image -->        <\/div>\n                        <\/div>\n        <\/div>\n                        <div  data-lazy=\"1\" class=\"module_row themify_builder_row tb_d94q457 tf_w\">\n                        <div class=\"row_inner col_align_top tb_col_count_1 tf_box tf_rel\">\n                        <div  data-lazy=\"1\" class=\"module_column tb-column col-full tb_8ulu457 first\">\n                    <!-- module text -->\n<div  class=\"module module-text tb_oe5q216   \" data-lazy=\"1\">\n        <div  class=\"tb_text_wrap\">\n        <h2 class=\"fusion-responsive-typography-calculated\" data-fontsize=\"19\" data-lineheight=\"19px\"><strong>Dichte<\/strong><\/h2>\n<p>PP-Wabenkerne k\u00f6nnen mit Dichten von 60 \u2013 120 kg\/m\u00b3 hergestellt werden.<\/p>\n<p>Unser Standard-PP-Wabenkern hat eine Dichte von 80-90 kg\/m\u00b3 und eine Druckfestigkeit von 1, 2 MPa und einen Druckmodul von 40 MPa. <\/p>\n<p>Das Standardma\u00df (bxl) ist 1200mm x 2500mm. Andere Abmessungen sind auf Anfrage erh\u00e4ltlich.<\/p>\n<p><strong><span style=\"font-size: 24px;letter-spacing: -0.03em\">Deckschichten<\/span><\/strong><\/p>\n<p>ThermHex PP-Wabenkerne sind standardm\u00e4\u00dfig mit einer PP-Barrierefolie und einem PET-Vlies versehen.<\/p>\n<p>In der Nomenklatur bezieht sich \u201eF\u201c auf die Verwendung einer PP-Barrierefolie, die die Harzaufnahme w\u00e4hrend des Laminiervorgangs bei unseren Kunden verhindert.<\/p>\n<p>\u201eN\u201c bedeutet die Verwendung eines PET-Vlieses, um die Verbindung mit dem Harzsystem bei der Weiterverarbeitung durch unsere Kunden sicherzustellen.<\/p>\n<div class=\"fusion-fullwidth fullwidth-box fusion-builder-row-3 nonhundred-percent-fullwidth non-hundred-percent-height-scrolling\">\n<div class=\"fusion-builder-row fusion-row\">\n<div class=\"fusion-layout-column fusion_builder_column fusion-builder-column-3 fusion_builder_column_1_1 1_1 fusion-one-full fusion-column-first fusion-column-last\">\n<div class=\"fusion-column-wrapper fusion-flex-column-wrapper-legacy\">\n<div class=\"fusion-text fusion-text-3\">\n<h2 class=\"fusion-responsive-typography-calculated\" data-fontsize=\"19\" data-lineheight=\"19px\"><strong>Nomenklatur<\/strong><\/h2>\n<\/div>\n<p><img loading=\"lazy\" decoding=\"async\" class=\"alignnone wp-image-6015 size-full tb_selected_img\" src=\"https:\/\/thermhex.com\/wp-content\/uploads\/2024\/01\/Nomenklatur.webp\" alt=\"\" width=\"520\" height=\"260\" srcset=\"https:\/\/thermhex.com\/wp-content\/uploads\/2024\/01\/Nomenklatur.webp 600w, https:\/\/thermhex.com\/wp-content\/uploads\/2024\/01\/Nomenklatur-300x150.webp 300w\" sizes=\"auto, (max-width: 520px) 100vw, 520px\" \/><\/p>\n<div class=\"fusion-sep-clear\">Die Nomenklatur der ThermHex-Produkte ist leicht zu verstehen. Der Produktname liefert alle wichtigen Informationen auf einen Blick.<\/div>\n<h2>Beispiel: 12THPP80-FN<\/h2>\n<p>Dabei steht &#8222;12&#8220; f\u00fcr die Kerndicke, &#8222;TH&#8220; f\u00fcr ThermHex, &#8222;PP&#8220; f\u00fcr Polypropylen und &#8222;80&#8220; f\u00fcr die Dichte. &#8222;F&#8220;, &#8222;N&#8220; &#8211; siehe Deckschichten<\/p>\n<div class=\"fusion-text fusion-text-4\">\n<h3><strong>Andere Bezeichnungen:<\/strong><\/h3>\n<p>&#8222;S&#8220; bedeutet, dass die Platten in einem 50 x 50 mm Muster geschlitzt sind, wodurch der PP-Kern bei der Verarbeitung bei unseren Kunden gekr\u00fcmmten Formen folgen kann.<\/p>\n<h2><strong>Toleranzen<\/strong><\/h2>\n<\/div>\n<div class=\"fusion-text fusion-text-5\">\n<p>L\u00e4nge: +10 \/ -1 mm<br>Breite: +2 \/ -1 mm<br>Dicke: + \/ &#8211; 0.3 mm<br>Gewicht: + \/ &#8211; 10%<\/p>\n<h2 class=\"fusion-responsive-typography-calculated\" data-fontsize=\"19\" data-lineheight=\"19px\"><strong>Lagerung<\/strong><\/h2>\n<p>Der ThermHex PP-Wabenkern sollte flach und horizontal in einem trockenen und \u00fcberdachten Bereich gelagert werden. Bitte sch\u00fctzen Sie das Material vor UV-Strahlung und extremen Temperaturen. Wenn die Oberfl\u00e4che feucht ist, trocknen Sie sie bitte vor der Verwendung.<\/p>\n<\/div>\n<div class=\"fusion-clearfix\"> <\/div>\n<\/div>\n<\/div>\n<\/div>\n<\/div>    <\/div>\n<\/div>\n<!-- \/module text -->        <\/div>\n                        <\/div>\n        <\/div>\n        <\/div>\n<!--\/themify_builder_content-->","protected":false},"excerpt":{"rendered":"<p>Produkteigenschaften und Nomenklatur Die physikalischen Eigenschaften von ThermHex Wabenkernen werden haupts\u00e4chlich durch die folgenden Merkmale definiert: Kerndicke und Zellgr\u00f6\u00dfe ThermHex Wabenkerne werden in verschiedenen Kerndicken und Zellgr\u00f6\u00dfen hergestellt. Kerndicke (mm) Zellengr\u00f6\u00dfe (mm) 3,5 35 \/ 6 48 \/10 812 \/ 15 \/ 20 523 9,628 9,6<\/p>\n","protected":false},"author":1,"featured_media":0,"parent":0,"menu_order":0,"comment_status":"closed","ping_status":"closed","template":"","meta":{"footnotes":""},"class_list":["post-8027","page","type-page","status-publish","hentry","has-post-title","has-post-date","has-post-category","has-post-tag","has-post-comment","has-post-author",""],"builder_content":"<h1 data-fontsize=\"30\" data-lineheight=\"37.5px\">Produkteigenschaften und Nomenklatur<\/h1> <p>Die physikalischen Eigenschaften von ThermHex Wabenkernen werden haupts\u00e4chlich durch die folgenden Merkmale definiert:<\/p>\n<h2 data-fontsize=\"19\" data-lineheight=\"19px\">Kerndicke und Zellgr\u00f6\u00dfe<\/h2> <p>ThermHex Wabenkerne werden in verschiedenen Kerndicken und Zellgr\u00f6\u00dfen hergestellt.<\/p> <h3><strong>Kerndicke (mm) Zellengr\u00f6\u00dfe (mm)<\/strong><\/h3> <h3>3,5 3<br>5 \/ 6 4<br>8 \/10 8<br>12 \/ 15 \/ 20 5<br>23 9,6<br>28 9,6<\/h3>\n<img src=\"https:\/\/thermhex.com\/wp-content\/uploads\/2024\/07\/ThermHex-Materialstruktur-in-Wabe-400x433.jpg-250x271.webp\" width=\"250\" height=\"271\" title=\"ThermHex-Materialstruktur-in-Wabe-400x433.jpg\" alt=\"ThermHex-Materialstruktur-in-Wabe-400x433.jpg\" srcset=\"https:\/\/thermhex.com\/wp-content\/uploads\/2024\/07\/ThermHex-Materialstruktur-in-Wabe-400x433.jpg-250x271.webp 250w, https:\/\/thermhex.com\/wp-content\/uploads\/2024\/07\/ThermHex-Materialstruktur-in-Wabe-400x433.jpg-277x300.webp 277w, https:\/\/thermhex.com\/wp-content\/uploads\/2024\/07\/ThermHex-Materialstruktur-in-Wabe-400x433.jpg.webp 400w\" sizes=\"(max-width: 250px) 100vw, 250px\" \/>\n<h2 data-fontsize=\"19\" data-lineheight=\"19px\"><strong>Dichte<\/strong><\/h2> <p>PP-Wabenkerne k\u00f6nnen mit Dichten von 60 \u2013 120 kg\/m\u00b3 hergestellt werden.<\/p> <p>Unser Standard-PP-Wabenkern hat eine Dichte von 80-90 kg\/m\u00b3 und eine Druckfestigkeit von 1, 2 MPa und einen Druckmodul von 40 MPa. <\/p> <p>Das Standardma\u00df (bxl) ist 1200mm x 2500mm. Andere Abmessungen sind auf Anfrage erh\u00e4ltlich.<\/p> <p><strong>Deckschichten<\/strong><\/p> <p>ThermHex PP-Wabenkerne sind standardm\u00e4\u00dfig mit einer PP-Barrierefolie und einem PET-Vlies versehen.<\/p> <p>In der Nomenklatur bezieht sich \u201eF\u201c auf die Verwendung einer PP-Barrierefolie, die die Harzaufnahme w\u00e4hrend des Laminiervorgangs bei unseren Kunden verhindert.<\/p> <p>\u201eN\u201c bedeutet die Verwendung eines PET-Vlieses, um die Verbindung mit dem Harzsystem bei der Weiterverarbeitung durch unsere Kunden sicherzustellen.<\/p>\n<h2 data-fontsize=\"19\" data-lineheight=\"19px\"><strong>Nomenklatur<\/strong><\/h2>\n<p><img loading=\"lazy\" decoding=\"async\" src=\"https:\/\/thermhex.com\/wp-content\/uploads\/2024\/01\/Nomenklatur.webp\" alt=\"\" width=\"520\" height=\"260\" srcset=\"https:\/\/thermhex.com\/wp-content\/uploads\/2024\/01\/Nomenklatur.webp 600w, https:\/\/thermhex.com\/wp-content\/uploads\/2024\/01\/Nomenklatur-300x150.webp 300w\" sizes=\"auto, (max-width: 520px) 100vw, 520px\" \/><\/p> Die Nomenklatur der ThermHex-Produkte ist leicht zu verstehen. Der Produktname liefert alle wichtigen Informationen auf einen Blick. <h2>Beispiel: 12THPP80-FN<\/h2> <p>Dabei steht \"12\" f\u00fcr die Kerndicke, \"TH\" f\u00fcr ThermHex, \"PP\" f\u00fcr Polypropylen und \"80\" f\u00fcr die Dichte. \"F\", \"N\" - siehe Deckschichten<\/p>\n<h3><strong>Andere Bezeichnungen:<\/strong><\/h3> <p>\"S\" bedeutet, dass die Platten in einem 50 x 50 mm Muster geschlitzt sind, wodurch der PP-Kern bei der Verarbeitung bei unseren Kunden gekr\u00fcmmten Formen folgen kann.<\/p> <h2><strong>Toleranzen<\/strong><\/h2>\n<p>L\u00e4nge: +10 \/ -1 mm<br>Breite: +2 \/ -1 mm<br>Dicke: + \/ - 0.3 mm<br>Gewicht: + \/ - 10%<\/p> <h2 data-fontsize=\"19\" data-lineheight=\"19px\"><strong>Lagerung<\/strong><\/h2> <p>Der ThermHex PP-Wabenkern sollte flach und horizontal in einem trockenen und \u00fcberdachten Bereich gelagert werden. Bitte sch\u00fctzen Sie das Material vor UV-Strahlung und extremen Temperaturen. Wenn die Oberfl\u00e4che feucht ist, trocknen Sie sie bitte vor der Verwendung.<\/p>","_links":{"self":[{"href":"https:\/\/thermhex.com\/de\/wp-json\/wp\/v2\/pages\/8027","targetHints":{"allow":["GET"]}}],"collection":[{"href":"https:\/\/thermhex.com\/de\/wp-json\/wp\/v2\/pages"}],"about":[{"href":"https:\/\/thermhex.com\/de\/wp-json\/wp\/v2\/types\/page"}],"author":[{"embeddable":true,"href":"https:\/\/thermhex.com\/de\/wp-json\/wp\/v2\/users\/1"}],"replies":[{"embeddable":true,"href":"https:\/\/thermhex.com\/de\/wp-json\/wp\/v2\/comments?post=8027"}],"version-history":[{"count":7,"href":"https:\/\/thermhex.com\/de\/wp-json\/wp\/v2\/pages\/8027\/revisions"}],"predecessor-version":[{"id":9768,"href":"https:\/\/thermhex.com\/de\/wp-json\/wp\/v2\/pages\/8027\/revisions\/9768"}],"wp:attachment":[{"href":"https:\/\/thermhex.com\/de\/wp-json\/wp\/v2\/media?parent=8027"}],"curies":[{"name":"wp","href":"https:\/\/api.w.org\/{rel}","templated":true}]}}