{"id":9278,"date":"2026-01-27T10:59:15","date_gmt":"2026-01-27T10:59:15","guid":{"rendered":"https:\/\/thermhex.com\/pei-wabenkerne\/"},"modified":"2026-02-09T13:05:01","modified_gmt":"2026-02-09T13:05:01","slug":"pei-wabenkerne","status":"publish","type":"page","link":"https:\/\/thermhex.com\/de\/pei-wabenkerne\/","title":{"rendered":"PEI Wabenkerne"},"content":{"rendered":"<!--themify_builder_content-->\n<div id=\"themify_builder_content-9278\" data-postid=\"9278\" class=\"themify_builder_content themify_builder_content-9278 themify_builder tf_clear\">\n                    <div  data-lazy=\"1\" class=\"module_row themify_builder_row tb_ae9f678 tb_first tf_w\">\n                        <div class=\"row_inner col_align_top tb_col_count_1 tf_box tf_rel\">\n                        <div  data-lazy=\"1\" class=\"module_column tb-column col-full tb_gagc678 first\">\n                    <!-- module image -->\n<div  class=\"module module-image tb_dgn7678 image-top   tf_mw\" data-lazy=\"1\">\n        <div class=\"image-wrap tf_rel tf_mw\">\n            <img decoding=\"async\" src=\"https:\/\/thermhex.com\/wp-content\/uploads\/2026\/01\/PEI-Honeycomb-Core-Copyright-by-ThermHex-2026-scaled-e1769507270809.jpg\" class=\"wp-post-image wp-image-9222\" title=\"PEI Honeycomb Core Copyright by ThermHex 2026\" alt=\"PEI Honeycomb Core Material Picture Copyright by ThermHex 2026.jpg\">    \n        <\/div>\n    <!-- \/image-wrap -->\n    \n        <\/div>\n<!-- \/module image -->        <\/div>\n                        <\/div>\n        <\/div>\n                        <div  data-lazy=\"1\" class=\"module_row themify_builder_row tb_w6kd286 tf_w\">\n                        <div class=\"row_inner col_align_top tb_col_count_1 tf_box tf_rel\">\n                        <div  data-lazy=\"1\" class=\"module_column tb-column col-full tb_65it286 first\">\n                    <!-- module text -->\n<div  class=\"module module-text tb_9d73286   \" data-lazy=\"1\">\n        <div  class=\"tb_text_wrap\">\n        <div class=\"fusion-text fusion-text-1\">\n<h1><span style=\"font-weight: bold\">PEI Wabenkerne: nachhaltig und leistungsstark<\/span><\/h1>\n<h2><strong>Kerpunkte:<\/strong><\/h2>\n<ul>\n<li>Luft- und Raumfahrtkomponenten mit thermoplastischen PEI-Wabenkernen sind hinsichtlich Gewicht und Kosten konkurrenzf\u00e4hig zu herk\u00f6mmlichen duroplastischen Sandwichplatten und -komponenten.<\/li>\n<li>ThermHex PEI-Waben erm\u00f6glichen eine Verbesserung der Brandschutz- und FST-Leistung im Vergleich zu herk\u00f6mmlichen Platten.<\/li>\n<li>Die wellenf\u00f6rmige Zellwandgeometrie bietet eine bemerkenswerte Steigerung der mechanischen Leistungsf\u00e4higkeit von PEI-Waben im Vergleich zu Waben mit hexagonaler Geometrie.<\/li>\n<li>Dieser thermoplastische Wabenkern ist thermoformbar und kann mit herk\u00f6mmlichen Formpressverfahren zu 3D-Sandwichteilen verarbeitet werden.<\/li>\n<li>Kontinuierlich hergestellte PEI-Thermoplast-Waben sind ein wichtiger Schritt zur Reduzierung des\n<p><sub>CO2<\/sub>-Fu\u00dfabdrucks und ebnen den Weg f\u00fcr recycelbare Flugzeuginnenverkleidungen und -teile.<\/p>\n<\/li>\n<\/ul>\n<p>Polyetherimid (PEI)-Wabenkernmaterialien sind thermoplastische Kerne, die entwickelt wurden, um eine nachhaltigere Materiall\u00f6sung zu bieten &#8211; insbesondere f\u00fcr Anwendungen in der Luft- und Raumfahrt oder f\u00fcr Innenausstattungskomponenten in Z\u00fcgen, wo seit langem nicht recycelbare thermoplastische Phenolharz-Wabenkernmaterialien verwendet werden. Mit ThermHex PEI-Wabenkernen kann die moderne Industrie nun recycelbare Produktionsmaterialien verwenden, ohne Kompromisse bei den Marktanforderungen hinsichtlich Brandschutz, Gewicht und Leistung eingehen zu m\u00fcssen. Denn ihre optimal strukturierte Innengeometrie erh\u00f6ht die Knickfestigkeit unter Druck- und Scherbelastungen au\u00dferhalb der Ebene drastisch.  <\/p>\n<h3><strong>Wichtige Anwendungsbereiche von PEI-Wabenkernen: Die Innenausstattung von Flugzeugen und Z\u00fcgen<\/strong><\/h3>\n<p>ThermHex PEI-Wabenkernplatten werden mit der bew\u00e4hrten EconCore-Technologie effizient hergestellt und bieten ein gro\u00dfes Potenzial zur Steigerung der Produktionseffizienz. Bei der Entwicklung dieses Produkts standen Gesundheit, Brandschutz und Umwelt im Vordergrund.<br>PEI-Wabenkernmaterialien werden in der Regel mit faserverst\u00e4rkten thermoplastischen Verbundwerkstoffen laminiert, um eine monomaterielle, vollst\u00e4ndig thermoplastische und thermoformbare Sandwichl\u00f6sung zu schaffen. In anderen F\u00e4llen kann dieses Wabenkernmaterial mit duroplastischen (z. B. Epoxid-) Prepreg-Deckschichten laminiert werden, wodurch die Herstellung von phenolfreien Platten erm\u00f6glicht wird.  <\/p>\n<h3><strong>Neues Patent bringt entscheidende Vorteile bei der Knickfestigkeit<\/strong><\/h3>\n<p>Nicht zuletzt ist eine wichtige Innovation dieser Technologie die neue patentierte ThermHex-Wellwand von EconCore, die es erm\u00f6glicht, die PEI-Wabenstruktur auf den konservativen Luft- und Raumfahrtmarkt zu bringen. Denn die kontinuierlich hergestellte PEI-Wabenstruktur verf\u00fcgt \u00fcber optimal strukturierte Wellw\u00e4nde, die ihre Widerstandsf\u00e4higkeit gegen Knicken unter Druck- und Scherbelastungen au\u00dferhalb der Ebene drastisch erh\u00f6hen \u2013 die wichtigsten mechanischen Eigenschaften von Wabenkernen. <\/p>\n<p> <\/p>\n<h2><strong>Produkteigenschaften<\/strong><\/h2>\n<p>Die physikalischen Eigenschaften von ThermHex Wabenkernen werden haupts\u00e4chlich durch die folgenden Merkmale definiert:<\/p>\n<h3><strong>Kerndicke und Zellgr\u00f6\u00dfe<\/strong><\/h3>\n<p>ThermHex PEI-Wabenkernplatten werden in verschiedenen Kerndicken und Zellgr\u00f6\u00dfen hergestellt. Die verf\u00fcgbaren Konfigurationen entnehmen Sie bitte den Datenbl\u00e4ttern oder fragen Sie uns. <\/p>\n<h3><strong>Dichte<\/strong><\/h3>\n<p>ThermHex PEI-Wabenkernkerne werden mit Dichten von 48 bis 96 kg\/m\u00b3 hergestellt.<br>32 kg\/m\u00b3 sowie Dichten \u00fcber 96 kg\/m\u00b3 sind ebenfalls technisch m\u00f6glich. <\/p>\n<\/div>\n<p> <\/p>\n<h4>Wichtiger Hinweis zur Verf\u00fcgbarkeit<\/h4>\n<p>Dieses Produkt n\u00e4hert sich der Serienreife und ist daher derzeit nur in begrenzter St\u00fcckzahl f\u00fcr Entwicklungspartner verf\u00fcgbar.<\/p>\n<p>Stand: Januar 2026<\/p>\n<p> <\/p>    <\/div>\n<\/div>\n<!-- \/module text -->        <\/div>\n                        <\/div>\n        <\/div>\n                        <div  data-lazy=\"1\" class=\"module_row themify_builder_row tb_1gh8565 tf_w\">\n                        <div class=\"row_inner col_align_top gutter-narrow tb_col_count_2 tf_box tf_rel\">\n                        <div  data-lazy=\"1\" class=\"module_column tb-column col4-2 tb_km1e565 first\">\n                    <!-- module image -->\n<div  class=\"module module-image tb_ev5y565 image-center drop-shadow  auto_fullwidth tf_mw\" data-lazy=\"1\">\n        <div class=\"image-wrap tf_rel tf_mw\">\n            <a href=\"https:\/\/thermhex.com\/wp-content\/uploads\/2025\/02\/ThermHex-WH-02-2025-EN-WEB.pdf\" class=\"lightbox-builder themify_lightbox\">\n                   <img loading=\"lazy\" decoding=\"async\" width=\"671\" height=\"941\" src=\"https:\/\/thermhex.com\/wp-content\/uploads\/2025\/02\/PEI-Core.png\" class=\"wp-post-image wp-image-7896\" title=\"Brosch\u00fcre und Datenblatt: ThermHex PEI-Wabenkern\" alt=\"Brosch\u00fcre und Datenblatt: ThermHex PEI-Wabenkern\" srcset=\"https:\/\/thermhex.com\/wp-content\/uploads\/2025\/02\/PEI-Core.png 671w, https:\/\/thermhex.com\/wp-content\/uploads\/2025\/02\/PEI-Core-214x300.png 214w\" sizes=\"auto, (max-width: 671px) 100vw, 671px\" \/>        <\/a>\n    \n        <\/div>\n    <!-- \/image-wrap -->\n    \n        <div class=\"image-content\">\n                    <h4 class=\"image-title\">\n                                    <a href=\"https:\/\/thermhex.com\/wp-content\/uploads\/2025\/02\/ThermHex-WH-02-2025-EN-WEB.pdf\" class=\"lightbox-builder themify_lightbox\">\n                        Brosch\u00fcre und Datenblatt: ThermHex PEI-Wabenkern                    <\/a>\n                            <\/h4>\n                    <\/div>\n    <!-- \/image-content -->\n        <\/div>\n<!-- \/module image -->        <\/div>\n                    <div  data-lazy=\"1\" class=\"module_column tb-column col4-2 tb_5ctd565 last\">\n                    <!-- module image -->\n<div  class=\"module module-image tb_pzoq565 image-center drop-shadow  tf_mw\" data-lazy=\"1\">\n        <div class=\"image-wrap tf_rel tf_mw\">\n            <img loading=\"lazy\" decoding=\"async\" width=\"1557\" height=\"1557\" src=\"https:\/\/thermhex.com\/wp-content\/uploads\/2025\/05\/ThermHex-PEI-Green-Cabin-Alliance-Picture-16May2025-1557x1557-1.jpg\" class=\"wp-post-image wp-image-8607\" title=\"Vielf\u00e4ltige Anwendungsm\u00f6glichkeiten f\u00fcr die Luft- und Raumfahrtindustrie\" alt=\"Vielf\u00e4ltige Anwendungsm\u00f6glichkeiten f\u00fcr die Luft- und Raumfahrtindustrie\" srcset=\"https:\/\/thermhex.com\/wp-content\/uploads\/2025\/05\/ThermHex-PEI-Green-Cabin-Alliance-Picture-16May2025-1557x1557-1.jpg 1557w, https:\/\/thermhex.com\/wp-content\/uploads\/2025\/05\/ThermHex-PEI-Green-Cabin-Alliance-Picture-16May2025-1557x1557-1-300x300.jpg 300w, https:\/\/thermhex.com\/wp-content\/uploads\/2025\/05\/ThermHex-PEI-Green-Cabin-Alliance-Picture-16May2025-1557x1557-1-1024x1024.jpg 1024w, https:\/\/thermhex.com\/wp-content\/uploads\/2025\/05\/ThermHex-PEI-Green-Cabin-Alliance-Picture-16May2025-1557x1557-1-1024x1024-150x150.jpg 150w, https:\/\/thermhex.com\/wp-content\/uploads\/2025\/05\/ThermHex-PEI-Green-Cabin-Alliance-Picture-16May2025-1557x1557-1-768x768.jpg 768w, https:\/\/thermhex.com\/wp-content\/uploads\/2025\/05\/ThermHex-PEI-Green-Cabin-Alliance-Picture-16May2025-1557x1557-1-1536x1536.jpg 1536w, https:\/\/thermhex.com\/wp-content\/uploads\/2025\/05\/ThermHex-PEI-Green-Cabin-Alliance-Picture-16May2025-1557x1557-1-1024x1024-47x48.jpg 47w, https:\/\/thermhex.com\/wp-content\/uploads\/2025\/05\/ThermHex-PEI-Green-Cabin-Alliance-Picture-16May2025-1557x1557-1-1024x1024-250x250.jpg 250w\" sizes=\"auto, (max-width: 1557px) 100vw, 1557px\" \/>    \n        <\/div>\n    <!-- \/image-wrap -->\n    \n        <div class=\"image-content\">\n                    <h3 class=\"image-title\">\n                                    Vielf\u00e4ltige Anwendungsm\u00f6glichkeiten f\u00fcr die Luft- und Raumfahrtindustrie                            <\/h3>\n                    <\/div>\n    <!-- \/image-content -->\n        <\/div>\n<!-- \/module image -->        <\/div>\n                        <\/div>\n        <\/div>\n        <\/div>\n<!--\/themify_builder_content-->","protected":false},"excerpt":{"rendered":"<p>PEI Wabenkerne: nachhaltig und leistungsstark Kerpunkte: Luft- und Raumfahrtkomponenten mit thermoplastischen PEI-Wabenkernen sind hinsichtlich Gewicht und Kosten konkurrenzf\u00e4hig zu herk\u00f6mmlichen duroplastischen Sandwichplatten und -komponenten. ThermHex PEI-Waben erm\u00f6glichen eine Verbesserung der Brandschutz- und FST-Leistung im Vergleich zu herk\u00f6mmlichen Platten. Die wellenf\u00f6rmige Zellwandgeometrie bietet eine bemerkenswerte Steigerung der mechanischen Leistungsf\u00e4higkeit von PEI-Waben im Vergleich zu Waben mit [&hellip;]<\/p>\n","protected":false},"author":1,"featured_media":0,"parent":0,"menu_order":0,"comment_status":"closed","ping_status":"closed","template":"","meta":{"footnotes":""},"class_list":["post-9278","page","type-page","status-publish","hentry","has-post-title","has-post-date","has-post-category","has-post-tag","has-post-comment","has-post-author",""],"builder_content":"<img src=\"https:\/\/thermhex.com\/wp-content\/uploads\/2026\/01\/PEI-Honeycomb-Core-Copyright-by-ThermHex-2026-scaled-e1769507270809.jpg\" title=\"PEI Honeycomb Core Copyright by ThermHex 2026\" alt=\"PEI Honeycomb Core Material Picture Copyright by ThermHex 2026.jpg\">\n<h1>PEI Wabenkerne: nachhaltig und leistungsstark<\/h1> <h2><strong>Kerpunkte:<\/strong><\/h2> <ul> <li>Luft- und Raumfahrtkomponenten mit thermoplastischen PEI-Wabenkernen sind hinsichtlich Gewicht und Kosten konkurrenzf\u00e4hig zu herk\u00f6mmlichen duroplastischen Sandwichplatten und -komponenten.<\/li> <li>ThermHex PEI-Waben erm\u00f6glichen eine Verbesserung der Brandschutz- und FST-Leistung im Vergleich zu herk\u00f6mmlichen Platten.<\/li> <li>Die wellenf\u00f6rmige Zellwandgeometrie bietet eine bemerkenswerte Steigerung der mechanischen Leistungsf\u00e4higkeit von PEI-Waben im Vergleich zu Waben mit hexagonaler Geometrie.<\/li> <li>Dieser thermoplastische Wabenkern ist thermoformbar und kann mit herk\u00f6mmlichen Formpressverfahren zu 3D-Sandwichteilen verarbeitet werden.<\/li> <li>Kontinuierlich hergestellte PEI-Thermoplast-Waben sind ein wichtiger Schritt zur Reduzierung des <p><sub>CO2<\/sub>-Fu\u00dfabdrucks und ebnen den Weg f\u00fcr recycelbare Flugzeuginnenverkleidungen und -teile.<\/p> <\/li> <\/ul> <p>Polyetherimid (PEI)-Wabenkernmaterialien sind thermoplastische Kerne, die entwickelt wurden, um eine nachhaltigere Materiall\u00f6sung zu bieten - insbesondere f\u00fcr Anwendungen in der Luft- und Raumfahrt oder f\u00fcr Innenausstattungskomponenten in Z\u00fcgen, wo seit langem nicht recycelbare thermoplastische Phenolharz-Wabenkernmaterialien verwendet werden. Mit ThermHex PEI-Wabenkernen kann die moderne Industrie nun recycelbare Produktionsmaterialien verwenden, ohne Kompromisse bei den Marktanforderungen hinsichtlich Brandschutz, Gewicht und Leistung eingehen zu m\u00fcssen. Denn ihre optimal strukturierte Innengeometrie erh\u00f6ht die Knickfestigkeit unter Druck- und Scherbelastungen au\u00dferhalb der Ebene drastisch. <\/p> <h3><strong>Wichtige Anwendungsbereiche von PEI-Wabenkernen: Die Innenausstattung von Flugzeugen und Z\u00fcgen<\/strong><\/h3> <p>ThermHex PEI-Wabenkernplatten werden mit der bew\u00e4hrten EconCore-Technologie effizient hergestellt und bieten ein gro\u00dfes Potenzial zur Steigerung der Produktionseffizienz. Bei der Entwicklung dieses Produkts standen Gesundheit, Brandschutz und Umwelt im Vordergrund.<br>PEI-Wabenkernmaterialien werden in der Regel mit faserverst\u00e4rkten thermoplastischen Verbundwerkstoffen laminiert, um eine monomaterielle, vollst\u00e4ndig thermoplastische und thermoformbare Sandwichl\u00f6sung zu schaffen. In anderen F\u00e4llen kann dieses Wabenkernmaterial mit duroplastischen (z. B. Epoxid-) Prepreg-Deckschichten laminiert werden, wodurch die Herstellung von phenolfreien Platten erm\u00f6glicht wird. <\/p> <h3><strong>Neues Patent bringt entscheidende Vorteile bei der Knickfestigkeit<\/strong><\/h3> <p>Nicht zuletzt ist eine wichtige Innovation dieser Technologie die neue patentierte ThermHex-Wellwand von EconCore, die es erm\u00f6glicht, die PEI-Wabenstruktur auf den konservativen Luft- und Raumfahrtmarkt zu bringen. Denn die kontinuierlich hergestellte PEI-Wabenstruktur verf\u00fcgt \u00fcber optimal strukturierte Wellw\u00e4nde, die ihre Widerstandsf\u00e4higkeit gegen Knicken unter Druck- und Scherbelastungen au\u00dferhalb der Ebene drastisch erh\u00f6hen \u2013 die wichtigsten mechanischen Eigenschaften von Wabenkernen. <\/p> <p> <\/p> <h2><strong>Produkteigenschaften<\/strong><\/h2> <p>Die physikalischen Eigenschaften von ThermHex Wabenkernen werden haupts\u00e4chlich durch die folgenden Merkmale definiert:<\/p> <h3><strong>Kerndicke und Zellgr\u00f6\u00dfe<\/strong><\/h3> <p>ThermHex PEI-Wabenkernplatten werden in verschiedenen Kerndicken und Zellgr\u00f6\u00dfen hergestellt. Die verf\u00fcgbaren Konfigurationen entnehmen Sie bitte den Datenbl\u00e4ttern oder fragen Sie uns. <\/p> <h3><strong>Dichte<\/strong><\/h3> <p>ThermHex PEI-Wabenkernkerne werden mit Dichten von 48 bis 96 kg\/m\u00b3 hergestellt.<br>32 kg\/m\u00b3 sowie Dichten \u00fcber 96 kg\/m\u00b3 sind ebenfalls technisch m\u00f6glich. <\/p>\n<p> <\/p> <h4>Wichtiger Hinweis zur Verf\u00fcgbarkeit<\/h4> <p>Dieses Produkt n\u00e4hert sich der Serienreife und ist daher derzeit nur in begrenzter St\u00fcckzahl f\u00fcr Entwicklungspartner verf\u00fcgbar.<\/p> <p>Stand: Januar 2026<\/p> <p> <\/p>\n<a href=\"https:\/\/thermhex.com\/wp-content\/uploads\/2025\/02\/ThermHex-WH-02-2025-EN-WEB.pdf\"> <img src=\"https:\/\/thermhex.com\/wp-content\/uploads\/2025\/02\/PEI-Core.png\" title=\"Brosch\u00fcre und Datenblatt: ThermHex PEI-Wabenkern\" alt=\"Brosch\u00fcre und Datenblatt: ThermHex PEI-Wabenkern\" srcset=\"https:\/\/thermhex.com\/wp-content\/uploads\/2025\/02\/PEI-Core.png 671w, https:\/\/thermhex.com\/wp-content\/uploads\/2025\/02\/PEI-Core-214x300.png 214w\" sizes=\"(max-width: 671px) 100vw, 671px\" \/> <\/a> <h4> <a href=\"https:\/\/thermhex.com\/wp-content\/uploads\/2025\/02\/ThermHex-WH-02-2025-EN-WEB.pdf\"> Brosch\u00fcre und Datenblatt: ThermHex PEI-Wabenkern <\/a> <\/h4>\n<img src=\"https:\/\/thermhex.com\/wp-content\/uploads\/2025\/05\/ThermHex-PEI-Green-Cabin-Alliance-Picture-16May2025-1557x1557-1.jpg\" title=\"Vielf\u00e4ltige Anwendungsm\u00f6glichkeiten f\u00fcr die Luft- und Raumfahrtindustrie\" alt=\"Vielf\u00e4ltige Anwendungsm\u00f6glichkeiten f\u00fcr die Luft- und Raumfahrtindustrie\" srcset=\"https:\/\/thermhex.com\/wp-content\/uploads\/2025\/05\/ThermHex-PEI-Green-Cabin-Alliance-Picture-16May2025-1557x1557-1.jpg 1557w, https:\/\/thermhex.com\/wp-content\/uploads\/2025\/05\/ThermHex-PEI-Green-Cabin-Alliance-Picture-16May2025-1557x1557-1-300x300.jpg 300w, https:\/\/thermhex.com\/wp-content\/uploads\/2025\/05\/ThermHex-PEI-Green-Cabin-Alliance-Picture-16May2025-1557x1557-1-1024x1024.jpg 1024w, https:\/\/thermhex.com\/wp-content\/uploads\/2025\/05\/ThermHex-PEI-Green-Cabin-Alliance-Picture-16May2025-1557x1557-1-1024x1024-150x150.jpg 150w, https:\/\/thermhex.com\/wp-content\/uploads\/2025\/05\/ThermHex-PEI-Green-Cabin-Alliance-Picture-16May2025-1557x1557-1-768x768.jpg 768w, https:\/\/thermhex.com\/wp-content\/uploads\/2025\/05\/ThermHex-PEI-Green-Cabin-Alliance-Picture-16May2025-1557x1557-1-1536x1536.jpg 1536w, https:\/\/thermhex.com\/wp-content\/uploads\/2025\/05\/ThermHex-PEI-Green-Cabin-Alliance-Picture-16May2025-1557x1557-1-1024x1024-47x48.jpg 47w, https:\/\/thermhex.com\/wp-content\/uploads\/2025\/05\/ThermHex-PEI-Green-Cabin-Alliance-Picture-16May2025-1557x1557-1-1024x1024-250x250.jpg 250w\" sizes=\"(max-width: 1557px) 100vw, 1557px\" \/> <h3> Vielf\u00e4ltige Anwendungsm\u00f6glichkeiten f\u00fcr die Luft- und Raumfahrtindustrie <\/h3>","_links":{"self":[{"href":"https:\/\/thermhex.com\/de\/wp-json\/wp\/v2\/pages\/9278","targetHints":{"allow":["GET"]}}],"collection":[{"href":"https:\/\/thermhex.com\/de\/wp-json\/wp\/v2\/pages"}],"about":[{"href":"https:\/\/thermhex.com\/de\/wp-json\/wp\/v2\/types\/page"}],"author":[{"embeddable":true,"href":"https:\/\/thermhex.com\/de\/wp-json\/wp\/v2\/users\/1"}],"replies":[{"embeddable":true,"href":"https:\/\/thermhex.com\/de\/wp-json\/wp\/v2\/comments?post=9278"}],"version-history":[{"count":7,"href":"https:\/\/thermhex.com\/de\/wp-json\/wp\/v2\/pages\/9278\/revisions"}],"predecessor-version":[{"id":9746,"href":"https:\/\/thermhex.com\/de\/wp-json\/wp\/v2\/pages\/9278\/revisions\/9746"}],"wp:attachment":[{"href":"https:\/\/thermhex.com\/de\/wp-json\/wp\/v2\/media?parent=9278"}],"curies":[{"name":"wp","href":"https:\/\/api.w.org\/{rel}","templated":true}]}}