{"id":7943,"date":"2025-02-08T10:41:07","date_gmt":"2025-02-08T10:41:07","guid":{"rendered":"https:\/\/thermhex.com\/applications-pour-les-travailleurs-et-les-installations-de-production\/"},"modified":"2026-02-09T12:18:27","modified_gmt":"2026-02-09T12:18:27","slug":"applications-pour-les-travailleurs-et-les-installations-de-production","status":"publish","type":"page","link":"https:\/\/thermhex.com\/fr\/applications-pour-les-travailleurs-et-les-installations-de-production\/","title":{"rendered":"Applications"},"content":{"rendered":"<!--themify_builder_content-->\n<div id=\"themify_builder_content-7943\" data-postid=\"7943\" class=\"themify_builder_content themify_builder_content-7943 themify_builder tf_clear\">\n                    <div  data-lazy=\"1\" class=\"module_row themify_builder_row tb_b1v7252 tb_first tf_w\">\n                        <div class=\"row_inner col_align_top tb_col_count_1 tf_box tf_rel\">\n                        <div  data-lazy=\"1\" class=\"module_column tb-column col-full tb_jfem252 first\">\n                    <!-- module text -->\n<div  class=\"module module-text tb_gaee252   \" data-lazy=\"1\">\n        <div  class=\"tb_text_wrap\">\n        <h1 class=\"fusion-responsive-typography-calculated\" data-fontsize=\"30\" data-lineheight=\"37.5px\">Applications de ThermHex<\/h1>\n<div class=\"fusion-text fusion-text-1\">\n<p>Les composants sandwich avec des noyaux en nid d&rsquo;abeille ThermHex sont utilis\u00e9s dans de nombreux secteurs o\u00f9 des performances m\u00e9caniques sup\u00e9rieures sont requises. La r\u00e9sistance m\u00e9canique sup\u00e9rieure, la r\u00e9sistance aux produits chimiques et \u00e0 l&rsquo;eau ainsi que la flexibilit\u00e9 d&rsquo;utilisation placent le nid d&rsquo;abeilles ThermHex PP dans de nombreux march\u00e9s et applications de produits composites.<\/p>\n<h3><strong>Cliquez sur les images pour en savoir plus.<\/strong><\/h3>\n<\/div>\n<p> <\/p>    <\/div>\n<\/div>\n<!-- \/module text -->        <div  data-lazy=\"1\" class=\"module_subrow themify_builder_sub_row tf_w col_align_top gutter-narrow tb_col_count_4 tb_9870252\">\n                <div  data-lazy=\"1\" class=\"module_column sub_column col4-1 tb_aalp252 first\">\n                    <!-- module image -->\n<div  class=\"module module-image tb_zs7j252 image-top   tf_mw\" data-lazy=\"1\">\n        <div class=\"image-wrap tf_rel tf_mw\">\n            <a href=\"https:\/\/thermhex.com\/transportation-and-automotive\/\">\n                   <img loading=\"lazy\" decoding=\"async\" width=\"400\" height=\"462\" src=\"https:\/\/thermhex.com\/wp-content\/uploads\/2024\/01\/TH_abb_Auto-Wabe-400x462.jpg.webp\" class=\"wp-post-image wp-image-7719\" title=\"Automobile\" alt=\"Automobile\" srcset=\"https:\/\/thermhex.com\/wp-content\/uploads\/2024\/01\/TH_abb_Auto-Wabe-400x462.jpg.webp 400w, https:\/\/thermhex.com\/wp-content\/uploads\/2024\/01\/TH_abb_Auto-Wabe-400x462.jpg-260x300.webp 260w\" sizes=\"auto, (max-width: 400px) 100vw, 400px\" \/>        <\/a>\n    \n        <\/div>\n    <!-- \/image-wrap -->\n    \n        <div class=\"image-content\">\n                    <h3 class=\"image-title\">\n                                    <a href=\"https:\/\/thermhex.com\/transportation-and-automotive\/\">\n                        Automobile                    <\/a>\n                            <\/h3>\n                    <\/div>\n    <!-- \/image-content -->\n        <\/div>\n<!-- \/module image -->        <\/div>\n                    <div  data-lazy=\"1\" class=\"module_column sub_column col4-1 tb_qm1x252\">\n                    <!-- module image -->\n<div  class=\"module module-image tb_2vnv252 image-top   tf_mw\" data-lazy=\"1\">\n        <div class=\"image-wrap tf_rel tf_mw\">\n            <a href=\"https:\/\/thermhex.com\/transportation-and-automotive\/\">\n                   <img loading=\"lazy\" decoding=\"async\" width=\"400\" height=\"462\" src=\"https:\/\/thermhex.com\/wp-content\/uploads\/2024\/01\/TH_abb_LKW-Wabe-400x462.jpg.webp\" class=\"wp-post-image wp-image-7721\" title=\"Transport\" alt=\"Transport\" srcset=\"https:\/\/thermhex.com\/wp-content\/uploads\/2024\/01\/TH_abb_LKW-Wabe-400x462.jpg.webp 400w, https:\/\/thermhex.com\/wp-content\/uploads\/2024\/01\/TH_abb_LKW-Wabe-400x462.jpg-260x300.webp 260w\" sizes=\"auto, (max-width: 400px) 100vw, 400px\" \/>        <\/a>\n    \n        <\/div>\n    <!-- \/image-wrap -->\n    \n        <div class=\"image-content\">\n                    <h3 class=\"image-title\">\n                                    <a href=\"https:\/\/thermhex.com\/transportation-and-automotive\/\">\n                        Transport                    <\/a>\n                            <\/h3>\n                    <\/div>\n    <!-- \/image-content -->\n        <\/div>\n<!-- \/module image -->        <\/div>\n                    <div  data-lazy=\"1\" class=\"module_column sub_column col4-1 tb_mf27252\">\n                    <!-- module image -->\n<div  class=\"module module-image tb_lhpw252 image-top   tf_mw\" data-lazy=\"1\">\n        <div class=\"image-wrap tf_rel tf_mw\">\n            <a href=\"https:\/\/thermhex.com\/other-markets\">\n                   <img loading=\"lazy\" decoding=\"async\" width=\"400\" height=\"462\" src=\"https:\/\/thermhex.com\/wp-content\/uploads\/2024\/01\/TH_abb_Solarpanel_Wabe_klein-400x462.png.webp\" class=\"wp-post-image wp-image-7723\" title=\"Panneaux solaires\" alt=\"Panneaux solaires\" srcset=\"https:\/\/thermhex.com\/wp-content\/uploads\/2024\/01\/TH_abb_Solarpanel_Wabe_klein-400x462.png.webp 400w, https:\/\/thermhex.com\/wp-content\/uploads\/2024\/01\/TH_abb_Solarpanel_Wabe_klein-400x462.png-260x300.webp 260w\" sizes=\"auto, (max-width: 400px) 100vw, 400px\" \/>        <\/a>\n    \n        <\/div>\n    <!-- \/image-wrap -->\n    \n        <div class=\"image-content\">\n                    <h3 class=\"image-title\">\n                                    <a href=\"https:\/\/thermhex.com\/other-markets\">\n                        Panneaux solaires                    <\/a>\n                            <\/h3>\n                    <\/div>\n    <!-- \/image-content -->\n        <\/div>\n<!-- \/module image -->        <\/div>\n                    <div  data-lazy=\"1\" class=\"module_column sub_column col4-1 tb_yiv2252 last\">\n                    <!-- module image -->\n<div  class=\"module module-image tb_fjoi252 image-top   tf_mw\" data-lazy=\"1\">\n        <div class=\"image-wrap tf_rel tf_mw\">\n            <a href=\"https:\/\/thermhex.com\/transportation-and-automotive\/\">\n                   <img loading=\"lazy\" decoding=\"async\" width=\"400\" height=\"462\" src=\"https:\/\/thermhex.com\/wp-content\/uploads\/2024\/01\/TH_EC_Illu_railway-aerospace_Wabe_klein-400x462.png.webp\" class=\"wp-post-image wp-image-7725\" title=\"Construction a\u00e9ronautique et ferroviaire\" alt=\"Construction a\u00e9ronautique et ferroviaire\" srcset=\"https:\/\/thermhex.com\/wp-content\/uploads\/2024\/01\/TH_EC_Illu_railway-aerospace_Wabe_klein-400x462.png.webp 400w, https:\/\/thermhex.com\/wp-content\/uploads\/2024\/01\/TH_EC_Illu_railway-aerospace_Wabe_klein-400x462.png-260x300.webp 260w\" sizes=\"auto, (max-width: 400px) 100vw, 400px\" \/>        <\/a>\n    \n        <\/div>\n    <!-- \/image-wrap -->\n    \n        <div class=\"image-content\">\n                    <h3 class=\"image-title\">\n                                    <a href=\"https:\/\/thermhex.com\/transportation-and-automotive\/\">\n                        Construction a\u00e9ronautique et ferroviaire                    <\/a>\n                            <\/h3>\n                    <\/div>\n    <!-- \/image-content -->\n        <\/div>\n<!-- \/module image -->        <\/div>\n                    <\/div>\n                <div  data-lazy=\"1\" class=\"module_subrow themify_builder_sub_row tf_w col_align_top gutter-narrow tb_col_count_4 tb_fwa0252\">\n                <div  data-lazy=\"1\" class=\"module_column sub_column col4-1 tb_onzt252 first\">\n                    <!-- module image -->\n<div  class=\"module module-image tb_fzx6252 image-top   tf_mw\" data-lazy=\"1\">\n        <div class=\"image-wrap tf_rel tf_mw\">\n            <a href=\"https:\/\/thermhex.com\/other-markets\/\">\n                   <img loading=\"lazy\" decoding=\"async\" width=\"400\" height=\"462\" src=\"https:\/\/thermhex.com\/wp-content\/uploads\/2024\/01\/TH_abb_Windrad-Wabe-400x462.jpg.webp\" class=\"wp-post-image wp-image-7727\" title=\"\u00c9nergie \u00e9olienne\" alt=\"\u00c9nergie \u00e9olienne\" srcset=\"https:\/\/thermhex.com\/wp-content\/uploads\/2024\/01\/TH_abb_Windrad-Wabe-400x462.jpg.webp 400w, https:\/\/thermhex.com\/wp-content\/uploads\/2024\/01\/TH_abb_Windrad-Wabe-400x462.jpg-260x300.webp 260w\" sizes=\"auto, (max-width: 400px) 100vw, 400px\" \/>        <\/a>\n    \n        <\/div>\n    <!-- \/image-wrap -->\n    \n        <div class=\"image-content\">\n                    <h3 class=\"image-title\">\n                                    <a href=\"https:\/\/thermhex.com\/other-markets\/\">\n                        \u00c9nergie \u00e9olienne                    <\/a>\n                            <\/h3>\n                    <\/div>\n    <!-- \/image-content -->\n        <\/div>\n<!-- \/module image -->        <\/div>\n                    <div  data-lazy=\"1\" class=\"module_column sub_column col4-1 tb_ogvl252\">\n                    <!-- module image -->\n<div  class=\"module module-image tb_eila252 image-top   tf_mw\" data-lazy=\"1\">\n        <div class=\"image-wrap tf_rel tf_mw\">\n            <a href=\"https:\/\/thermhex.com\/ship-building\">\n                   <img loading=\"lazy\" decoding=\"async\" width=\"400\" height=\"462\" src=\"https:\/\/thermhex.com\/wp-content\/uploads\/2024\/01\/TH_abb_Boot-Wabe-400x462.jpg.webp\" class=\"wp-post-image wp-image-7731\" title=\"Yachting et construction navale\" alt=\"Yachting et construction navale\" srcset=\"https:\/\/thermhex.com\/wp-content\/uploads\/2024\/01\/TH_abb_Boot-Wabe-400x462.jpg.webp 400w, https:\/\/thermhex.com\/wp-content\/uploads\/2024\/01\/TH_abb_Boot-Wabe-400x462.jpg-260x300.webp 260w\" sizes=\"auto, (max-width: 400px) 100vw, 400px\" \/>        <\/a>\n    \n        <\/div>\n    <!-- \/image-wrap -->\n    \n        <div class=\"image-content\">\n                    <h3 class=\"image-title\">\n                                    <a href=\"https:\/\/thermhex.com\/ship-building\">\n                        Yachting et construction navale                    <\/a>\n                            <\/h3>\n                    <\/div>\n    <!-- \/image-content -->\n        <\/div>\n<!-- \/module image -->        <\/div>\n                    <div  data-lazy=\"1\" class=\"module_column sub_column col4-1 tb_ty0v252\">\n                    <!-- module image -->\n<div  class=\"module module-image tb_riyb252 image-top   tf_mw\" data-lazy=\"1\">\n        <div class=\"image-wrap tf_rel tf_mw\">\n            <a href=\"https:\/\/thermhex.com\/building-and-construction\/\">\n                   <img loading=\"lazy\" decoding=\"async\" width=\"400\" height=\"462\" src=\"https:\/\/thermhex.com\/wp-content\/uploads\/2024\/01\/TH_abb_Fertigbad-Wabe-400x462.jpg.webp\" class=\"wp-post-image wp-image-7729\" title=\"Salles de bains pr\u00e9fabriqu\u00e9es\" alt=\"Salles de bains pr\u00e9fabriqu\u00e9es\" srcset=\"https:\/\/thermhex.com\/wp-content\/uploads\/2024\/01\/TH_abb_Fertigbad-Wabe-400x462.jpg.webp 400w, https:\/\/thermhex.com\/wp-content\/uploads\/2024\/01\/TH_abb_Fertigbad-Wabe-400x462.jpg-260x300.webp 260w\" sizes=\"auto, (max-width: 400px) 100vw, 400px\" \/>        <\/a>\n    \n        <\/div>\n    <!-- \/image-wrap -->\n    \n        <div class=\"image-content\">\n                    <h3 class=\"image-title\">\n                                    <a href=\"https:\/\/thermhex.com\/building-and-construction\/\">\n                        Salles de bains pr\u00e9fabriqu\u00e9es                    <\/a>\n                            <\/h3>\n                    <\/div>\n    <!-- \/image-content -->\n        <\/div>\n<!-- \/module image -->        <\/div>\n                    <div  data-lazy=\"1\" class=\"module_column sub_column col4-1 tb_rc3x252 last\">\n                    <!-- module image -->\n<div  class=\"module module-image tb_ftu9252 image-top   tf_mw\" data-lazy=\"1\">\n        <div class=\"image-wrap tf_rel tf_mw\">\n            <a href=\"https:\/\/thermhex.com\/building-and-construction\/\">\n                   <img loading=\"lazy\" decoding=\"async\" width=\"400\" height=\"462\" src=\"https:\/\/thermhex.com\/wp-content\/uploads\/2024\/01\/TH_abb_Pool-Wabe-400x462.jpg.webp\" class=\"wp-post-image wp-image-7733\" title=\"Piscines\" alt=\"Piscines\" srcset=\"https:\/\/thermhex.com\/wp-content\/uploads\/2024\/01\/TH_abb_Pool-Wabe-400x462.jpg.webp 400w, https:\/\/thermhex.com\/wp-content\/uploads\/2024\/01\/TH_abb_Pool-Wabe-400x462.jpg-260x300.webp 260w\" sizes=\"auto, (max-width: 400px) 100vw, 400px\" \/>        <\/a>\n    \n        <\/div>\n    <!-- \/image-wrap -->\n    \n        <div class=\"image-content\">\n                    <h3 class=\"image-title\">\n                                    <a href=\"https:\/\/thermhex.com\/building-and-construction\/\">\n                        Piscines                    <\/a>\n                            <\/h3>\n                    <\/div>\n    <!-- \/image-content -->\n        <\/div>\n<!-- \/module image -->        <\/div>\n                    <\/div>\n                <\/div>\n                        <\/div>\n        <\/div>\n        <\/div>\n<!--\/themify_builder_content-->","protected":false},"excerpt":{"rendered":"<p>Applications de ThermHex Les composants sandwich avec des noyaux en nid d&rsquo;abeille ThermHex sont utilis\u00e9s dans de nombreux secteurs o\u00f9 des performances m\u00e9caniques sup\u00e9rieures sont requises. La r\u00e9sistance m\u00e9canique sup\u00e9rieure, la r\u00e9sistance aux produits chimiques et \u00e0 l&rsquo;eau ainsi que la flexibilit\u00e9 d&rsquo;utilisation placent le nid d&rsquo;abeilles ThermHex PP dans de nombreux march\u00e9s et applications [&hellip;]<\/p>\n","protected":false},"author":1,"featured_media":0,"parent":0,"menu_order":0,"comment_status":"closed","ping_status":"closed","template":"","meta":{"footnotes":""},"class_list":["post-7943","page","type-page","status-publish","hentry","has-post-title","has-post-date","has-post-category","has-post-tag","has-post-comment","has-post-author",""],"builder_content":"<h1 data-fontsize=\"30\" data-lineheight=\"37.5px\">Applications de ThermHex<\/h1>\n<p>Les composants sandwich avec des noyaux en nid d'abeille ThermHex sont utilis\u00e9s dans de nombreux secteurs o\u00f9 des performances m\u00e9caniques sup\u00e9rieures sont requises. La r\u00e9sistance m\u00e9canique sup\u00e9rieure, la r\u00e9sistance aux produits chimiques et \u00e0 l'eau ainsi que la flexibilit\u00e9 d'utilisation placent le nid d'abeilles ThermHex PP dans de nombreux march\u00e9s et applications de produits composites.<\/p> <h3><strong>Cliquez sur les images pour en savoir plus.<\/strong><\/h3>\n<p> <\/p>\n<a href=\"https:\/\/thermhex.com\/transportation-and-automotive\/\"> <img src=\"https:\/\/thermhex.com\/wp-content\/uploads\/2024\/01\/TH_abb_Auto-Wabe-400x462.jpg.webp\" title=\"Automobile\" alt=\"Automobile\" srcset=\"https:\/\/thermhex.com\/wp-content\/uploads\/2024\/01\/TH_abb_Auto-Wabe-400x462.jpg.webp 400w, https:\/\/thermhex.com\/wp-content\/uploads\/2024\/01\/TH_abb_Auto-Wabe-400x462.jpg-260x300.webp 260w\" sizes=\"(max-width: 400px) 100vw, 400px\" \/> <\/a> <h3> <a href=\"https:\/\/thermhex.com\/transportation-and-automotive\/\"> Automobile <\/a> <\/h3>\n<a href=\"https:\/\/thermhex.com\/transportation-and-automotive\/\"> <img src=\"https:\/\/thermhex.com\/wp-content\/uploads\/2024\/01\/TH_abb_LKW-Wabe-400x462.jpg.webp\" title=\"Transport\" alt=\"Transport\" srcset=\"https:\/\/thermhex.com\/wp-content\/uploads\/2024\/01\/TH_abb_LKW-Wabe-400x462.jpg.webp 400w, https:\/\/thermhex.com\/wp-content\/uploads\/2024\/01\/TH_abb_LKW-Wabe-400x462.jpg-260x300.webp 260w\" sizes=\"(max-width: 400px) 100vw, 400px\" \/> <\/a> <h3> <a href=\"https:\/\/thermhex.com\/transportation-and-automotive\/\"> Transport <\/a> <\/h3>\n<a href=\"https:\/\/thermhex.com\/other-markets\"> <img src=\"https:\/\/thermhex.com\/wp-content\/uploads\/2024\/01\/TH_abb_Solarpanel_Wabe_klein-400x462.png.webp\" title=\"Panneaux solaires\" alt=\"Panneaux solaires\" srcset=\"https:\/\/thermhex.com\/wp-content\/uploads\/2024\/01\/TH_abb_Solarpanel_Wabe_klein-400x462.png.webp 400w, https:\/\/thermhex.com\/wp-content\/uploads\/2024\/01\/TH_abb_Solarpanel_Wabe_klein-400x462.png-260x300.webp 260w\" sizes=\"(max-width: 400px) 100vw, 400px\" \/> <\/a> <h3> <a href=\"https:\/\/thermhex.com\/other-markets\"> Panneaux solaires <\/a> <\/h3>\n<a href=\"https:\/\/thermhex.com\/transportation-and-automotive\/\"> <img src=\"https:\/\/thermhex.com\/wp-content\/uploads\/2024\/01\/TH_EC_Illu_railway-aerospace_Wabe_klein-400x462.png.webp\" title=\"Construction a\u00e9ronautique et ferroviaire\" alt=\"Construction a\u00e9ronautique et ferroviaire\" srcset=\"https:\/\/thermhex.com\/wp-content\/uploads\/2024\/01\/TH_EC_Illu_railway-aerospace_Wabe_klein-400x462.png.webp 400w, https:\/\/thermhex.com\/wp-content\/uploads\/2024\/01\/TH_EC_Illu_railway-aerospace_Wabe_klein-400x462.png-260x300.webp 260w\" sizes=\"(max-width: 400px) 100vw, 400px\" \/> <\/a> <h3> <a href=\"https:\/\/thermhex.com\/transportation-and-automotive\/\"> Construction a\u00e9ronautique et ferroviaire <\/a> <\/h3>\n<a href=\"https:\/\/thermhex.com\/other-markets\/\"> <img src=\"https:\/\/thermhex.com\/wp-content\/uploads\/2024\/01\/TH_abb_Windrad-Wabe-400x462.jpg.webp\" title=\"\u00c9nergie \u00e9olienne\" alt=\"\u00c9nergie \u00e9olienne\" srcset=\"https:\/\/thermhex.com\/wp-content\/uploads\/2024\/01\/TH_abb_Windrad-Wabe-400x462.jpg.webp 400w, https:\/\/thermhex.com\/wp-content\/uploads\/2024\/01\/TH_abb_Windrad-Wabe-400x462.jpg-260x300.webp 260w\" sizes=\"(max-width: 400px) 100vw, 400px\" \/> <\/a> <h3> <a href=\"https:\/\/thermhex.com\/other-markets\/\"> \u00c9nergie \u00e9olienne <\/a> <\/h3>\n<a href=\"https:\/\/thermhex.com\/ship-building\"> <img src=\"https:\/\/thermhex.com\/wp-content\/uploads\/2024\/01\/TH_abb_Boot-Wabe-400x462.jpg.webp\" title=\"Yachting et construction navale\" alt=\"Yachting et construction navale\" srcset=\"https:\/\/thermhex.com\/wp-content\/uploads\/2024\/01\/TH_abb_Boot-Wabe-400x462.jpg.webp 400w, https:\/\/thermhex.com\/wp-content\/uploads\/2024\/01\/TH_abb_Boot-Wabe-400x462.jpg-260x300.webp 260w\" sizes=\"(max-width: 400px) 100vw, 400px\" \/> <\/a> <h3> <a href=\"https:\/\/thermhex.com\/ship-building\"> Yachting et construction navale <\/a> <\/h3>\n<a href=\"https:\/\/thermhex.com\/building-and-construction\/\"> <img src=\"https:\/\/thermhex.com\/wp-content\/uploads\/2024\/01\/TH_abb_Fertigbad-Wabe-400x462.jpg.webp\" title=\"Salles de bains pr\u00e9fabriqu\u00e9es\" alt=\"Salles de bains pr\u00e9fabriqu\u00e9es\" srcset=\"https:\/\/thermhex.com\/wp-content\/uploads\/2024\/01\/TH_abb_Fertigbad-Wabe-400x462.jpg.webp 400w, https:\/\/thermhex.com\/wp-content\/uploads\/2024\/01\/TH_abb_Fertigbad-Wabe-400x462.jpg-260x300.webp 260w\" sizes=\"(max-width: 400px) 100vw, 400px\" \/> <\/a> <h3> <a href=\"https:\/\/thermhex.com\/building-and-construction\/\"> Salles de bains pr\u00e9fabriqu\u00e9es <\/a> <\/h3>\n<a href=\"https:\/\/thermhex.com\/building-and-construction\/\"> <img src=\"https:\/\/thermhex.com\/wp-content\/uploads\/2024\/01\/TH_abb_Pool-Wabe-400x462.jpg.webp\" title=\"Piscines\" alt=\"Piscines\" srcset=\"https:\/\/thermhex.com\/wp-content\/uploads\/2024\/01\/TH_abb_Pool-Wabe-400x462.jpg.webp 400w, https:\/\/thermhex.com\/wp-content\/uploads\/2024\/01\/TH_abb_Pool-Wabe-400x462.jpg-260x300.webp 260w\" sizes=\"(max-width: 400px) 100vw, 400px\" \/> <\/a> <h3> <a href=\"https:\/\/thermhex.com\/building-and-construction\/\"> Piscines <\/a> <\/h3>","_links":{"self":[{"href":"https:\/\/thermhex.com\/fr\/wp-json\/wp\/v2\/pages\/7943","targetHints":{"allow":["GET"]}}],"collection":[{"href":"https:\/\/thermhex.com\/fr\/wp-json\/wp\/v2\/pages"}],"about":[{"href":"https:\/\/thermhex.com\/fr\/wp-json\/wp\/v2\/types\/page"}],"author":[{"embeddable":true,"href":"https:\/\/thermhex.com\/fr\/wp-json\/wp\/v2\/users\/1"}],"replies":[{"embeddable":true,"href":"https:\/\/thermhex.com\/fr\/wp-json\/wp\/v2\/comments?post=7943"}],"version-history":[{"count":3,"href":"https:\/\/thermhex.com\/fr\/wp-json\/wp\/v2\/pages\/7943\/revisions"}],"predecessor-version":[{"id":9710,"href":"https:\/\/thermhex.com\/fr\/wp-json\/wp\/v2\/pages\/7943\/revisions\/9710"}],"wp:attachment":[{"href":"https:\/\/thermhex.com\/fr\/wp-json\/wp\/v2\/media?parent=7943"}],"curies":[{"name":"wp","href":"https:\/\/api.w.org\/{rel}","templated":true}]}}