{"id":7947,"date":"2024-01-13T15:28:23","date_gmt":"2024-01-13T15:28:23","guid":{"rendered":"https:\/\/thermhex.com\/bauwesen\/"},"modified":"2026-02-09T12:18:26","modified_gmt":"2026-02-09T12:18:26","slug":"construction","status":"publish","type":"page","link":"https:\/\/thermhex.com\/fr\/construction\/","title":{"rendered":"B\u00e2timent et construction"},"content":{"rendered":"<!--themify_builder_content-->\n<div id=\"themify_builder_content-7947\" data-postid=\"7947\" class=\"themify_builder_content themify_builder_content-7947 themify_builder tf_clear\">\n                    <div  data-lazy=\"1\" class=\"module_row themify_builder_row tb_3yzb585 tb_first tf_w\">\n                        <div class=\"row_inner col_align_top tb_col_count_1 tf_box tf_rel\">\n                        <div  data-lazy=\"1\" class=\"module_column tb-column col-full tb_fw23586 first\">\n                    <!-- module text -->\n<div  class=\"module module-text tb_r622421   \" data-lazy=\"1\">\n        <div  class=\"tb_text_wrap\">\n        <div class=\"fusion-title title fusion-title-6 fusion-sep-none fusion-title-text fusion-title-size-two fusion-border-below-title\">\n<h2 class=\"fusion-responsive-typography-calculated\" data-fontsize=\"30\" data-lineheight=\"37.5px\">B\u00e2timent et construction<\/h2>\n<\/div>\n<div class=\"fusion-text fusion-text-1\">\n<p>Les \u00e9l\u00e9ments sandwich l\u00e9gers utilisant ThermHex offrent une rigidit\u00e9 et une r\u00e9sistance exceptionnelles, et peuvent donc \u00eatre utilis\u00e9s dans divers composants pour l\u2019industrie du b\u00e2timent et de la construction. Gr\u00e2ce \u00e0 leur grande stabilit\u00e9 et \u00e0 leur r\u00e9sistance aux chocs et \u00e0 l\u2019eau, ils peuvent facilement \u00eatre utilis\u00e9s pour les panneaux de fa\u00e7ade, les plates-formes suspendues, les constructions modulaires pr\u00e9fabriqu\u00e9es et les conteneurs, les portes techniques et bien d\u2019autres choses encore. En outre, les panneaux alv\u00e9olaires ThermHex remplacent souvent directement le contreplaqu\u00e9.  <\/p>\n<p><strong>L\u2019\u00e2me en nid d\u2019abeille ThermHex PP se retrouve dans un nombre croissant d\u2019applications de produits :<\/strong><\/p>\n<ul>\n<li>Piscines,<\/li>\n<li>Salles de bains et toilettes pr\u00e9fabriqu\u00e9es (PODS),<\/li>\n<li>\u00c9l\u00e9ments de fa\u00e7ade,<\/li>\n<li>Murs et rev\u00eatements muraux l\u00e9gers,<\/li>\n<li>Rev\u00eatements de sol et planchers sur\u00e9lev\u00e9s,<\/li>\n<li>Sous-couche de sol,<\/li>\n<li>Panneaux d\u2019isolation acoustique,<\/li>\n<li>Planchers d\u2019\u00e9chafaudage,<\/li>\n<li>\u00c9l\u00e9ments de la salle humide et de la salle blanche,<\/li>\n<li>Murs de coffrage,<\/li>\n<li>Portes industrielles,<\/li>\n<li>Portes d\u2019entr\u00e9e,<\/li>\n<li>Meubles (en particulier pour la cuisine et la salle de bains), meubles d\u2019ext\u00e9rieur<\/li>\n<li>\u00c9l\u00e9ments de construction des stands<\/li>\n<li>et bien plus encore\u2026<\/li>\n<\/ul>\n<\/div>    <\/div>\n<\/div>\n<!-- \/module text -->        <div  data-lazy=\"1\" class=\"module_subrow themify_builder_sub_row tf_w col_align_top gutter-narrow tb_col_count_2 tb_s16e873\">\n                <div  data-lazy=\"1\" class=\"module_column sub_column col4-2 tb_7gq0873 first\">\n                    <!-- module image -->\n<div  class=\"module module-image tb_1dbm21 image-top   tf_mw\" data-lazy=\"1\">\n        <div class=\"image-wrap tf_rel tf_mw\">\n            <img loading=\"lazy\" decoding=\"async\" src=\"https:\/\/10408.klecksquadrat.de\/wp-content\/uploads\/2024\/01\/ThermHex_application_building-400x258.jpg.webp\" width=\"400\" height=\"258\" title=\"B\u00e2timent et construction\" alt=\"B\u00e2timent et construction\">    \n        <\/div>\n    <!-- \/image-wrap -->\n    \n        <\/div>\n<!-- \/module image --><!-- module image -->\n<div  class=\"module module-image tb_5f9e348 image-top   tf_mw\" data-lazy=\"1\">\n        <div class=\"image-wrap tf_rel tf_mw\">\n            <img loading=\"lazy\" decoding=\"async\" src=\"https:\/\/10408.klecksquadrat.de\/wp-content\/uploads\/2024\/01\/ThermHex_application_swimmingpool-400x258.jpg.webp\" width=\"400\" height=\"258\" title=\"B\u00e2timent et construction\" alt=\"B\u00e2timent et construction\">    \n        <\/div>\n    <!-- \/image-wrap -->\n    \n        <\/div>\n<!-- \/module image -->        <\/div>\n                    <div  data-lazy=\"1\" class=\"module_column sub_column col4-2 tb_4rg8873 last\">\n                    <!-- module image -->\n<div  class=\"module module-image tb_0yb9115 image-top   tf_mw\" data-lazy=\"1\">\n        <div class=\"image-wrap tf_rel tf_mw\">\n            <img loading=\"lazy\" decoding=\"async\" src=\"https:\/\/10408.klecksquadrat.de\/wp-content\/uploads\/2024\/01\/ThermHex_application_furniture-400x258.jpg.webp\" width=\"400\" height=\"258\" title=\"B\u00e2timent et construction\" alt=\"B\u00e2timent et construction\">    \n        <\/div>\n    <!-- \/image-wrap -->\n    \n        <\/div>\n<!-- \/module image --><!-- module image -->\n<div  class=\"module module-image tb_c952683 image-top   tf_mw\" data-lazy=\"1\">\n        <div class=\"image-wrap tf_rel tf_mw\">\n            <img loading=\"lazy\" decoding=\"async\" src=\"https:\/\/10408.klecksquadrat.de\/wp-content\/uploads\/2024\/01\/ThermHex_application_interior-400x258.jpg.webp\" width=\"400\" height=\"258\" title=\"B\u00e2timent et construction\" alt=\"B\u00e2timent et construction\">    \n        <\/div>\n    <!-- \/image-wrap -->\n    \n        <\/div>\n<!-- \/module image -->        <\/div>\n                    <\/div>\n                <\/div>\n                        <\/div>\n        <\/div>\n        <\/div>\n<!--\/themify_builder_content-->","protected":false},"excerpt":{"rendered":"<p>B\u00e2timent et construction Les \u00e9l\u00e9ments sandwich l\u00e9gers utilisant ThermHex offrent une rigidit\u00e9 et une r\u00e9sistance exceptionnelles, et peuvent donc \u00eatre utilis\u00e9s dans divers composants pour l\u2019industrie du b\u00e2timent et de la construction. Gr\u00e2ce \u00e0 leur grande stabilit\u00e9 et \u00e0 leur r\u00e9sistance aux chocs et \u00e0 l\u2019eau, ils peuvent facilement \u00eatre utilis\u00e9s pour les panneaux de [&hellip;]<\/p>\n","protected":false},"author":1,"featured_media":0,"parent":0,"menu_order":0,"comment_status":"closed","ping_status":"closed","template":"","meta":{"footnotes":""},"class_list":["post-7947","page","type-page","status-publish","hentry","has-post-title","has-post-date","has-post-category","has-post-tag","has-post-comment","has-post-author",""],"builder_content":"<h2 data-fontsize=\"30\" data-lineheight=\"37.5px\">B\u00e2timent et construction<\/h2>\n<p>Les \u00e9l\u00e9ments sandwich l\u00e9gers utilisant ThermHex offrent une rigidit\u00e9 et une r\u00e9sistance exceptionnelles, et peuvent donc \u00eatre utilis\u00e9s dans divers composants pour l\u2019industrie du b\u00e2timent et de la construction. Gr\u00e2ce \u00e0 leur grande stabilit\u00e9 et \u00e0 leur r\u00e9sistance aux chocs et \u00e0 l\u2019eau, ils peuvent facilement \u00eatre utilis\u00e9s pour les panneaux de fa\u00e7ade, les plates-formes suspendues, les constructions modulaires pr\u00e9fabriqu\u00e9es et les conteneurs, les portes techniques et bien d\u2019autres choses encore. En outre, les panneaux alv\u00e9olaires ThermHex remplacent souvent directement le contreplaqu\u00e9. <\/p> <p><strong>L\u2019\u00e2me en nid d\u2019abeille ThermHex PP se retrouve dans un nombre croissant d\u2019applications de produits :<\/strong><\/p> <ul> <li>Piscines,<\/li> <li>Salles de bains et toilettes pr\u00e9fabriqu\u00e9es (PODS),<\/li> <li>\u00c9l\u00e9ments de fa\u00e7ade,<\/li> <li>Murs et rev\u00eatements muraux l\u00e9gers,<\/li> <li>Rev\u00eatements de sol et planchers sur\u00e9lev\u00e9s,<\/li> <li>Sous-couche de sol,<\/li> <li>Panneaux d\u2019isolation acoustique,<\/li> <li>Planchers d\u2019\u00e9chafaudage,<\/li> <li>\u00c9l\u00e9ments de la salle humide et de la salle blanche,<\/li> <li>Murs de coffrage,<\/li> <li>Portes industrielles,<\/li> <li>Portes d\u2019entr\u00e9e,<\/li> <li>Meubles (en particulier pour la cuisine et la salle de bains), meubles d\u2019ext\u00e9rieur<\/li> <li>\u00c9l\u00e9ments de construction des stands<\/li> <li>et bien plus encore\u2026<\/li> <\/ul>\n<img src=\"https:\/\/10408.klecksquadrat.de\/wp-content\/uploads\/2024\/01\/ThermHex_application_building-400x258.jpg.webp\" width=\"400\" height=\"258\" title=\"B\u00e2timent et construction\" alt=\"B\u00e2timent et construction\">\n<img src=\"https:\/\/10408.klecksquadrat.de\/wp-content\/uploads\/2024\/01\/ThermHex_application_swimmingpool-400x258.jpg.webp\" width=\"400\" height=\"258\" title=\"B\u00e2timent et construction\" alt=\"B\u00e2timent et construction\">\n<img src=\"https:\/\/10408.klecksquadrat.de\/wp-content\/uploads\/2024\/01\/ThermHex_application_furniture-400x258.jpg.webp\" width=\"400\" height=\"258\" title=\"B\u00e2timent et construction\" alt=\"B\u00e2timent et construction\">\n<img src=\"https:\/\/10408.klecksquadrat.de\/wp-content\/uploads\/2024\/01\/ThermHex_application_interior-400x258.jpg.webp\" width=\"400\" height=\"258\" title=\"B\u00e2timent et construction\" alt=\"B\u00e2timent et construction\">","_links":{"self":[{"href":"https:\/\/thermhex.com\/fr\/wp-json\/wp\/v2\/pages\/7947","targetHints":{"allow":["GET"]}}],"collection":[{"href":"https:\/\/thermhex.com\/fr\/wp-json\/wp\/v2\/pages"}],"about":[{"href":"https:\/\/thermhex.com\/fr\/wp-json\/wp\/v2\/types\/page"}],"author":[{"embeddable":true,"href":"https:\/\/thermhex.com\/fr\/wp-json\/wp\/v2\/users\/1"}],"replies":[{"embeddable":true,"href":"https:\/\/thermhex.com\/fr\/wp-json\/wp\/v2\/comments?post=7947"}],"version-history":[{"count":2,"href":"https:\/\/thermhex.com\/fr\/wp-json\/wp\/v2\/pages\/7947\/revisions"}],"predecessor-version":[{"id":9709,"href":"https:\/\/thermhex.com\/fr\/wp-json\/wp\/v2\/pages\/7947\/revisions\/9709"}],"wp:attachment":[{"href":"https:\/\/thermhex.com\/fr\/wp-json\/wp\/v2\/media?parent=7947"}],"curies":[{"name":"wp","href":"https:\/\/api.w.org\/{rel}","templated":true}]}}