{"id":7959,"date":"2025-02-26T15:42:27","date_gmt":"2025-02-26T15:42:27","guid":{"rendered":"https:\/\/thermhex.com\/dankeseite\/"},"modified":"2026-02-09T13:23:04","modified_gmt":"2026-02-09T13:23:04","slug":"merci","status":"publish","type":"page","link":"https:\/\/thermhex.com\/fr\/merci\/","title":{"rendered":"Merci"},"content":{"rendered":"<!--themify_builder_content-->\n<div id=\"themify_builder_content-7959\" data-postid=\"7959\" class=\"themify_builder_content themify_builder_content-7959 themify_builder tf_clear\">\n                    <div  data-lazy=\"1\" class=\"module_row themify_builder_row tb_gb2n100 tb_first tf_w\">\n                        <div class=\"row_inner col_align_top tb_col_count_1 tf_box tf_rel\">\n                        <div  data-lazy=\"1\" class=\"module_column tb-column col-full tb_9sjd100 first\">\n                    <!-- module text -->\n<div  class=\"module module-text tb_g2el100   \" data-lazy=\"1\">\n        <div  class=\"tb_text_wrap\">\n        <h1>Merci pour votre message !<\/h1>\n<p>Nous avons bien re\u00e7u votre demande et vous r\u00e9pondrons dans les plus brefs d\u00e9lais.<\/p>\n<h3>Quelle est la suite ?<\/h3>\n<ul>\n<li>Notre \u00e9quipe examinera attentivement votre message.<\/li>\n<li>Vous recevrez une r\u00e9ponse par e-mail ou par t\u00e9l\u00e9phone dans les plus brefs d\u00e9lais.<\/li>\n<li>Si vous avez des questions entre-temps, n&rsquo;h\u00e9sitez pas \u00e0 nous contacter.<\/li>\n<\/ul>\n<h2>Vous avez une autre demande ?<\/h2>\n<p>Consultez notre <a href=\"https:\/\/thermhex.com\/en\">site web<\/a> pour plus d&rsquo;informations ou appelez-nous directement.<\/p>\n<p>Nous nous r\u00e9jouissons de vous entendre !<\/p>\n    <\/div>\n<\/div>\n<!-- \/module text -->        <\/div>\n                        <\/div>\n        <\/div>\n        <\/div>\n<!--\/themify_builder_content-->","protected":false},"excerpt":{"rendered":"<p>Merci pour votre message ! Nous avons bien re\u00e7u votre demande et vous r\u00e9pondrons dans les plus brefs d\u00e9lais. Quelle est la suite ? Notre \u00e9quipe examinera attentivement votre message. Vous recevrez une r\u00e9ponse par e-mail ou par t\u00e9l\u00e9phone dans les plus brefs d\u00e9lais. Si vous avez des questions entre-temps, n&rsquo;h\u00e9sitez pas \u00e0 nous contacter. [&hellip;]<\/p>\n","protected":false},"author":1,"featured_media":0,"parent":0,"menu_order":0,"comment_status":"closed","ping_status":"closed","template":"","meta":{"footnotes":""},"class_list":["post-7959","page","type-page","status-publish","hentry","has-post-title","has-post-date","has-post-category","has-post-tag","has-post-comment","has-post-author",""],"builder_content":"<h1>Merci pour votre message !<\/h1> <p>Nous avons bien re\u00e7u votre demande et vous r\u00e9pondrons dans les plus brefs d\u00e9lais.<\/p> <h3>Quelle est la suite ?<\/h3> <ul> <li>Notre \u00e9quipe examinera attentivement votre message.<\/li> <li>Vous recevrez une r\u00e9ponse par e-mail ou par t\u00e9l\u00e9phone dans les plus brefs d\u00e9lais.<\/li> <li>Si vous avez des questions entre-temps, n'h\u00e9sitez pas \u00e0 nous contacter.<\/li> <\/ul> <h2>Vous avez une autre demande ?<\/h2> <p>Consultez notre <a href=\"https:\/\/thermhex.com\/en\">site web<\/a> pour plus d'informations ou appelez-nous directement.<\/p> <p>Nous nous r\u00e9jouissons de vous entendre !<\/p>","_links":{"self":[{"href":"https:\/\/thermhex.com\/fr\/wp-json\/wp\/v2\/pages\/7959","targetHints":{"allow":["GET"]}}],"collection":[{"href":"https:\/\/thermhex.com\/fr\/wp-json\/wp\/v2\/pages"}],"about":[{"href":"https:\/\/thermhex.com\/fr\/wp-json\/wp\/v2\/types\/page"}],"author":[{"embeddable":true,"href":"https:\/\/thermhex.com\/fr\/wp-json\/wp\/v2\/users\/1"}],"replies":[{"embeddable":true,"href":"https:\/\/thermhex.com\/fr\/wp-json\/wp\/v2\/comments?post=7959"}],"version-history":[{"count":5,"href":"https:\/\/thermhex.com\/fr\/wp-json\/wp\/v2\/pages\/7959\/revisions"}],"predecessor-version":[{"id":9760,"href":"https:\/\/thermhex.com\/fr\/wp-json\/wp\/v2\/pages\/7959\/revisions\/9760"}],"wp:attachment":[{"href":"https:\/\/thermhex.com\/fr\/wp-json\/wp\/v2\/media?parent=7959"}],"curies":[{"name":"wp","href":"https:\/\/api.w.org\/{rel}","templated":true}]}}