{"id":7969,"date":"2025-02-08T10:52:09","date_gmt":"2025-02-08T10:52:09","guid":{"rendered":"https:\/\/thermhex.com\/fahrzeug-und-automobilbau\/"},"modified":"2026-02-16T14:31:04","modified_gmt":"2026-02-16T14:31:04","slug":"fahrzeug-und-automobilbau","status":"publish","type":"page","link":"https:\/\/thermhex.com\/fr\/fahrzeug-und-automobilbau\/","title":{"rendered":"Transport et automobile"},"content":{"rendered":"<!--themify_builder_content-->\n<div id=\"themify_builder_content-7969\" data-postid=\"7969\" class=\"themify_builder_content themify_builder_content-7969 themify_builder tf_clear\">\n                    <div  data-lazy=\"1\" class=\"module_row themify_builder_row tb_a3qx229 tb_first tf_w\">\n                        <div class=\"row_inner col_align_top tb_col_count_1 tf_box tf_rel\">\n                        <div  data-lazy=\"1\" class=\"module_column tb-column col-full tb_wgsj229 first\">\n                    <!-- module text -->\n<div  class=\"module module-text tb_nt6h230   \" data-lazy=\"1\">\n        <div  class=\"tb_text_wrap\">\n        <div class=\"fusion-title title fusion-title-6 fusion-sep-none fusion-title-text fusion-title-size-two fusion-border-below-title\">\n<h1 class=\"fusion-responsive-typography-calculated\" data-fontsize=\"30\" data-lineheight=\"37.5px\">Transport et automobile<\/h1>\n<h2 class=\"fusion-responsive-typography-calculated\" data-fontsize=\"30\" data-lineheight=\"37.5px\">Noyaux en nid d\u2019abeille dans les composants sandwich des voitures et des camions<\/h2>\n<\/div>\n<div class=\"fusion-text fusion-text-1\">\n<p>R\u00c9DUCTION DU POIDS ! Des milliers d\u2019ing\u00e9nieurs de l\u2019industrie des transports dans le monde entier travaillent sur des projets visant \u00e0 all\u00e9ger les v\u00e9hicules tout en maintenant les caract\u00e9ristiques de r\u00e9sistance. Les composants dot\u00e9s d\u2019une \u00e2me en nid d\u2019abeille ThermHex in\u00e9gal\u00e9e \u00e0 l\u2019int\u00e9rieur offrent exactement la combinaison recherch\u00e9e de performances m\u00e9caniques \u00e9lev\u00e9es et de r\u00e9duction de poids. En m\u00eame temps, les noyaux et les panneaux en nid d\u2019abeilles ThermHex PP constituent une solution \u00e9conomique et enti\u00e8rement recyclable qui peut \u00eatre transform\u00e9e en une pi\u00e8ce finale dans le cadre d\u2019un processus \u00e0 cycle court, facile et \u00e9conomique, avec une m\u00e9thodologie et un \u00e9quipement conventionnels.   <\/p>\n<h3><strong>Applications actuelles des produits dans les industries de l\u2019automobile et des transports :<\/strong><\/h3>\n<ul>\n<li>Caisses rigides pour camions et remorques et pi\u00e8ces de carrosserie pour caravanes<\/li>\n<li>Rev\u00eatements de sol et am\u00e9nagements int\u00e9rieurs des v\u00e9hicules<\/li>\n<li>Plateaux arri\u00e8re et enjoliveurs de roue de secours pour voitures<\/li>\n<li>Panneaux de soubassement et pi\u00e8ces acoustiques pour l\u2019automobile<\/li>\n<li>Amortisseurs de vibrations<\/li>\n<li>Rev\u00eatements de toit<\/li>\n<li>Bo\u00eetier d\u2019insonorisation<\/li>\n<li>Flight cases<\/li>\n<li>Bo\u00eetes de chargement des v\u00e9hicules de livraison du dernier kilom\u00e8tre<\/li>\n<li>Plancher de fourgonnettes et de minibus, remplacement du contreplaqu\u00e9<\/li>\n<li>et plus encore\u2026<\/li>\n<\/ul>\n<\/div>    <\/div>\n<\/div>\n<!-- \/module text -->        <div  data-lazy=\"1\" class=\"module_subrow themify_builder_sub_row tf_w col_align_top gutter-narrow tb_col_count_2 tb_xgqu229\">\n                <div  data-lazy=\"1\" class=\"module_column sub_column col4-2 tb_kh17230 first\">\n                    <!-- module image -->\n<div  class=\"module module-image tb_itrb230 image-top   tf_mw\" data-lazy=\"1\">\n        <div class=\"image-wrap tf_rel tf_mw\">\n            <img loading=\"lazy\" decoding=\"async\" src=\"https:\/\/10408.klecksquadrat.de\/wp-content\/uploads\/2024\/01\/ThermHex_application_mass_transport-400x258.jpg.webp\" width=\"400\" height=\"258\" title=\"Transport et automobile\" alt=\"Transport et automobile\">    \n        <\/div>\n    <!-- \/image-wrap -->\n    \n        <\/div>\n<!-- \/module image --><!-- module image -->\n<div  class=\"module module-image tb_k2gr230 image-top   tf_mw\" data-lazy=\"1\">\n        <div class=\"image-wrap tf_rel tf_mw\">\n            <img loading=\"lazy\" decoding=\"async\" src=\"https:\/\/10408.klecksquadrat.de\/wp-content\/uploads\/2024\/01\/ThermHex_application_automotive_interior-400x258.jpg.webp\" width=\"400\" height=\"258\" title=\"Transport et automobile\" alt=\"Transport et automobile\">    \n        <\/div>\n    <!-- \/image-wrap -->\n    \n        <\/div>\n<!-- \/module image -->        <\/div>\n                    <div  data-lazy=\"1\" class=\"module_column sub_column col4-2 tb_wu3l229 last\">\n                    <!-- module image -->\n<div  class=\"module module-image tb_0amy230 image-top   tf_mw\" data-lazy=\"1\">\n        <div class=\"image-wrap tf_rel tf_mw\">\n            <img loading=\"lazy\" decoding=\"async\" src=\"https:\/\/10408.klecksquadrat.de\/wp-content\/uploads\/2024\/01\/ThermHex_application_recreational_vehicles-400x258.jpg.webp\" width=\"400\" height=\"258\" title=\"Transport et automobile\" alt=\"Transport et automobile\">    \n        <\/div>\n    <!-- \/image-wrap -->\n    \n        <\/div>\n<!-- \/module image --><!-- module image -->\n<div  class=\"module module-image tb_0tzx229 image-top   tf_mw\" data-lazy=\"1\">\n        <div class=\"image-wrap tf_rel tf_mw\">\n            <img loading=\"lazy\" decoding=\"async\" src=\"https:\/\/10408.klecksquadrat.de\/wp-content\/uploads\/2024\/01\/ThermHex_application_truck__trailer-400x258.jpg.webp\" width=\"400\" height=\"258\" title=\"Transport et automobile\" alt=\"Transport et automobile\">    \n        <\/div>\n    <!-- \/image-wrap -->\n    \n        <\/div>\n<!-- \/module image -->        <\/div>\n                    <\/div>\n                <\/div>\n                        <\/div>\n        <\/div>\n        <\/div>\n<!--\/themify_builder_content-->","protected":false},"excerpt":{"rendered":"<p>Transport et automobile Noyaux en nid d\u2019abeille dans les composants sandwich des voitures et des camions R\u00c9DUCTION DU POIDS ! Des milliers d\u2019ing\u00e9nieurs de l\u2019industrie des transports dans le monde entier travaillent sur des projets visant \u00e0 all\u00e9ger les v\u00e9hicules tout en maintenant les caract\u00e9ristiques de r\u00e9sistance. Les composants dot\u00e9s d\u2019une \u00e2me en nid d\u2019abeille [&hellip;]<\/p>\n","protected":false},"author":1,"featured_media":0,"parent":0,"menu_order":0,"comment_status":"closed","ping_status":"closed","template":"","meta":{"footnotes":""},"class_list":["post-7969","page","type-page","status-publish","hentry","has-post-title","has-post-date","has-post-category","has-post-tag","has-post-comment","has-post-author",""],"builder_content":"<h1 data-fontsize=\"30\" data-lineheight=\"37.5px\">Transport et automobile<\/h1> <h2 data-fontsize=\"30\" data-lineheight=\"37.5px\">Noyaux en nid d\u2019abeille dans les composants sandwich des voitures et des camions<\/h2>\n<p>R\u00c9DUCTION DU POIDS ! Des milliers d\u2019ing\u00e9nieurs de l\u2019industrie des transports dans le monde entier travaillent sur des projets visant \u00e0 all\u00e9ger les v\u00e9hicules tout en maintenant les caract\u00e9ristiques de r\u00e9sistance. Les composants dot\u00e9s d\u2019une \u00e2me en nid d\u2019abeille ThermHex in\u00e9gal\u00e9e \u00e0 l\u2019int\u00e9rieur offrent exactement la combinaison recherch\u00e9e de performances m\u00e9caniques \u00e9lev\u00e9es et de r\u00e9duction de poids. En m\u00eame temps, les noyaux et les panneaux en nid d\u2019abeilles ThermHex PP constituent une solution \u00e9conomique et enti\u00e8rement recyclable qui peut \u00eatre transform\u00e9e en une pi\u00e8ce finale dans le cadre d\u2019un processus \u00e0 cycle court, facile et \u00e9conomique, avec une m\u00e9thodologie et un \u00e9quipement conventionnels. <\/p> <h3><strong>Applications actuelles des produits dans les industries de l\u2019automobile et des transports :<\/strong><\/h3> <ul> <li>Caisses rigides pour camions et remorques et pi\u00e8ces de carrosserie pour caravanes<\/li> <li>Rev\u00eatements de sol et am\u00e9nagements int\u00e9rieurs des v\u00e9hicules<\/li> <li>Plateaux arri\u00e8re et enjoliveurs de roue de secours pour voitures<\/li> <li>Panneaux de soubassement et pi\u00e8ces acoustiques pour l\u2019automobile<\/li> <li>Amortisseurs de vibrations<\/li> <li>Rev\u00eatements de toit<\/li> <li>Bo\u00eetier d\u2019insonorisation<\/li> <li>Flight cases<\/li> <li>Bo\u00eetes de chargement des v\u00e9hicules de livraison du dernier kilom\u00e8tre<\/li> <li>Plancher de fourgonnettes et de minibus, remplacement du contreplaqu\u00e9<\/li> <li>et plus encore\u2026<\/li> <\/ul>\n<img src=\"https:\/\/10408.klecksquadrat.de\/wp-content\/uploads\/2024\/01\/ThermHex_application_mass_transport-400x258.jpg.webp\" width=\"400\" height=\"258\" title=\"Transport et automobile\" alt=\"Transport et automobile\">\n<img src=\"https:\/\/10408.klecksquadrat.de\/wp-content\/uploads\/2024\/01\/ThermHex_application_automotive_interior-400x258.jpg.webp\" width=\"400\" height=\"258\" title=\"Transport et automobile\" alt=\"Transport et automobile\">\n<img src=\"https:\/\/10408.klecksquadrat.de\/wp-content\/uploads\/2024\/01\/ThermHex_application_recreational_vehicles-400x258.jpg.webp\" width=\"400\" height=\"258\" title=\"Transport et automobile\" alt=\"Transport et automobile\">\n<img src=\"https:\/\/10408.klecksquadrat.de\/wp-content\/uploads\/2024\/01\/ThermHex_application_truck__trailer-400x258.jpg.webp\" width=\"400\" height=\"258\" title=\"Transport et automobile\" alt=\"Transport et automobile\">","_links":{"self":[{"href":"https:\/\/thermhex.com\/fr\/wp-json\/wp\/v2\/pages\/7969","targetHints":{"allow":["GET"]}}],"collection":[{"href":"https:\/\/thermhex.com\/fr\/wp-json\/wp\/v2\/pages"}],"about":[{"href":"https:\/\/thermhex.com\/fr\/wp-json\/wp\/v2\/types\/page"}],"author":[{"embeddable":true,"href":"https:\/\/thermhex.com\/fr\/wp-json\/wp\/v2\/users\/1"}],"replies":[{"embeddable":true,"href":"https:\/\/thermhex.com\/fr\/wp-json\/wp\/v2\/comments?post=7969"}],"version-history":[{"count":3,"href":"https:\/\/thermhex.com\/fr\/wp-json\/wp\/v2\/pages\/7969\/revisions"}],"predecessor-version":[{"id":9930,"href":"https:\/\/thermhex.com\/fr\/wp-json\/wp\/v2\/pages\/7969\/revisions\/9930"}],"wp:attachment":[{"href":"https:\/\/thermhex.com\/fr\/wp-json\/wp\/v2\/media?parent=7969"}],"curies":[{"name":"wp","href":"https:\/\/api.w.org\/{rel}","templated":true}]}}