{"id":7989,"date":"2025-02-07T15:48:52","date_gmt":"2025-02-07T15:48:52","guid":{"rendered":"https:\/\/thermhex.com\/organosandwich\/"},"modified":"2026-02-09T13:42:00","modified_gmt":"2026-02-09T13:42:00","slug":"panneau-sandwich-en-pp","status":"publish","type":"page","link":"https:\/\/thermhex.com\/fr\/panneau-sandwich-en-pp\/","title":{"rendered":"Panneaux sandwich en PP"},"content":{"rendered":"<!--themify_builder_content-->\n<div id=\"themify_builder_content-7989\" data-postid=\"7989\" class=\"themify_builder_content themify_builder_content-7989 themify_builder tf_clear\">\n                    <div  data-lazy=\"1\" class=\"module_row themify_builder_row tb_2gz6536 tb_first tf_w\">\n                        <div class=\"row_inner col_align_top tb_col_count_1 tf_box tf_rel\">\n                        <div  data-lazy=\"1\" class=\"module_column tb-column col-full tb_ipnr536 first\">\n                    <!-- module image -->\n<div  class=\"module module-image tb_jz0h536 image-top   tf_mw\" data-lazy=\"1\">\n        <div class=\"image-wrap tf_rel tf_mw\">\n            <img loading=\"lazy\" decoding=\"async\" width=\"1200\" height=\"364\" src=\"https:\/\/thermhex.com\/wp-content\/uploads\/2025\/07\/source_FraunhoferIMWS_Sven-Doering-1200x364.jpg.webp\" class=\"wp-post-image wp-image-8450\" title=\"source_FraunhoferIMWS_Sven-Doering-1200x364.jpg\" alt=\"source_FraunhoferIMWS_Sven-Doering-1200x364.jpg\" srcset=\"https:\/\/thermhex.com\/wp-content\/uploads\/2025\/07\/source_FraunhoferIMWS_Sven-Doering-1200x364.jpg.webp 1200w, https:\/\/thermhex.com\/wp-content\/uploads\/2025\/07\/source_FraunhoferIMWS_Sven-Doering-1200x364.jpg-300x91.webp 300w, https:\/\/thermhex.com\/wp-content\/uploads\/2025\/07\/source_FraunhoferIMWS_Sven-Doering-1200x364.jpg-1024x311.webp 1024w, https:\/\/thermhex.com\/wp-content\/uploads\/2025\/07\/source_FraunhoferIMWS_Sven-Doering-1200x364.jpg-768x233.webp 768w\" sizes=\"auto, (max-width: 1200px) 100vw, 1200px\" \/>    \n        <\/div>\n    <!-- \/image-wrap -->\n    \n        <\/div>\n<!-- \/module image -->        <\/div>\n                        <\/div>\n        <\/div>\n                        <div  data-lazy=\"1\" class=\"module_row themify_builder_row tb_rjbe172 tf_w\">\n                        <div class=\"row_inner col_align_top tb_col_count_1 tf_box tf_rel\">\n                        <div  data-lazy=\"1\" class=\"module_column tb-column col-full tb_nomr172 first\">\n                    <!-- module text -->\n<div  class=\"module module-text tb_lby0172   \" data-lazy=\"1\">\n        <div  class=\"tb_text_wrap\">\n        <div class=\"fusion-text fusion-text-1\">\n<h2 class=\"fusion-responsive-typography-calculated\" data-fontsize=\"30\" data-lineheight=\"37.5px\">Panneau sandwich thermoplastique avec \u00e2me en nid d&rsquo;abeille en PP et rev\u00eatements en fibre de verre\/PP<\/h2>\n<p>Avantages :<\/p>\n<ul>\n<li>Possibilit\u00e9 d&rsquo;\u00e9conomiser jusqu&rsquo;\u00e0 80 % de poids par rapport \u00e0 un mat\u00e9riau monolithique<\/li>\n<li>R\u00e9duction importante des co\u00fbts<\/li>\n<li>Grande rigidit\u00e9 \u00e0 la flexion<\/li>\n<li>R\u00e9sistance \u00e9lev\u00e9e \u00e0 la compression et au cisaillement<\/li>\n<li>Absorbant d&rsquo;\u00e9nergie \/ r\u00e9sistant aux chocs<\/li>\n<li>R\u00e9sistant \u00e0 l&rsquo;humidit\u00e9, aux acides et aux bases<\/li>\n<li>Conversion facile et respectueuse des ressources<\/li>\n<li>Solution verte et facilement recyclable<\/li>\n<\/ul>\n<p>Le panneau sandwich en nid d&rsquo;abeille PP est un panneau semi-fini compos\u00e9 de deux fines couches de composites thermoplastiques renforc\u00e9s de fibres (organosheet) espac\u00e9es par une \u00e2me en nid d&rsquo;abeille thermoplastique. <strong><a href=\"https:\/\/thermhex.com\/products\/pp-honeycomb-cores\/\">\u00e2me thermoplastique en nid d&rsquo;abeille<\/a><\/strong> Le panneau sandwich en nid d&rsquo;abeille PP est un panneau semi-fini compos\u00e9 de deux fines couches de composites thermoplastiques renforc\u00e9s par des fibres (organosheet) espac\u00e9es par un noyau thermoplastique en nid d&rsquo;abeille.<\/p>\n<p>Le panneau en nid d&rsquo;abeilles en PP est particuli\u00e8rement <strong>rentable<\/strong> car il est fabriqu\u00e9 en continu : les couches de peau sont appliqu\u00e9es en ligne et soud\u00e9es \u00e0 l&rsquo;\u00e2me en nid d&rsquo;abeilles au fur et \u00e0 mesure de la production.<\/p>\n<p>Lors d\u2019\u00e9tapes de production ult\u00e9rieures, notamment en ce qui concerne l\u2019industrie automobile, ce <strong><a href=\"https:\/\/organosandwich.de\/en\/\" target=\"_blank\" rel=\"noopener\">sandwich organique<\/a><\/strong> peut \u00eatre transform\u00e9 en pi\u00e8ces finales et fonctionnalis\u00e9 en des <strong>temps de cycle tr\u00e8s courts<\/strong>. Une m\u00e9thode de conversion typique est le moulage par compression, tandis que la fonctionnalisation peut \u00eatre r\u00e9alis\u00e9e par <strong>surmoulage par injection<\/strong> int\u00e9gr\u00e9.<\/p>\n<p>Le panneau alv\u00e9olaire en PP est id\u00e9al pour la production en grande s\u00e9rie de composants destin\u00e9s \u00e0 l&rsquo;industrie automobile et \u00e0 de nombreuses autres applications, o\u00f9 les performances, la l\u00e9g\u00e8ret\u00e9 et la rentabilit\u00e9 doivent \u00eatre r\u00e9unies.<\/p>\n<p>Ces applications comprennent : les planchers de coffres automobiles et les panneaux de soubassement, les planchers de mini-fourgonnettes et de minibus, les bardages et les rayonnages, les panneaux dans les camions et les remorques, les bo\u00eetes de chargement dans les v\u00e9hicules de livraison du dernier kilom\u00e8tre, y compris les v\u00e9los-cargos et les fourgonnettes \u00e9lectriques, les panneaux dans les v\u00e9hicules de loisirs, les rayonnages industriels, et bien d&rsquo;autres encore. Les panneaux sont souvent utilis\u00e9s pour remplacer le contreplaqu\u00e9 et de nombreux autres panneaux monolithiques et sandwichs conventionnels. <\/p>\n<p><a href=\"https:\/\/thermhex.com\/wp-content\/uploads\/2022\/09\/ThermHex-composite-panel.png\"><img loading=\"lazy\" decoding=\"async\" class=\"alignnone size-full wp-image-5584 lazyautosizes ls-is-cached lazyloaded\" src=\"https:\/\/thermhex.com\/wp-content\/uploads\/2022\/09\/ThermHex-composite-panel.png\" alt=\"\" width=\"4029\" height=\"1856\" data-orig-src=\"https:\/\/thermhex.com\/wp-content\/uploads\/2022\/09\/ThermHex-composite-panel.png\" data-srcset=\"https:\/\/thermhex.com\/wp-content\/uploads\/2022\/09\/ThermHex-composite-panel-50x23.png 50w, https:\/\/thermhex.com\/wp-content\/uploads\/2022\/09\/ThermHex-composite-panel-200x92.png 200w, https:\/\/thermhex.com\/wp-content\/uploads\/2022\/09\/ThermHex-composite-panel-300x138.png 300w, https:\/\/thermhex.com\/wp-content\/uploads\/2022\/09\/ThermHex-composite-panel-400x184.png 400w, https:\/\/thermhex.com\/wp-content\/uploads\/2022\/09\/ThermHex-composite-panel-600x276.png 600w, https:\/\/thermhex.com\/wp-content\/uploads\/2022\/09\/ThermHex-composite-panel-768x354.png 768w, https:\/\/thermhex.com\/wp-content\/uploads\/2022\/09\/ThermHex-composite-panel-800x369.png 800w, https:\/\/thermhex.com\/wp-content\/uploads\/2022\/09\/ThermHex-composite-panel-1024x472.png 1024w, https:\/\/thermhex.com\/wp-content\/uploads\/2022\/09\/ThermHex-composite-panel-1200x553.png 1200w, https:\/\/thermhex.com\/wp-content\/uploads\/2022\/09\/ThermHex-composite-panel-1536x708.png 1536w, https:\/\/thermhex.com\/wp-content\/uploads\/2022\/09\/ThermHex-composite-panel.png 4029w\" data-sizes=\"auto\" data-orig-sizes=\"(max-width: 4029px) 100vw, 4029px\"><\/a><\/p>\n<p><strong><a href=\"https:\/\/organosandwich.de\/en\/\" target=\"_blank\" rel=\"noopener\">Cliquez ici pour en savoir plus sur le projet de recherche commun financ\u00e9 par l&rsquo;UE, Organosandwich.<\/a><\/strong><\/p>\n<\/div>    <\/div>\n<\/div>\n<!-- \/module text -->        <\/div>\n                        <\/div>\n        <\/div>\n                        <div  data-lazy=\"1\" class=\"module_row themify_builder_row tb_eoml554 tf_w\">\n                        <div class=\"row_inner col_align_top gutter-narrow tb_col_count_2 tf_box tf_rel\">\n                        <div  data-lazy=\"1\" class=\"module_column tb-column col4-2 tb_0d07554 first\">\n                    <!-- module image -->\n<div  class=\"module module-image tb_ktn6554 image-top   auto_fullwidth tf_mw\" data-lazy=\"1\">\n        <div class=\"image-wrap tf_rel tf_mw\">\n            <a href=\"https:\/\/thermhex.com\/brochures\/#Datasheet%20\/%20brochure%20PP%20sandwich%20panels\" class=\"lightbox-builder themify_lightbox\">\n                                   <span class=\"zoom\">\n                <svg  aria-label=\"Open\" class=\"tf_fa tf-ti-search\" xmlns:xlink=\"http:\/\/www.w3.org\/1999\/xlink\" role=\"img\"><use href=\"#tf-ti-search\" xlink:href=\"#tf-ti-search\"><\/use><\/svg>            <\/span>\n                    <img loading=\"lazy\" decoding=\"async\" width=\"556\" height=\"786\" src=\"https:\/\/thermhex.com\/wp-content\/uploads\/2024\/07\/11-59-32-TH_Brosch_Organosandw.png\" class=\"wp-post-image wp-image-7793\" title=\"Brochure \/ Fiche technique ThermHex Organosandwich\" alt=\"Brochure \/ Fiche technique ThermHex Organosandwich\" srcset=\"https:\/\/thermhex.com\/wp-content\/uploads\/2024\/07\/11-59-32-TH_Brosch_Organosandw.png 556w, https:\/\/thermhex.com\/wp-content\/uploads\/2024\/07\/11-59-32-TH_Brosch_Organosandw-212x300.png 212w\" sizes=\"auto, (max-width: 556px) 100vw, 556px\" \/>        <\/a>\n    \n        <\/div>\n    <!-- \/image-wrap -->\n    \n        <div class=\"image-content\">\n                    <h3 class=\"image-title\">\n                                    <a href=\"https:\/\/thermhex.com\/brochures\/#Datasheet%20\/%20brochure%20PP%20sandwich%20panels\" class=\"lightbox-builder themify_lightbox\">\n                        Brochure \/ Fiche technique ThermHex Organosandwich                    <\/a>\n                            <\/h3>\n                    <\/div>\n    <!-- \/image-content -->\n        <\/div>\n<!-- \/module image -->        <\/div>\n                    <div  data-lazy=\"1\" class=\"module_column tb-column col4-2 tb_j501554 last\">\n                    <!-- module image -->\n<div  class=\"module module-image tb_1gkn554 image-top   tf_mw\" data-lazy=\"1\">\n        <div class=\"image-wrap tf_rel tf_mw\">\n            <img decoding=\"async\" src=\"https:\/\/thermhex.com\/wp-content\/uploads\/2025\/02\/organosandwich-automotive-applications-mini-600x450.jpg.webp\" title=\"De multiples possibilit\u00e9s d&#039;application pour l&#039;industrie automobile.\" alt=\"De multiples possibilit\u00e9s d&#039;application pour l&#039;industrie automobile.\">    \n        <\/div>\n    <!-- \/image-wrap -->\n    \n        <div class=\"image-content\">\n                    <h3 class=\"image-title\">\n                                    De multiples possibilit\u00e9s d'application pour l'industrie automobile.                            <\/h3>\n                    <\/div>\n    <!-- \/image-content -->\n        <\/div>\n<!-- \/module image -->        <\/div>\n                        <\/div>\n        <\/div>\n        <\/div>\n<!--\/themify_builder_content-->","protected":false},"excerpt":{"rendered":"<p>Panneau sandwich thermoplastique avec \u00e2me en nid d&rsquo;abeille en PP et rev\u00eatements en fibre de verre\/PP Avantages : Possibilit\u00e9 d&rsquo;\u00e9conomiser jusqu&rsquo;\u00e0 80 % de poids par rapport \u00e0 un mat\u00e9riau monolithique R\u00e9duction importante des co\u00fbts Grande rigidit\u00e9 \u00e0 la flexion R\u00e9sistance \u00e9lev\u00e9e \u00e0 la compression et au cisaillement Absorbant d&rsquo;\u00e9nergie \/ r\u00e9sistant aux chocs R\u00e9sistant [&hellip;]<\/p>\n","protected":false},"author":1,"featured_media":0,"parent":0,"menu_order":0,"comment_status":"closed","ping_status":"closed","template":"","meta":{"footnotes":""},"class_list":["post-7989","page","type-page","status-publish","hentry","has-post-title","has-post-date","has-post-category","has-post-tag","has-post-comment","has-post-author",""],"builder_content":"<img src=\"https:\/\/thermhex.com\/wp-content\/uploads\/2025\/07\/source_FraunhoferIMWS_Sven-Doering-1200x364.jpg.webp\" title=\"source_FraunhoferIMWS_Sven-Doering-1200x364.jpg\" alt=\"source_FraunhoferIMWS_Sven-Doering-1200x364.jpg\" srcset=\"https:\/\/thermhex.com\/wp-content\/uploads\/2025\/07\/source_FraunhoferIMWS_Sven-Doering-1200x364.jpg.webp 1200w, https:\/\/thermhex.com\/wp-content\/uploads\/2025\/07\/source_FraunhoferIMWS_Sven-Doering-1200x364.jpg-300x91.webp 300w, https:\/\/thermhex.com\/wp-content\/uploads\/2025\/07\/source_FraunhoferIMWS_Sven-Doering-1200x364.jpg-1024x311.webp 1024w, https:\/\/thermhex.com\/wp-content\/uploads\/2025\/07\/source_FraunhoferIMWS_Sven-Doering-1200x364.jpg-768x233.webp 768w\" sizes=\"(max-width: 1200px) 100vw, 1200px\" \/>\n<h2 data-fontsize=\"30\" data-lineheight=\"37.5px\">Panneau sandwich thermoplastique avec \u00e2me en nid d'abeille en PP et rev\u00eatements en fibre de verre\/PP<\/h2> <p>Avantages :<\/p> <ul> <li>Possibilit\u00e9 d'\u00e9conomiser jusqu'\u00e0 80 % de poids par rapport \u00e0 un mat\u00e9riau monolithique<\/li> <li>R\u00e9duction importante des co\u00fbts<\/li> <li>Grande rigidit\u00e9 \u00e0 la flexion<\/li> <li>R\u00e9sistance \u00e9lev\u00e9e \u00e0 la compression et au cisaillement<\/li> <li>Absorbant d'\u00e9nergie \/ r\u00e9sistant aux chocs<\/li> <li>R\u00e9sistant \u00e0 l'humidit\u00e9, aux acides et aux bases<\/li> <li>Conversion facile et respectueuse des ressources<\/li> <li>Solution verte et facilement recyclable<\/li> <\/ul> <p>Le panneau sandwich en nid d'abeille PP est un panneau semi-fini compos\u00e9 de deux fines couches de composites thermoplastiques renforc\u00e9s de fibres (organosheet) espac\u00e9es par une \u00e2me en nid d'abeille thermoplastique. <strong><a href=\"https:\/\/thermhex.com\/products\/pp-honeycomb-cores\/\">\u00e2me thermoplastique en nid d'abeille<\/a><\/strong> Le panneau sandwich en nid d'abeille PP est un panneau semi-fini compos\u00e9 de deux fines couches de composites thermoplastiques renforc\u00e9s par des fibres (organosheet) espac\u00e9es par un noyau thermoplastique en nid d'abeille.<\/p> <p>Le panneau en nid d'abeilles en PP est particuli\u00e8rement <strong>rentable<\/strong> car il est fabriqu\u00e9 en continu : les couches de peau sont appliqu\u00e9es en ligne et soud\u00e9es \u00e0 l'\u00e2me en nid d'abeilles au fur et \u00e0 mesure de la production.<\/p> <p>Lors d\u2019\u00e9tapes de production ult\u00e9rieures, notamment en ce qui concerne l\u2019industrie automobile, ce <strong><a href=\"https:\/\/organosandwich.de\/en\/\" target=\"_blank\" rel=\"noopener\">sandwich organique<\/a><\/strong> peut \u00eatre transform\u00e9 en pi\u00e8ces finales et fonctionnalis\u00e9 en des <strong>temps de cycle tr\u00e8s courts<\/strong>. Une m\u00e9thode de conversion typique est le moulage par compression, tandis que la fonctionnalisation peut \u00eatre r\u00e9alis\u00e9e par <strong>surmoulage par injection<\/strong> int\u00e9gr\u00e9.<\/p> <p>Le panneau alv\u00e9olaire en PP est id\u00e9al pour la production en grande s\u00e9rie de composants destin\u00e9s \u00e0 l'industrie automobile et \u00e0 de nombreuses autres applications, o\u00f9 les performances, la l\u00e9g\u00e8ret\u00e9 et la rentabilit\u00e9 doivent \u00eatre r\u00e9unies.<\/p> <p>Ces applications comprennent : les planchers de coffres automobiles et les panneaux de soubassement, les planchers de mini-fourgonnettes et de minibus, les bardages et les rayonnages, les panneaux dans les camions et les remorques, les bo\u00eetes de chargement dans les v\u00e9hicules de livraison du dernier kilom\u00e8tre, y compris les v\u00e9los-cargos et les fourgonnettes \u00e9lectriques, les panneaux dans les v\u00e9hicules de loisirs, les rayonnages industriels, et bien d'autres encore. Les panneaux sont souvent utilis\u00e9s pour remplacer le contreplaqu\u00e9 et de nombreux autres panneaux monolithiques et sandwichs conventionnels. <\/p> <p><a href=\"https:\/\/thermhex.com\/wp-content\/uploads\/2022\/09\/ThermHex-composite-panel.png\"><img loading=\"lazy\" decoding=\"async\" src=\"https:\/\/thermhex.com\/wp-content\/uploads\/2022\/09\/ThermHex-composite-panel.png\" alt=\"\" width=\"4029\" height=\"1856\" data-orig-src=\"https:\/\/thermhex.com\/wp-content\/uploads\/2022\/09\/ThermHex-composite-panel.png\" data-srcset=\"https:\/\/thermhex.com\/wp-content\/uploads\/2022\/09\/ThermHex-composite-panel-50x23.png 50w, https:\/\/thermhex.com\/wp-content\/uploads\/2022\/09\/ThermHex-composite-panel-200x92.png 200w, https:\/\/thermhex.com\/wp-content\/uploads\/2022\/09\/ThermHex-composite-panel-300x138.png 300w, https:\/\/thermhex.com\/wp-content\/uploads\/2022\/09\/ThermHex-composite-panel-400x184.png 400w, https:\/\/thermhex.com\/wp-content\/uploads\/2022\/09\/ThermHex-composite-panel-600x276.png 600w, https:\/\/thermhex.com\/wp-content\/uploads\/2022\/09\/ThermHex-composite-panel-768x354.png 768w, https:\/\/thermhex.com\/wp-content\/uploads\/2022\/09\/ThermHex-composite-panel-800x369.png 800w, https:\/\/thermhex.com\/wp-content\/uploads\/2022\/09\/ThermHex-composite-panel-1024x472.png 1024w, https:\/\/thermhex.com\/wp-content\/uploads\/2022\/09\/ThermHex-composite-panel-1200x553.png 1200w, https:\/\/thermhex.com\/wp-content\/uploads\/2022\/09\/ThermHex-composite-panel-1536x708.png 1536w, https:\/\/thermhex.com\/wp-content\/uploads\/2022\/09\/ThermHex-composite-panel.png 4029w\" data-sizes=\"auto\" data-orig-sizes=\"(max-width: 4029px) 100vw, 4029px\"><\/a><\/p> <p><strong><a href=\"https:\/\/organosandwich.de\/en\/\" target=\"_blank\" rel=\"noopener\">Cliquez ici pour en savoir plus sur le projet de recherche commun financ\u00e9 par l'UE, Organosandwich.<\/a><\/strong><\/p>\n<a href=\"https:\/\/thermhex.com\/brochures\/#Datasheet%20\/%20brochure%20PP%20sandwich%20panels\"> <svg aria-label=\"Open\" xmlns:xlink=\"http:\/\/www.w3.org\/1999\/xlink\" role=\"img\"><use href=\"#tf-ti-search\" xlink:href=\"#tf-ti-search\"><\/use><\/svg> <img src=\"https:\/\/thermhex.com\/wp-content\/uploads\/2024\/07\/11-59-32-TH_Brosch_Organosandw.png\" title=\"Brochure \/ Fiche technique ThermHex Organosandwich\" alt=\"Brochure \/ Fiche technique ThermHex Organosandwich\" srcset=\"https:\/\/thermhex.com\/wp-content\/uploads\/2024\/07\/11-59-32-TH_Brosch_Organosandw.png 556w, https:\/\/thermhex.com\/wp-content\/uploads\/2024\/07\/11-59-32-TH_Brosch_Organosandw-212x300.png 212w\" sizes=\"(max-width: 556px) 100vw, 556px\" \/> <\/a> <h3> <a href=\"https:\/\/thermhex.com\/brochures\/#Datasheet%20\/%20brochure%20PP%20sandwich%20panels\"> Brochure \/ Fiche technique ThermHex Organosandwich <\/a> <\/h3>\n<img src=\"https:\/\/thermhex.com\/wp-content\/uploads\/2025\/02\/organosandwich-automotive-applications-mini-600x450.jpg.webp\" title=\"De multiples possibilit\u00e9s d&#039;application pour l&#039;industrie automobile.\" alt=\"De multiples possibilit\u00e9s d&#039;application pour l&#039;industrie automobile.\"> <h3> De multiples possibilit\u00e9s d'application pour l'industrie automobile. <\/h3>","_links":{"self":[{"href":"https:\/\/thermhex.com\/fr\/wp-json\/wp\/v2\/pages\/7989","targetHints":{"allow":["GET"]}}],"collection":[{"href":"https:\/\/thermhex.com\/fr\/wp-json\/wp\/v2\/pages"}],"about":[{"href":"https:\/\/thermhex.com\/fr\/wp-json\/wp\/v2\/types\/page"}],"author":[{"embeddable":true,"href":"https:\/\/thermhex.com\/fr\/wp-json\/wp\/v2\/users\/1"}],"replies":[{"embeddable":true,"href":"https:\/\/thermhex.com\/fr\/wp-json\/wp\/v2\/comments?post=7989"}],"version-history":[{"count":20,"href":"https:\/\/thermhex.com\/fr\/wp-json\/wp\/v2\/pages\/7989\/revisions"}],"predecessor-version":[{"id":9771,"href":"https:\/\/thermhex.com\/fr\/wp-json\/wp\/v2\/pages\/7989\/revisions\/9771"}],"wp:attachment":[{"href":"https:\/\/thermhex.com\/fr\/wp-json\/wp\/v2\/media?parent=7989"}],"curies":[{"name":"wp","href":"https:\/\/api.w.org\/{rel}","templated":true}]}}