{"id":8015,"date":"2024-01-13T15:31:15","date_gmt":"2024-01-13T15:31:15","guid":{"rendered":"https:\/\/thermhex.com\/autres-domaines-dapplication\/"},"modified":"2026-02-09T12:51:37","modified_gmt":"2026-02-09T12:51:37","slug":"autres-domaines-dapplication","status":"publish","type":"page","link":"https:\/\/thermhex.com\/fr\/autres-domaines-dapplication\/","title":{"rendered":"Autres domaines d\u2019application"},"content":{"rendered":"<!--themify_builder_content-->\n<div id=\"themify_builder_content-8015\" data-postid=\"8015\" class=\"themify_builder_content themify_builder_content-8015 themify_builder tf_clear\">\n                    <div  data-lazy=\"1\" class=\"module_row themify_builder_row tb_0oha658 tb_first tf_w\">\n                        <div class=\"row_inner col_align_top tb_col_count_1 tf_box tf_rel\">\n                        <div  data-lazy=\"1\" class=\"module_column tb-column col-full tb_ut23658 first\">\n                    <!-- module text -->\n<div  class=\"module module-text tb_0uvl149   \" data-lazy=\"1\">\n        <div  class=\"tb_text_wrap\">\n        <div class=\"fusion-title title fusion-title-6 fusion-sep-none fusion-title-text fusion-title-size-two fusion-border-below-title\">\n<h1 class=\"fusion-responsive-typography-calculated\" data-fontsize=\"32\" data-lineheight=\"48px\">Noyaux en nid d\u2019abeille dans d\u2019autres domaines et applications<\/h1>\n<\/div>\n<div class=\"fusion-text fusion-text-1\">\n<p>Outre le transport, la construction et la marine, l\u2019\u00e2me et les panneaux en nid d\u2019abeille ThermHex PP sont utilis\u00e9s dans un nombre croissant d\u2019autres applications. Les produits en nid d\u2019abeilles ThermHex PP sont \u00e9galement utilis\u00e9s, par exemple, dans les solutions d\u2019emballage pour charges lourdes, les flight-cases, les panneaux photovolta\u00efques, l\u2019isolation et l\u2019absorption acoustiques, le remplacement g\u00e9n\u00e9ral du contreplaqu\u00e9, et bien d\u2019autres encore. <\/p>\n<p>Vous \u00eates en train de d\u00e9velopper une nouvelle application pour laquelle le faible poids, la rentabilit\u00e9, les performances et la recyclabilit\u00e9 sont essentiels ? Appelez-nous au +49 (0)345 1316270 ou \u00e9crivez-nous \u00e0 <a href=\"mailto:info@thermhex.com\">info@thermhex.com<\/a>. <\/p>\n<\/div>    <\/div>\n<\/div>\n<!-- \/module text -->        <div  data-lazy=\"1\" class=\"module_subrow themify_builder_sub_row tf_w col_align_top gutter-narrow tb_col_count_2 tb_xlkl254\">\n                <div  data-lazy=\"1\" class=\"module_column sub_column col4-2 tb_zzxe254 first\">\n                    <!-- module image -->\n<div  class=\"module module-image tb_8utk140 image-top   tf_mw\" data-lazy=\"1\">\n        <div class=\"image-wrap tf_rel tf_mw\">\n            <img loading=\"lazy\" decoding=\"async\" src=\"https:\/\/10408.klecksquadrat.de\/wp-content\/uploads\/2024\/01\/ThermHex_application_wind_energy-400x267.jpg.webp\" width=\"400\" height=\"267\" title=\"Autres domaines d\u2019application\" alt=\"Autres domaines d\u2019application\">    \n        <\/div>\n    <!-- \/image-wrap -->\n    \n        <\/div>\n<!-- \/module image -->        <\/div>\n                    <div  data-lazy=\"1\" class=\"module_column sub_column col4-2 tb_xsy6255 last\">\n                    <!-- module image -->\n<div  class=\"module module-image tb_dhaz772 image-top   tf_mw\" data-lazy=\"1\">\n        <div class=\"image-wrap tf_rel tf_mw\">\n            <img loading=\"lazy\" decoding=\"async\" src=\"https:\/\/10408.klecksquadrat.de\/wp-content\/uploads\/2024\/01\/ThermHex_application_solar_energy-400x258.jpg.webp\" width=\"400\" height=\"258\" title=\"Autres domaines d\u2019application\" alt=\"Autres domaines d\u2019application\">    \n        <\/div>\n    <!-- \/image-wrap -->\n    \n        <\/div>\n<!-- \/module image -->        <\/div>\n                    <\/div>\n                <\/div>\n                        <\/div>\n        <\/div>\n        <\/div>\n<!--\/themify_builder_content-->","protected":false},"excerpt":{"rendered":"<p>Noyaux en nid d\u2019abeille dans d\u2019autres domaines et applications Outre le transport, la construction et la marine, l\u2019\u00e2me et les panneaux en nid d\u2019abeille ThermHex PP sont utilis\u00e9s dans un nombre croissant d\u2019autres applications. Les produits en nid d\u2019abeilles ThermHex PP sont \u00e9galement utilis\u00e9s, par exemple, dans les solutions d\u2019emballage pour charges lourdes, les flight-cases, [&hellip;]<\/p>\n","protected":false},"author":1,"featured_media":0,"parent":0,"menu_order":0,"comment_status":"closed","ping_status":"closed","template":"","meta":{"footnotes":""},"class_list":["post-8015","page","type-page","status-publish","hentry","has-post-title","has-post-date","has-post-category","has-post-tag","has-post-comment","has-post-author",""],"builder_content":"<h1 data-fontsize=\"32\" data-lineheight=\"48px\">Noyaux en nid d\u2019abeille dans d\u2019autres domaines et applications<\/h1>\n<p>Outre le transport, la construction et la marine, l\u2019\u00e2me et les panneaux en nid d\u2019abeille ThermHex PP sont utilis\u00e9s dans un nombre croissant d\u2019autres applications. Les produits en nid d\u2019abeilles ThermHex PP sont \u00e9galement utilis\u00e9s, par exemple, dans les solutions d\u2019emballage pour charges lourdes, les flight-cases, les panneaux photovolta\u00efques, l\u2019isolation et l\u2019absorption acoustiques, le remplacement g\u00e9n\u00e9ral du contreplaqu\u00e9, et bien d\u2019autres encore. <\/p> <p>Vous \u00eates en train de d\u00e9velopper une nouvelle application pour laquelle le faible poids, la rentabilit\u00e9, les performances et la recyclabilit\u00e9 sont essentiels ? Appelez-nous au +49 (0)345 1316270 ou \u00e9crivez-nous \u00e0 <a href=\"mailto:info@thermhex.com\">info@thermhex.com<\/a>. <\/p>\n<img src=\"https:\/\/10408.klecksquadrat.de\/wp-content\/uploads\/2024\/01\/ThermHex_application_wind_energy-400x267.jpg.webp\" width=\"400\" height=\"267\" title=\"Autres domaines d\u2019application\" alt=\"Autres domaines d\u2019application\">\n<img src=\"https:\/\/10408.klecksquadrat.de\/wp-content\/uploads\/2024\/01\/ThermHex_application_solar_energy-400x258.jpg.webp\" width=\"400\" height=\"258\" title=\"Autres domaines d\u2019application\" alt=\"Autres domaines d\u2019application\">","_links":{"self":[{"href":"https:\/\/thermhex.com\/fr\/wp-json\/wp\/v2\/pages\/8015","targetHints":{"allow":["GET"]}}],"collection":[{"href":"https:\/\/thermhex.com\/fr\/wp-json\/wp\/v2\/pages"}],"about":[{"href":"https:\/\/thermhex.com\/fr\/wp-json\/wp\/v2\/types\/page"}],"author":[{"embeddable":true,"href":"https:\/\/thermhex.com\/fr\/wp-json\/wp\/v2\/users\/1"}],"replies":[{"embeddable":true,"href":"https:\/\/thermhex.com\/fr\/wp-json\/wp\/v2\/comments?post=8015"}],"version-history":[{"count":2,"href":"https:\/\/thermhex.com\/fr\/wp-json\/wp\/v2\/pages\/8015\/revisions"}],"predecessor-version":[{"id":9734,"href":"https:\/\/thermhex.com\/fr\/wp-json\/wp\/v2\/pages\/8015\/revisions\/9734"}],"wp:attachment":[{"href":"https:\/\/thermhex.com\/fr\/wp-json\/wp\/v2\/media?parent=8015"}],"curies":[{"name":"wp","href":"https:\/\/api.w.org\/{rel}","templated":true}]}}