{"id":8017,"date":"2024-01-13T15:34:42","date_gmt":"2024-01-13T15:34:42","guid":{"rendered":"https:\/\/thermhex.com\/processus\/"},"modified":"2026-02-10T08:06:42","modified_gmt":"2026-02-10T08:06:42","slug":"processus","status":"publish","type":"page","link":"https:\/\/thermhex.com\/fr\/processus\/","title":{"rendered":"Processus"},"content":{"rendered":"<!--themify_builder_content-->\n<div id=\"themify_builder_content-8017\" data-postid=\"8017\" class=\"themify_builder_content themify_builder_content-8017 themify_builder tf_clear\">\n                    <div  data-lazy=\"1\" class=\"module_row themify_builder_row tb_ydyw920 tb_first tf_w\">\n                        <div class=\"row_inner col_align_top tb_col_count_1 tf_box tf_rel\">\n                        <div  data-lazy=\"1\" class=\"module_column tb-column col-full tb_qsn0920 first\">\n                    <!-- module text -->\n<div  class=\"module module-text tb_e4qm827   \" data-lazy=\"1\">\n        <div  class=\"tb_text_wrap\">\n        <div class=\"fusion-title title fusion-title-6 fusion-sep-none fusion-title-text fusion-title-size-two fusion-border-below-title\">\n<h1 class=\"fusion-responsive-typography-calculated\" data-fontsize=\"30\" data-lineheight=\"37.5px\">Processus de production du ThermHex<\/h1>\n<\/div>\n<div class=\"fusion-text fusion-text-1\">\n<p>La technologie brevet\u00e9e ThermHex permet pour la premi\u00e8re fois de produire des noyaux alv\u00e9olaires thermoplastiques dans le cadre d\u2019un processus de production continu.<\/p>\n<p>L\u2019\u00e2me en nid d\u2019abeilles est fabriqu\u00e9e en ligne selon un processus continu par extrusion d\u2019un film plat en PP, thermoformage, pliage et laminage en ligne de la finition de surface (par exemple, film de fermeture et non-tiss\u00e9 en PET). Les nids d\u2019abeilles ThermHex ont une surface semi-ferm\u00e9e qui permet une connexion optimale entre l\u2019\u00e2me et le mat\u00e9riau de la couche de couverture. <\/p>\n<p>Les \u00e2mes en nid d\u2019abeilles ThermHex peuvent \u00eatre produites directement \u00e0 partir de l\u2019extrudeuse ou \u00e0 partir d\u2019un rouleau de film, ce qui am\u00e9liore encore la flexibilit\u00e9.<\/p>\n<\/div>    <\/div>\n<\/div>\n<!-- \/module text --><!-- module image -->\n<div  class=\"module module-image tb_79q7675 image-top   tf_mw hide-desktop hide-tablet hide-tablet_landscape hide-mobile\" data-lazy=\"1\">\n        <div class=\"image-wrap tf_rel tf_mw\">\n            <img loading=\"lazy\" decoding=\"async\" width=\"2000\" height=\"500\" src=\"https:\/\/thermhex.com\/wp-content\/uploads\/2026\/01\/20260128_Slider-process-thermhex-NEW-Ver3.png\" class=\"wp-post-image wp-image-9438\" title=\"20260128_Slider-process-thermhex NEW Ver3\" alt=\"ThermHex patented process visualized in a graphical picture and material application example sectors: automotive, aerospace, railway, ship building, space and drones\" srcset=\"https:\/\/thermhex.com\/wp-content\/uploads\/2026\/01\/20260128_Slider-process-thermhex-NEW-Ver3.png 2000w, https:\/\/thermhex.com\/wp-content\/uploads\/2026\/01\/20260128_Slider-process-thermhex-NEW-Ver3-300x75.png 300w, https:\/\/thermhex.com\/wp-content\/uploads\/2026\/01\/20260128_Slider-process-thermhex-NEW-Ver3-1024x256.png 1024w, https:\/\/thermhex.com\/wp-content\/uploads\/2026\/01\/20260128_Slider-process-thermhex-NEW-Ver3-768x192.png 768w, https:\/\/thermhex.com\/wp-content\/uploads\/2026\/01\/20260128_Slider-process-thermhex-NEW-Ver3-1536x384.png 1536w\" sizes=\"auto, (max-width: 2000px) 100vw, 2000px\" \/>    \n        <\/div>\n    <!-- \/image-wrap -->\n    \n        <\/div>\n<!-- \/module image --><!-- module image -->\n<div  class=\"module module-image tb_intm81 image-center   tf_mw\" data-lazy=\"1\">\n        <div class=\"image-wrap tf_rel tf_mw\">\n            <img loading=\"lazy\" decoding=\"async\" src=\"https:\/\/thermhex.com\/wp-content\/uploads\/2026\/01\/ThermHex-honeycomb-folding-process-animation.gif\" width=\"374\" height=\"167\" class=\"wp-post-image wp-image-9479\" title=\"ThermHex honeycomb folding process animation\" alt=\"ThermHex patented honeycomb folding process visualized\">    \n        <\/div>\n    <!-- \/image-wrap -->\n    \n        <\/div>\n<!-- \/module image --><!-- module text -->\n<div  class=\"module module-text tb_qh0j643   \" data-lazy=\"1\">\n        <div  class=\"tb_text_wrap\">\n        <div class=\"fusion-text fusion-text-2\">\n<p>La technologie ThermHex permet d\u2019optimiser les co\u00fbts de production des <a href=\"https:\/\/thermhex.com\/fr\/brochures-et-fiches-dinformation\/\">noyaux en nid d\u2019abeille<\/a> \u00e0 partir de mat\u00e9riaux thermoplastiques tr\u00e8s diff\u00e9rents. La taille des cellules, la densit\u00e9 des mat\u00e9riaux et l\u2019\u00e9paisseur de l\u2019\u00e2me du nid d\u2019abeilles peuvent varier en fonction des besoins. <\/p>\n<p>L\u2019int\u00e9gration de la production du nid d\u2019abeilles ThermHex dans un processus de production existant pour les panneaux sandwich ou les composants l\u00e9gers sp\u00e9ciaux dans une production continue permet de r\u00e9duire davantage les co\u00fbts et d\u2019am\u00e9liorer la qualit\u00e9 du produit.<\/p>\n<p>Nous sommes titulaires d\u2019une licence EconCore :<br><a href=\"http:\/\/www.econcore.com\"><img loading=\"lazy\" decoding=\"async\" class=\"alignnone wp-image-7450 tb_selected_img\" src=\"https:\/\/thermhex.com\/wp-content\/uploads\/2025\/02\/Econcore-Logo-300x133.jpg\" alt=\"EconCore Logo.\" width=\"225\" height=\"100\" srcset=\"https:\/\/thermhex.com\/wp-content\/uploads\/2025\/02\/Econcore-Logo-300x133.jpg 300w, https:\/\/thermhex.com\/wp-content\/uploads\/2025\/02\/Econcore-Logo-1024x455.jpg 1024w, https:\/\/thermhex.com\/wp-content\/uploads\/2025\/02\/Econcore-Logo-768x341.jpg 768w, https:\/\/thermhex.com\/wp-content\/uploads\/2025\/02\/Econcore-Logo-1536x683.jpg 1536w, https:\/\/thermhex.com\/wp-content\/uploads\/2025\/02\/Econcore-Logo-2048x910.jpg 2048w\" sizes=\"auto, (max-width: 225px) 100vw, 225px\" \/><\/a><\/p>\n<p>ThermHex Waben GmbH fabrique ses produits en tant que licenci\u00e9 d\u2019EconCore NV, Leuven (Belgique). De plus amples informations sont disponibles sur Internet <a href=\"http:\/\/www.econcore.com\"><strong>www.econcore.com<\/strong><\/a> ou en appelant le +32 16 38 10 60  <\/p>\n<\/div>\n<p>Veuillez consulter le site : <a href=\"http:\/\/www.econcore.com\" target=\"_blank\" rel=\"noopener\">www.econcore.com<\/a> <\/p>    <\/div>\n<\/div>\n<!-- \/module text -->        <\/div>\n                        <\/div>\n        <\/div>\n                        <div  data-lazy=\"1\" class=\"module_row themify_builder_row tb_m1lk164 tf_w\">\n                        <div class=\"row_inner col_align_top tb_col_count_1 tf_box tf_rel\">\n                        <div  data-lazy=\"1\" class=\"module_column tb-column col-full tb_7obt165 first\">\n                            <\/div>\n                        <\/div>\n        <\/div>\n        <\/div>\n<!--\/themify_builder_content-->","protected":false},"excerpt":{"rendered":"<p>Processus de production du ThermHex La technologie brevet\u00e9e ThermHex permet pour la premi\u00e8re fois de produire des noyaux alv\u00e9olaires thermoplastiques dans le cadre d\u2019un processus de production continu. L\u2019\u00e2me en nid d\u2019abeilles est fabriqu\u00e9e en ligne selon un processus continu par extrusion d\u2019un film plat en PP, thermoformage, pliage et laminage en ligne de la [&hellip;]<\/p>\n","protected":false},"author":1,"featured_media":0,"parent":0,"menu_order":0,"comment_status":"closed","ping_status":"closed","template":"","meta":{"footnotes":""},"class_list":["post-8017","page","type-page","status-publish","hentry","has-post-title","has-post-date","has-post-category","has-post-tag","has-post-comment","has-post-author",""],"builder_content":"<h1 data-fontsize=\"30\" data-lineheight=\"37.5px\">Processus de production du ThermHex<\/h1>\n<p>La technologie brevet\u00e9e ThermHex permet pour la premi\u00e8re fois de produire des noyaux alv\u00e9olaires thermoplastiques dans le cadre d\u2019un processus de production continu.<\/p> <p>L\u2019\u00e2me en nid d\u2019abeilles est fabriqu\u00e9e en ligne selon un processus continu par extrusion d\u2019un film plat en PP, thermoformage, pliage et laminage en ligne de la finition de surface (par exemple, film de fermeture et non-tiss\u00e9 en PET). Les nids d\u2019abeilles ThermHex ont une surface semi-ferm\u00e9e qui permet une connexion optimale entre l\u2019\u00e2me et le mat\u00e9riau de la couche de couverture. <\/p> <p>Les \u00e2mes en nid d\u2019abeilles ThermHex peuvent \u00eatre produites directement \u00e0 partir de l\u2019extrudeuse ou \u00e0 partir d\u2019un rouleau de film, ce qui am\u00e9liore encore la flexibilit\u00e9.<\/p>\n<img src=\"https:\/\/thermhex.com\/wp-content\/uploads\/2026\/01\/20260128_Slider-process-thermhex-NEW-Ver3.png\" title=\"20260128_Slider-process-thermhex NEW Ver3\" alt=\"ThermHex patented process visualized in a graphical picture and material application example sectors: automotive, aerospace, railway, ship building, space and drones\" srcset=\"https:\/\/thermhex.com\/wp-content\/uploads\/2026\/01\/20260128_Slider-process-thermhex-NEW-Ver3.png 2000w, https:\/\/thermhex.com\/wp-content\/uploads\/2026\/01\/20260128_Slider-process-thermhex-NEW-Ver3-300x75.png 300w, https:\/\/thermhex.com\/wp-content\/uploads\/2026\/01\/20260128_Slider-process-thermhex-NEW-Ver3-1024x256.png 1024w, https:\/\/thermhex.com\/wp-content\/uploads\/2026\/01\/20260128_Slider-process-thermhex-NEW-Ver3-768x192.png 768w, https:\/\/thermhex.com\/wp-content\/uploads\/2026\/01\/20260128_Slider-process-thermhex-NEW-Ver3-1536x384.png 1536w\" sizes=\"(max-width: 2000px) 100vw, 2000px\" \/>\n<img src=\"https:\/\/thermhex.com\/wp-content\/uploads\/2026\/01\/ThermHex-honeycomb-folding-process-animation.gif\" width=\"374\" height=\"167\" title=\"ThermHex honeycomb folding process animation\" alt=\"ThermHex patented honeycomb folding process visualized\">\n<p>La technologie ThermHex permet d\u2019optimiser les co\u00fbts de production des <a href=\"https:\/\/thermhex.com\/fr\/brochures-et-fiches-dinformation\/\">noyaux en nid d\u2019abeille<\/a> \u00e0 partir de mat\u00e9riaux thermoplastiques tr\u00e8s diff\u00e9rents. La taille des cellules, la densit\u00e9 des mat\u00e9riaux et l\u2019\u00e9paisseur de l\u2019\u00e2me du nid d\u2019abeilles peuvent varier en fonction des besoins. <\/p> <p>L\u2019int\u00e9gration de la production du nid d\u2019abeilles ThermHex dans un processus de production existant pour les panneaux sandwich ou les composants l\u00e9gers sp\u00e9ciaux dans une production continue permet de r\u00e9duire davantage les co\u00fbts et d\u2019am\u00e9liorer la qualit\u00e9 du produit.<\/p> <p>Nous sommes titulaires d\u2019une licence EconCore :<br><a href=\"http:\/\/www.econcore.com\"><img loading=\"lazy\" decoding=\"async\" src=\"https:\/\/thermhex.com\/wp-content\/uploads\/2025\/02\/Econcore-Logo-300x133.jpg\" alt=\"EconCore Logo.\" width=\"225\" height=\"100\" srcset=\"https:\/\/thermhex.com\/wp-content\/uploads\/2025\/02\/Econcore-Logo-300x133.jpg 300w, https:\/\/thermhex.com\/wp-content\/uploads\/2025\/02\/Econcore-Logo-1024x455.jpg 1024w, https:\/\/thermhex.com\/wp-content\/uploads\/2025\/02\/Econcore-Logo-768x341.jpg 768w, https:\/\/thermhex.com\/wp-content\/uploads\/2025\/02\/Econcore-Logo-1536x683.jpg 1536w, https:\/\/thermhex.com\/wp-content\/uploads\/2025\/02\/Econcore-Logo-2048x910.jpg 2048w\" sizes=\"auto, (max-width: 225px) 100vw, 225px\" \/><\/a><\/p> <p>ThermHex Waben GmbH fabrique ses produits en tant que licenci\u00e9 d\u2019EconCore NV, Leuven (Belgique). De plus amples informations sont disponibles sur Internet <a href=\"http:\/\/www.econcore.com\"><strong>www.econcore.com<\/strong><\/a> ou en appelant le +32 16 38 10 60 <\/p>\n<p>Veuillez consulter le site : <a href=\"http:\/\/www.econcore.com\" target=\"_blank\" rel=\"noopener\">www.econcore.com<\/a> <\/p>","_links":{"self":[{"href":"https:\/\/thermhex.com\/fr\/wp-json\/wp\/v2\/pages\/8017","targetHints":{"allow":["GET"]}}],"collection":[{"href":"https:\/\/thermhex.com\/fr\/wp-json\/wp\/v2\/pages"}],"about":[{"href":"https:\/\/thermhex.com\/fr\/wp-json\/wp\/v2\/types\/page"}],"author":[{"embeddable":true,"href":"https:\/\/thermhex.com\/fr\/wp-json\/wp\/v2\/users\/1"}],"replies":[{"embeddable":true,"href":"https:\/\/thermhex.com\/fr\/wp-json\/wp\/v2\/comments?post=8017"}],"version-history":[{"count":8,"href":"https:\/\/thermhex.com\/fr\/wp-json\/wp\/v2\/pages\/8017\/revisions"}],"predecessor-version":[{"id":9918,"href":"https:\/\/thermhex.com\/fr\/wp-json\/wp\/v2\/pages\/8017\/revisions\/9918"}],"wp:attachment":[{"href":"https:\/\/thermhex.com\/fr\/wp-json\/wp\/v2\/media?parent=8017"}],"curies":[{"name":"wp","href":"https:\/\/api.w.org\/{rel}","templated":true}]}}