{"id":8023,"date":"2024-01-13T15:22:43","date_gmt":"2024-01-13T15:22:43","guid":{"rendered":"https:\/\/thermhex.com\/bottes-yachts-et-bateaux-de-plaisance\/"},"modified":"2026-02-09T11:58:03","modified_gmt":"2026-02-09T11:58:03","slug":"bottes-yachts-et-bateaux-de-plaisance","status":"publish","type":"page","link":"https:\/\/thermhex.com\/fr\/bottes-yachts-et-bateaux-de-plaisance\/","title":{"rendered":"Bateaux, yachts et navires"},"content":{"rendered":"<!--themify_builder_content-->\n<div id=\"themify_builder_content-8023\" data-postid=\"8023\" class=\"themify_builder_content themify_builder_content-8023 themify_builder tf_clear\">\n                    <div  data-lazy=\"1\" class=\"module_row themify_builder_row tb_82nj289 tb_first tf_w\">\n                        <div class=\"row_inner col_align_top tb_col_count_1 tf_box tf_rel\">\n                        <div  data-lazy=\"1\" class=\"module_column tb-column col-full tb_52wl289 first\">\n                    <!-- module text -->\n<div  class=\"module module-text tb_6otr271   \" data-lazy=\"1\">\n        <div  class=\"tb_text_wrap\">\n        <div class=\"fusion-title title fusion-title-6 fusion-sep-none fusion-title-text fusion-title-size-two fusion-border-below-title\">\n<h2 class=\"fusion-responsive-typography-calculated\" data-fontsize=\"30\" data-lineheight=\"37.5px\">Bateaux, yachts et navires<\/h2>\n<\/div>\n<div class=\"fusion-text fusion-text-1\">\n<p>Les \u00e9l\u00e9ments composites en nid d\u2019abeille utilis\u00e9s dans les navires peuvent r\u00e9duire le poids de plusieurs tonnes, ce qui permet de r\u00e9duire la consommation de carburant et de rendre le navire plus s\u00fbr. Les panneaux en nid d\u2019abeilles sont de plus en plus utilis\u00e9s non seulement dans les super yachts ultramodernes, mais aussi pour r\u00e9pondre aux niveaux de performance \u00e9lev\u00e9s attendus.<br>Les composants de bateaux fabriqu\u00e9s \u00e0 partir de panneaux composites en nid d\u2019abeilles ThermHex PP offrent r\u00e9sistance et durabilit\u00e9, en plus d\u2019une r\u00e9duction de poids significative. <\/p>\n<p><strong>Les applications marines actuelles sont par exemple : <\/strong><br>\u2013 Portes<br>\u2013 Fonds de cockpit<br>\u2013 Am\u00e9nagement int\u00e9rieur, meubles et composants de meubles<br>\u2013 R\u00e9duction du bruit<br>\u2013 Renforcement des ponts et des panneaux de pont<br>et m\u00eame des cloisons structurelles ou d\u00e9coratives.<\/p>\n<\/div>    <\/div>\n<\/div>\n<!-- \/module text -->        <div  data-lazy=\"1\" class=\"module_subrow themify_builder_sub_row tf_w col_align_top gutter-narrow tb_col_count_2 tb_tvli578\">\n                <div  data-lazy=\"1\" class=\"module_column sub_column col4-2 tb_k6q3578 first\">\n                    <!-- module image -->\n<div  class=\"module module-image tb_0367294 image-top   tf_mw\" data-lazy=\"1\">\n        <div class=\"image-wrap tf_rel tf_mw\">\n            <img loading=\"lazy\" decoding=\"async\" src=\"https:\/\/10408.klecksquadrat.de\/wp-content\/uploads\/2024\/01\/ThermHex_application_marine-400x258.jpg.webp\" width=\"400\" height=\"258\" title=\"Bateaux, yachts et navires\" alt=\"Bateaux, yachts et navires\">    \n        <\/div>\n    <!-- \/image-wrap -->\n    \n        <\/div>\n<!-- \/module image -->        <\/div>\n                    <div  data-lazy=\"1\" class=\"module_column sub_column col4-2 tb_r2ik579 last\">\n                    <!-- module image -->\n<div  class=\"module module-image tb_zek979 image-top   tf_mw\" data-lazy=\"1\">\n        <div class=\"image-wrap tf_rel tf_mw\">\n            <img loading=\"lazy\" decoding=\"async\" src=\"https:\/\/10408.klecksquadrat.de\/wp-content\/uploads\/2024\/01\/ThermHex_application_yachting-400x258.jpg.webp\" width=\"400\" height=\"258\" title=\"Bateaux, yachts et navires\" alt=\"Bateaux, yachts et navires\">    \n        <\/div>\n    <!-- \/image-wrap -->\n    \n        <\/div>\n<!-- \/module image -->        <\/div>\n                    <\/div>\n                <\/div>\n                        <\/div>\n        <\/div>\n        <\/div>\n<!--\/themify_builder_content-->","protected":false},"excerpt":{"rendered":"<p>Bateaux, yachts et navires Les \u00e9l\u00e9ments composites en nid d\u2019abeille utilis\u00e9s dans les navires peuvent r\u00e9duire le poids de plusieurs tonnes, ce qui permet de r\u00e9duire la consommation de carburant et de rendre le navire plus s\u00fbr. Les panneaux en nid d\u2019abeilles sont de plus en plus utilis\u00e9s non seulement dans les super yachts ultramodernes, [&hellip;]<\/p>\n","protected":false},"author":1,"featured_media":0,"parent":0,"menu_order":0,"comment_status":"closed","ping_status":"closed","template":"","meta":{"footnotes":""},"class_list":["post-8023","page","type-page","status-publish","hentry","has-post-title","has-post-date","has-post-category","has-post-tag","has-post-comment","has-post-author",""],"builder_content":"<h2 data-fontsize=\"30\" data-lineheight=\"37.5px\">Bateaux, yachts et navires<\/h2>\n<p>Les \u00e9l\u00e9ments composites en nid d\u2019abeille utilis\u00e9s dans les navires peuvent r\u00e9duire le poids de plusieurs tonnes, ce qui permet de r\u00e9duire la consommation de carburant et de rendre le navire plus s\u00fbr. Les panneaux en nid d\u2019abeilles sont de plus en plus utilis\u00e9s non seulement dans les super yachts ultramodernes, mais aussi pour r\u00e9pondre aux niveaux de performance \u00e9lev\u00e9s attendus.<br>Les composants de bateaux fabriqu\u00e9s \u00e0 partir de panneaux composites en nid d\u2019abeilles ThermHex PP offrent r\u00e9sistance et durabilit\u00e9, en plus d\u2019une r\u00e9duction de poids significative. <\/p> <p><strong>Les applications marines actuelles sont par exemple : <\/strong><br>\u2013 Portes<br>\u2013 Fonds de cockpit<br>\u2013 Am\u00e9nagement int\u00e9rieur, meubles et composants de meubles<br>\u2013 R\u00e9duction du bruit<br>\u2013 Renforcement des ponts et des panneaux de pont<br>et m\u00eame des cloisons structurelles ou d\u00e9coratives.<\/p>\n<img src=\"https:\/\/10408.klecksquadrat.de\/wp-content\/uploads\/2024\/01\/ThermHex_application_marine-400x258.jpg.webp\" width=\"400\" height=\"258\" title=\"Bateaux, yachts et navires\" alt=\"Bateaux, yachts et navires\">\n<img src=\"https:\/\/10408.klecksquadrat.de\/wp-content\/uploads\/2024\/01\/ThermHex_application_yachting-400x258.jpg.webp\" width=\"400\" height=\"258\" title=\"Bateaux, yachts et navires\" alt=\"Bateaux, yachts et navires\">","_links":{"self":[{"href":"https:\/\/thermhex.com\/fr\/wp-json\/wp\/v2\/pages\/8023","targetHints":{"allow":["GET"]}}],"collection":[{"href":"https:\/\/thermhex.com\/fr\/wp-json\/wp\/v2\/pages"}],"about":[{"href":"https:\/\/thermhex.com\/fr\/wp-json\/wp\/v2\/types\/page"}],"author":[{"embeddable":true,"href":"https:\/\/thermhex.com\/fr\/wp-json\/wp\/v2\/users\/1"}],"replies":[{"embeddable":true,"href":"https:\/\/thermhex.com\/fr\/wp-json\/wp\/v2\/comments?post=8023"}],"version-history":[{"count":4,"href":"https:\/\/thermhex.com\/fr\/wp-json\/wp\/v2\/pages\/8023\/revisions"}],"predecessor-version":[{"id":9701,"href":"https:\/\/thermhex.com\/fr\/wp-json\/wp\/v2\/pages\/8023\/revisions\/9701"}],"wp:attachment":[{"href":"https:\/\/thermhex.com\/fr\/wp-json\/wp\/v2\/media?parent=8023"}],"curies":[{"name":"wp","href":"https:\/\/api.w.org\/{rel}","templated":true}]}}