{"id":8028,"date":"2024-01-13T09:45:07","date_gmt":"2024-01-13T09:45:07","guid":{"rendered":"https:\/\/thermhex.com\/caracteristiques\/"},"modified":"2026-02-09T13:29:44","modified_gmt":"2026-02-09T13:29:44","slug":"caracteristiques","status":"publish","type":"page","link":"https:\/\/thermhex.com\/fr\/caracteristiques\/","title":{"rendered":"Propri\u00e9t\u00e9s des produits"},"content":{"rendered":"<!--themify_builder_content-->\n<div id=\"themify_builder_content-8028\" data-postid=\"8028\" class=\"themify_builder_content themify_builder_content-8028 themify_builder tf_clear\">\n                    <div  data-lazy=\"1\" class=\"module_row themify_builder_row tb_xsu1940 tb_first tf_w\">\n                        <div class=\"row_inner col_align_middle gutter-narrow tb_col_count_2 tf_box tf_rel\">\n                        <div  data-lazy=\"1\" class=\"module_column tb-column col4-2 tb_a203940 first\">\n                    <!-- module text -->\n<div  class=\"module module-text tb_j1jl520   \" data-lazy=\"1\">\n        <div  class=\"tb_text_wrap\">\n        <div class=\"fusion-fullwidth fullwidth-box fusion-builder-row-1 nonhundred-percent-fullwidth non-hundred-percent-height-scrolling\">\n<div class=\"fusion-builder-row fusion-row\">\n<div class=\"fusion-layout-column fusion_builder_column fusion-builder-column-0 fusion_builder_column_1_1 1_1 fusion-one-full fusion-column-first fusion-column-last\">\n<div class=\"fusion-column-wrapper fusion-flex-column-wrapper-legacy\">\n<div class=\"fusion-title title fusion-title-6 fusion-sep-none fusion-title-text fusion-title-size-two fusion-border-below-title\">\n<h1 class=\"fusion-responsive-typography-calculated\" data-fontsize=\"30\" data-lineheight=\"37.5px\">Propri\u00e9t\u00e9s des produits et nomenclature<\/h1>\n<p>Les propri\u00e9t\u00e9s physiques des noyaux en nid d\u2019abeille polypropyl\u00e8ne (PP) de ThermHex sont principalement d\u00e9finies par les caract\u00e9ristiques suivantes :<\/p>\n<\/div>\n<\/div>\n<\/div>\n<\/div>\n<\/div>\n<div class=\"fusion-fullwidth fullwidth-box fusion-builder-row-2 nonhundred-percent-fullwidth non-hundred-percent-height-scrolling\">\n<div class=\"fusion-builder-row fusion-row\">\n<div class=\"fusion-layout-column fusion_builder_column fusion-builder-column-1 fusion_builder_column_2_3 2_3 fusion-two-third fusion-column-first\">\n<div class=\"fusion-column-wrapper fusion-flex-column-wrapper-legacy\">\n<div class=\"fusion-text fusion-text-2\">\n<h2 class=\"fusion-responsive-typography-calculated\" data-fontsize=\"19\" data-lineheight=\"19px\">\u00c9paisseur du noyau et taille des cellules<\/h2>\n<p>Les noyaux alv\u00e9olaires ThermHex sont produits en diff\u00e9rentes \u00e9paisseurs et tailles de cellules.<\/p>\n<h3><strong>\u00c9paisseur du noyau (mm) Taille de la cellule (mm)<\/strong><\/h3>\n<h3>3,5 3<br>5 \/ 6 4<br>8 \/10 8<br>12 \/ 15 \/ 20 5<br>23 9,6<br>28 9,6<\/h3>\n<\/div>\n<\/div>\n<\/div>\n<\/div>\n<\/div>    <\/div>\n<\/div>\n<!-- \/module text -->        <\/div>\n                    <div  data-lazy=\"1\" class=\"module_column tb-column col4-2 tb_ulug395 last\">\n                    <!-- module image -->\n<div  class=\"module module-image tb_g0fe363 image-right   tf_mw\" data-lazy=\"1\">\n        <div class=\"image-wrap tf_rel tf_mw\">\n            <img loading=\"lazy\" decoding=\"async\" src=\"https:\/\/thermhex.com\/wp-content\/uploads\/2024\/07\/ThermHex-Materialstruktur-in-Wabe-400x433.jpg-250x271.webp\" width=\"250\" height=\"271\" class=\"wp-post-image wp-image-7783\" title=\"ThermHex-Materialstruktur-in-Wabe-400x433.jpg\" alt=\"ThermHex-Materialstruktur-in-Wabe-400x433.jpg\" srcset=\"https:\/\/thermhex.com\/wp-content\/uploads\/2024\/07\/ThermHex-Materialstruktur-in-Wabe-400x433.jpg-250x271.webp 250w, https:\/\/thermhex.com\/wp-content\/uploads\/2024\/07\/ThermHex-Materialstruktur-in-Wabe-400x433.jpg-277x300.webp 277w, https:\/\/thermhex.com\/wp-content\/uploads\/2024\/07\/ThermHex-Materialstruktur-in-Wabe-400x433.jpg.webp 400w\" sizes=\"auto, (max-width: 250px) 100vw, 250px\" \/>    \n        <\/div>\n    <!-- \/image-wrap -->\n    \n        <\/div>\n<!-- \/module image -->        <\/div>\n                        <\/div>\n        <\/div>\n                        <div  data-lazy=\"1\" class=\"module_row themify_builder_row tb_d94q457 tf_w\">\n                        <div class=\"row_inner col_align_top tb_col_count_1 tf_box tf_rel\">\n                        <div  data-lazy=\"1\" class=\"module_column tb-column col-full tb_8ulu457 first\">\n                    <!-- module text -->\n<div  class=\"module module-text tb_oe5q216   \" data-lazy=\"1\">\n        <div  class=\"tb_text_wrap\">\n        <h2 class=\"fusion-responsive-typography-calculated\" data-fontsize=\"19\" data-lineheight=\"19px\"><strong>Densit\u00e9<\/strong><\/h2>\n<p>Les noyaux en nid d\u2019abeille peuvent \u00eatre produits avec des densit\u00e9s de 60 \u00e0 120 kg\/m\u00b3.<\/p>\n<p>Notre noyau en nid d&rsquo;abeille standard a une densit\u00e9 de 80-90 kg\/m\u00b3, une r\u00e9sistance \u00e0 la compression de 1,2 MPa et un module de compression de 40 MPa.  <\/p>\n<p>La dimension standard (wxl) est de 1200mm x 2500mm. D&rsquo;autres dimensions sont disponibles sur demande. <\/p>\n<p><strong><span style=\"font-size: 24px;letter-spacing: -0.03em\">Couches de couverture<\/span><\/strong><\/p>\n<p>Les noyaux alv\u00e9olaires ThermHex sont recouverts d&rsquo;un film barri\u00e8re en PP et d&rsquo;un non-tiss\u00e9 en PET en standard.<\/p>\n<p>Dans la nomenclature, \u00ab\u00a0F\u00a0\u00bb fait r\u00e9f\u00e9rence \u00e0 l&rsquo;utilisation d&rsquo;un film barri\u00e8re en PP qui emp\u00eache l&rsquo;absorption de r\u00e9sine pendant le processus de laminage chez nos clients.<\/p>\n<p>\u00ab\u00a0N\u00a0\u00bb signifie l&rsquo;utilisation d&rsquo;un non-tiss\u00e9 PET pour assurer la liaison avec le syst\u00e8me de r\u00e9sine lors de la transformation ult\u00e9rieure par nos clients.<\/p>\n<div class=\"fusion-fullwidth fullwidth-box fusion-builder-row-3 nonhundred-percent-fullwidth non-hundred-percent-height-scrolling\">\n<div class=\"fusion-builder-row fusion-row\">\n<div class=\"fusion-layout-column fusion_builder_column fusion-builder-column-3 fusion_builder_column_1_1 1_1 fusion-one-full fusion-column-first fusion-column-last\">\n<div class=\"fusion-column-wrapper fusion-flex-column-wrapper-legacy\">\n<div class=\"fusion-text fusion-text-3\">\n<h2 class=\"fusion-responsive-typography-calculated\" data-fontsize=\"19\" data-lineheight=\"19px\"><strong>Nomenclature<\/strong><\/h2>\n<\/div>\n<p><img loading=\"lazy\" decoding=\"async\" class=\"alignnone wp-image-6015 size-full tb_selected_img\" src=\"https:\/\/thermhex.com\/wp-content\/uploads\/2024\/01\/Nomenklatur.webp\" alt=\"\" width=\"520\" height=\"260\" srcset=\"https:\/\/thermhex.com\/wp-content\/uploads\/2024\/01\/Nomenklatur.webp 600w, https:\/\/thermhex.com\/wp-content\/uploads\/2024\/01\/Nomenklatur-300x150.webp 300w\" sizes=\"auto, (max-width: 520px) 100vw, 520px\" \/><\/p>\n<div class=\"fusion-sep-clear\">La nomenclature des produits ThermHex est facile \u00e0 comprendre. Le nom du produit fournit toutes les informations essentielles en un coup d&rsquo;\u0153il. <\/div>\n<h2>Exemple : 12THPP80-FN<\/h2>\n<p>Ici, \u00ab\u00a012\u00a0\u00bb repr\u00e9sente l&rsquo;\u00e9paisseur de l&rsquo;\u00e2me, \u00ab\u00a0TH\u00a0\u00bb pour ThermHex, \u00ab\u00a0PP\u00a0\u00bb pour polypropyl\u00e8ne et \u00ab\u00a080\u00a0\u00bb pour la densit\u00e9. \u00ab\u00a0F\u00a0\u00bb, \u00ab\u00a0N\u00a0\u00bb &#8211; voir les couches de couverture<\/p>\n<div class=\"fusion-text fusion-text-4\">\n<h3><strong>D\u2019autres d\u00e9signations :<\/strong><\/h3>\n<p>\u00ab\u00a0S\u00a0\u00bb indique que les feuilles sont fendues selon un sch\u00e9ma de 50 x 50 mm, ce qui permet au noyau de PP de suivre des formes courbes lors de sa transformation chez nos clients.<\/p>\n<h2><strong>Tol\u00e9rances<\/strong><\/h2>\n<\/div>\n<div class=\"fusion-text fusion-text-5\">\n<p>Longueur : +10 \/ -1 mm<br>Largeur : +2 \/ -1 mm<br>\u00c9paisseur : + \/ &#8211; 0,3 mm<br>Poids : + \/ &#8211; 10%<\/p>\n<h2 class=\"fusion-responsive-typography-calculated\" data-fontsize=\"19\" data-lineheight=\"19px\"><strong>Stockage<\/strong><\/h2>\n<p>L\u2019\u00e2me PP alv\u00e9olaire de ThermHex doit \u00eatre stock\u00e9e \u00e0 plat et \u00e0 l\u2019horizontale dans un endroit sec et couvert. Prot\u00e9gez le mat\u00e9riau des rayons UV et des temp\u00e9ratures extr\u00eames. En cas d\u2019humidit\u00e9 en surface, veuillez s\u00e9cher avant utilisation.  <\/p>\n<\/div>\n<div class=\"fusion-clearfix\"> <\/div>\n<\/div>\n<\/div>\n<\/div>\n<\/div>    <\/div>\n<\/div>\n<!-- \/module text -->        <\/div>\n                        <\/div>\n        <\/div>\n        <\/div>\n<!--\/themify_builder_content-->","protected":false},"excerpt":{"rendered":"<p>Propri\u00e9t\u00e9s des produits et nomenclature Les propri\u00e9t\u00e9s physiques des noyaux en nid d\u2019abeille polypropyl\u00e8ne (PP) de ThermHex sont principalement d\u00e9finies par les caract\u00e9ristiques suivantes : \u00c9paisseur du noyau et taille des cellules Les noyaux alv\u00e9olaires ThermHex sont produits en diff\u00e9rentes \u00e9paisseurs et tailles de cellules. \u00c9paisseur du noyau (mm) Taille de la cellule (mm) 3,5 [&hellip;]<\/p>\n","protected":false},"author":1,"featured_media":0,"parent":0,"menu_order":0,"comment_status":"closed","ping_status":"closed","template":"","meta":{"footnotes":""},"class_list":["post-8028","page","type-page","status-publish","hentry","has-post-title","has-post-date","has-post-category","has-post-tag","has-post-comment","has-post-author",""],"builder_content":"<h1 data-fontsize=\"30\" data-lineheight=\"37.5px\">Propri\u00e9t\u00e9s des produits et nomenclature<\/h1> <p>Les propri\u00e9t\u00e9s physiques des noyaux en nid d\u2019abeille polypropyl\u00e8ne (PP) de ThermHex sont principalement d\u00e9finies par les caract\u00e9ristiques suivantes :<\/p>\n<h2 data-fontsize=\"19\" data-lineheight=\"19px\">\u00c9paisseur du noyau et taille des cellules<\/h2> <p>Les noyaux alv\u00e9olaires ThermHex sont produits en diff\u00e9rentes \u00e9paisseurs et tailles de cellules.<\/p> <h3><strong>\u00c9paisseur du noyau (mm) Taille de la cellule (mm)<\/strong><\/h3> <h3>3,5 3<br>5 \/ 6 4<br>8 \/10 8<br>12 \/ 15 \/ 20 5<br>23 9,6<br>28 9,6<\/h3>\n<img src=\"https:\/\/thermhex.com\/wp-content\/uploads\/2024\/07\/ThermHex-Materialstruktur-in-Wabe-400x433.jpg-250x271.webp\" width=\"250\" height=\"271\" title=\"ThermHex-Materialstruktur-in-Wabe-400x433.jpg\" alt=\"ThermHex-Materialstruktur-in-Wabe-400x433.jpg\" srcset=\"https:\/\/thermhex.com\/wp-content\/uploads\/2024\/07\/ThermHex-Materialstruktur-in-Wabe-400x433.jpg-250x271.webp 250w, https:\/\/thermhex.com\/wp-content\/uploads\/2024\/07\/ThermHex-Materialstruktur-in-Wabe-400x433.jpg-277x300.webp 277w, https:\/\/thermhex.com\/wp-content\/uploads\/2024\/07\/ThermHex-Materialstruktur-in-Wabe-400x433.jpg.webp 400w\" sizes=\"(max-width: 250px) 100vw, 250px\" \/>\n<h2 data-fontsize=\"19\" data-lineheight=\"19px\"><strong>Densit\u00e9<\/strong><\/h2> <p>Les noyaux en nid d\u2019abeille peuvent \u00eatre produits avec des densit\u00e9s de 60 \u00e0 120 kg\/m\u00b3.<\/p> <p>Notre noyau en nid d'abeille standard a une densit\u00e9 de 80-90 kg\/m\u00b3, une r\u00e9sistance \u00e0 la compression de 1,2 MPa et un module de compression de 40 MPa. <\/p> <p>La dimension standard (wxl) est de 1200mm x 2500mm. D'autres dimensions sont disponibles sur demande. <\/p> <p><strong>Couches de couverture<\/strong><\/p> <p>Les noyaux alv\u00e9olaires ThermHex sont recouverts d'un film barri\u00e8re en PP et d'un non-tiss\u00e9 en PET en standard.<\/p> <p>Dans la nomenclature, \"F\" fait r\u00e9f\u00e9rence \u00e0 l'utilisation d'un film barri\u00e8re en PP qui emp\u00eache l'absorption de r\u00e9sine pendant le processus de laminage chez nos clients.<\/p> <p>\"N\" signifie l'utilisation d'un non-tiss\u00e9 PET pour assurer la liaison avec le syst\u00e8me de r\u00e9sine lors de la transformation ult\u00e9rieure par nos clients.<\/p>\n<h2 data-fontsize=\"19\" data-lineheight=\"19px\"><strong>Nomenclature<\/strong><\/h2>\n<p><img loading=\"lazy\" decoding=\"async\" src=\"https:\/\/thermhex.com\/wp-content\/uploads\/2024\/01\/Nomenklatur.webp\" alt=\"\" width=\"520\" height=\"260\" srcset=\"https:\/\/thermhex.com\/wp-content\/uploads\/2024\/01\/Nomenklatur.webp 600w, https:\/\/thermhex.com\/wp-content\/uploads\/2024\/01\/Nomenklatur-300x150.webp 300w\" sizes=\"auto, (max-width: 520px) 100vw, 520px\" \/><\/p> La nomenclature des produits ThermHex est facile \u00e0 comprendre. Le nom du produit fournit toutes les informations essentielles en un coup d'\u0153il. <h2>Exemple : 12THPP80-FN<\/h2> <p>Ici, \"12\" repr\u00e9sente l'\u00e9paisseur de l'\u00e2me, \"TH\" pour ThermHex, \"PP\" pour polypropyl\u00e8ne et \"80\" pour la densit\u00e9. \"F\", \"N\" - voir les couches de couverture<\/p>\n<h3><strong>D\u2019autres d\u00e9signations :<\/strong><\/h3> <p>\"S\" indique que les feuilles sont fendues selon un sch\u00e9ma de 50 x 50 mm, ce qui permet au noyau de PP de suivre des formes courbes lors de sa transformation chez nos clients.<\/p> <h2><strong>Tol\u00e9rances<\/strong><\/h2>\n<p>Longueur : +10 \/ -1 mm<br>Largeur : +2 \/ -1 mm<br>\u00c9paisseur : + \/ - 0,3 mm<br>Poids : + \/ - 10%<\/p> <h2 data-fontsize=\"19\" data-lineheight=\"19px\"><strong>Stockage<\/strong><\/h2> <p>L\u2019\u00e2me PP alv\u00e9olaire de ThermHex doit \u00eatre stock\u00e9e \u00e0 plat et \u00e0 l\u2019horizontale dans un endroit sec et couvert. Prot\u00e9gez le mat\u00e9riau des rayons UV et des temp\u00e9ratures extr\u00eames. En cas d\u2019humidit\u00e9 en surface, veuillez s\u00e9cher avant utilisation. <\/p>","_links":{"self":[{"href":"https:\/\/thermhex.com\/fr\/wp-json\/wp\/v2\/pages\/8028","targetHints":{"allow":["GET"]}}],"collection":[{"href":"https:\/\/thermhex.com\/fr\/wp-json\/wp\/v2\/pages"}],"about":[{"href":"https:\/\/thermhex.com\/fr\/wp-json\/wp\/v2\/types\/page"}],"author":[{"embeddable":true,"href":"https:\/\/thermhex.com\/fr\/wp-json\/wp\/v2\/users\/1"}],"replies":[{"embeddable":true,"href":"https:\/\/thermhex.com\/fr\/wp-json\/wp\/v2\/comments?post=8028"}],"version-history":[{"count":4,"href":"https:\/\/thermhex.com\/fr\/wp-json\/wp\/v2\/pages\/8028\/revisions"}],"predecessor-version":[{"id":9767,"href":"https:\/\/thermhex.com\/fr\/wp-json\/wp\/v2\/pages\/8028\/revisions\/9767"}],"wp:attachment":[{"href":"https:\/\/thermhex.com\/fr\/wp-json\/wp\/v2\/media?parent=8028"}],"curies":[{"name":"wp","href":"https:\/\/api.w.org\/{rel}","templated":true}]}}