{"id":8031,"date":"2024-01-13T06:41:55","date_gmt":"2024-01-13T06:41:55","guid":{"rendered":"https:\/\/thermhex.com\/thermhex-pp-wabenkerne\/"},"modified":"2026-02-09T13:05:41","modified_gmt":"2026-02-09T13:05:41","slug":"noyaux-en-nid-dabeille","status":"publish","type":"page","link":"https:\/\/thermhex.com\/fr\/noyaux-en-nid-dabeille\/","title":{"rendered":"Noyaux en nid d\u2019abeille en polypropyl\u00e8ne"},"content":{"rendered":"<!--themify_builder_content-->\n<div id=\"themify_builder_content-8031\" data-postid=\"8031\" class=\"themify_builder_content themify_builder_content-8031 themify_builder tf_clear\">\n                    <div  data-lazy=\"1\" class=\"module_row themify_builder_row tb_6n0z506 tb_first tf_w\">\n                        <div class=\"row_inner col_align_top tb_col_count_1 tf_box tf_rel\">\n                        <div  data-lazy=\"1\" class=\"module_column tb-column col-full tb_cjp6507 first\">\n                    <!-- module text -->\n<div  class=\"module module-text tb_mjhs984   \" data-lazy=\"1\">\n        <div  class=\"tb_text_wrap\">\n        <div class=\"fusion-title title fusion-title-6 fusion-sep-none fusion-title-text fusion-title-size-two fusion-border-below-title\">\n<h1 class=\"fusion-responsive-typography-calculated\" data-fontsize=\"30\" data-lineheight=\"37.5px\">Noyaux en nid d\u2019abeille en polypropyl\u00e8ne<\/h1>\n<\/div>\n<div class=\"fusion-text fusion-text-1\">\n<p>Les noyaux en nid d\u2019abeille en polypropyl\u00e8ne (PP) sont un mat\u00e9riau l\u00e9ger, solide mais flexible, qui offre des performances m\u00e9caniques optimales dans les structures sandwiches composites.<\/p>\n<p>ThermHex Waben GmbH produit une large gamme de noyaux de haute qualit\u00e9, durables et \u00e9conomiques avec une densit\u00e9 standard de 80 kilogrammes par m\u00e8tre cube (5.0 Lbs \/ ft\u00b3). Pour les applications moins exigeantes en termes de r\u00e9sistance \u00e0 la compression, ThermHex propose un noyau plus l\u00e9ger d\u2019une densit\u00e9 de 60 kilogrammes par m\u00e8tre cube (4.0 Lbs \/ ft\u00b3). <\/p>\n<p>Les noyaux alv\u00e9olaires ThermHex sont disponibles dans des \u00e9paisseurs allant de 3 mm \u00e0 28 mm avec des tailles de cellules allant de 3 mm \u00e0 9,6 mm. Les \u00e9paisseurs standard sont de 3,5, 6, 10, 12, 15, 20, 23 et 28 mm. <\/p>\n<p>Les noyaux en nid d\u2019abeille ThermHex PP sont produits dans le cadre d\u2019un processus de production continu en ligne par extrusion d\u2019un film de polypropyl\u00e8ne, formage sous vide et pliage, et comprennent \u00e9galement le laminage de couches non tiss\u00e9es et de films barri\u00e8res sur le noyau.<\/p>\n<p>La taille optimis\u00e9e des cellules et la structure sp\u00e9cifique des noyaux en nid d\u2019abeille ThermHex offrent une qualit\u00e9 de surface exceptionnelle dans les composants en sandwich, m\u00eame avec des couches de mat\u00e9riaux tr\u00e8s minces.<\/p>\n<p>Le mat\u00e9riau ThermHex se pr\u00e9sente sous forme de plaques d\u2019une largeur standard de 1200 mm. La longueur standard des panneaux est de 2 500 mm, mais des panneaux plus longs sont disponibles sur demande. <\/p>\n<p>Consultez \u00e9galement notre <strong><a href=\"https:\/\/thermhex.com\/fr\/brochures-et-fiches-dinformation\/\">brochure<\/a><\/strong>.<\/p>\n<p>Vous trouverez d\u2019autres impressions dans les deux vid\u00e9os ci-dessous.<\/p>\n<\/div>    <\/div>\n<\/div>\n<!-- \/module text -->        <\/div>\n                        <\/div>\n        <\/div>\n                        <div  data-lazy=\"1\" class=\"module_row themify_builder_row tb_juxa534 tf_w\">\n                        <div class=\"row_inner col_align_top gutter-narrow tb_col_count_2 tf_box tf_rel\">\n                        <div  data-lazy=\"1\" class=\"module_column tb-column col4-2 tb_m4id534 first\">\n                    <!-- module video -->\n<div  class=\"module module-video tb_kemb394 video-top  \" data-lazy=\"1\">\n                    <div class=\"video-wrap-outer\">\n            <div class=\"video-wrap tf_rel tf_overflow\">\n                                    <noscript><iframe data-no-script src=\"https:\/\/www.youtube.com\/embed\/jiYr3PDpsuc?pip=1&#038;playsinline=1\" allow=\"accelerometer;encrypted-media;gyroscope;picture-in-picture;fullscreen\" class=\"tf_abs tf_w tf_h\"><\/iframe><\/noscript>\n                                <\/div>\n            <!-- \/video-wrap -->\n        <\/div>\n        <!-- \/video-wrap-outer -->\n            <\/div>\n        <\/div>\n                    <div  data-lazy=\"1\" class=\"module_column tb-column col4-2 tb_zfci534 last\">\n                    <!-- module video -->\n<div  class=\"module module-video tb_gndp516 video-top  \" data-lazy=\"1\">\n                    <div class=\"video-wrap-outer\">\n            <div class=\"video-wrap tf_rel tf_overflow\">\n                                    <noscript><iframe data-no-script src=\"https:\/\/www.youtube.com\/embed\/pDjfkh6fOr8?pip=1&#038;playsinline=1\" allow=\"accelerometer;encrypted-media;gyroscope;picture-in-picture;fullscreen\" class=\"tf_abs tf_w tf_h\"><\/iframe><\/noscript>\n                                <\/div>\n            <!-- \/video-wrap -->\n        <\/div>\n        <!-- \/video-wrap-outer -->\n            <\/div>\n        <\/div>\n                        <\/div>\n        <\/div>\n        <\/div>\n<!--\/themify_builder_content-->","protected":false},"excerpt":{"rendered":"<p>Noyaux en nid d\u2019abeille en polypropyl\u00e8ne Les noyaux en nid d\u2019abeille en polypropyl\u00e8ne (PP) sont un mat\u00e9riau l\u00e9ger, solide mais flexible, qui offre des performances m\u00e9caniques optimales dans les structures sandwiches composites. ThermHex Waben GmbH produit une large gamme de noyaux de haute qualit\u00e9, durables et \u00e9conomiques avec une densit\u00e9 standard de 80 kilogrammes par [&hellip;]<\/p>\n","protected":false},"author":1,"featured_media":0,"parent":0,"menu_order":0,"comment_status":"closed","ping_status":"closed","template":"","meta":{"footnotes":""},"class_list":["post-8031","page","type-page","status-publish","hentry","has-post-title","has-post-date","has-post-category","has-post-tag","has-post-comment","has-post-author",""],"builder_content":"<h1 data-fontsize=\"30\" data-lineheight=\"37.5px\">Noyaux en nid d\u2019abeille en polypropyl\u00e8ne<\/h1>\n<p>Les noyaux en nid d\u2019abeille en polypropyl\u00e8ne (PP) sont un mat\u00e9riau l\u00e9ger, solide mais flexible, qui offre des performances m\u00e9caniques optimales dans les structures sandwiches composites.<\/p> <p>ThermHex Waben GmbH produit une large gamme de noyaux de haute qualit\u00e9, durables et \u00e9conomiques avec une densit\u00e9 standard de 80 kilogrammes par m\u00e8tre cube (5.0 Lbs \/ ft\u00b3). Pour les applications moins exigeantes en termes de r\u00e9sistance \u00e0 la compression, ThermHex propose un noyau plus l\u00e9ger d\u2019une densit\u00e9 de 60 kilogrammes par m\u00e8tre cube (4.0 Lbs \/ ft\u00b3). <\/p> <p>Les noyaux alv\u00e9olaires ThermHex sont disponibles dans des \u00e9paisseurs allant de 3 mm \u00e0 28 mm avec des tailles de cellules allant de 3 mm \u00e0 9,6 mm. Les \u00e9paisseurs standard sont de 3,5, 6, 10, 12, 15, 20, 23 et 28 mm. <\/p> <p>Les noyaux en nid d\u2019abeille ThermHex PP sont produits dans le cadre d\u2019un processus de production continu en ligne par extrusion d\u2019un film de polypropyl\u00e8ne, formage sous vide et pliage, et comprennent \u00e9galement le laminage de couches non tiss\u00e9es et de films barri\u00e8res sur le noyau.<\/p> <p>La taille optimis\u00e9e des cellules et la structure sp\u00e9cifique des noyaux en nid d\u2019abeille ThermHex offrent une qualit\u00e9 de surface exceptionnelle dans les composants en sandwich, m\u00eame avec des couches de mat\u00e9riaux tr\u00e8s minces.<\/p> <p>Le mat\u00e9riau ThermHex se pr\u00e9sente sous forme de plaques d\u2019une largeur standard de 1200 mm. La longueur standard des panneaux est de 2 500 mm, mais des panneaux plus longs sont disponibles sur demande. <\/p> <p>Consultez \u00e9galement notre <strong><a href=\"https:\/\/thermhex.com\/fr\/brochures-et-fiches-dinformation\/\">brochure<\/a><\/strong>.<\/p> <p>Vous trouverez d\u2019autres impressions dans les deux vid\u00e9os ci-dessous.<\/p>\n[embed]https:\/\/www.youtube.com\/embed\/jiYr3PDpsuc[\/embed]\n[embed]https:\/\/www.youtube.com\/watch?v=pDjfkh6fOr8[\/embed]","_links":{"self":[{"href":"https:\/\/thermhex.com\/fr\/wp-json\/wp\/v2\/pages\/8031","targetHints":{"allow":["GET"]}}],"collection":[{"href":"https:\/\/thermhex.com\/fr\/wp-json\/wp\/v2\/pages"}],"about":[{"href":"https:\/\/thermhex.com\/fr\/wp-json\/wp\/v2\/types\/page"}],"author":[{"embeddable":true,"href":"https:\/\/thermhex.com\/fr\/wp-json\/wp\/v2\/users\/1"}],"replies":[{"embeddable":true,"href":"https:\/\/thermhex.com\/fr\/wp-json\/wp\/v2\/comments?post=8031"}],"version-history":[{"count":8,"href":"https:\/\/thermhex.com\/fr\/wp-json\/wp\/v2\/pages\/8031\/revisions"}],"predecessor-version":[{"id":9748,"href":"https:\/\/thermhex.com\/fr\/wp-json\/wp\/v2\/pages\/8031\/revisions\/9748"}],"wp:attachment":[{"href":"https:\/\/thermhex.com\/fr\/wp-json\/wp\/v2\/media?parent=8031"}],"curies":[{"name":"wp","href":"https:\/\/api.w.org\/{rel}","templated":true}]}}